{"id":1115,"date":"2025-04-17T23:17:14","date_gmt":"2025-04-17T21:17:14","guid":{"rendered":"https:\/\/www.regionalis.shop\/traumtaschen\/product\/geldtasche-mit-handy-quer-3fach\/"},"modified":"2025-04-17T23:17:14","modified_gmt":"2025-04-17T21:17:14","slug":"geldtasche-mit-handy-quer-3fach","status":"publish","type":"product","link":"https:\/\/www.regionalis.shop\/traumtaschen\/shop\/geldtasche-mit-handy-quer-3fach\/","title":{"rendered":"Geldtasche mit Handy quer 3Fach"},"content":{"rendered":"<p>_WIRD JEWEILS ANGEFERTIGT<br \/>\n_<br \/>\nHandytasche im Querformat mit 2 F\u00e4chern.<br \/>\nDazu gibt es ein Fach mit Rei\u00dfverschlu\u00df, welches f\u00fcr Geld, Ticket und<br \/>\nwichtige Kleinigkeiten gut ist.<br \/>\n Dazu kommt noch ein Schl\u00fcsselring, f\u00fcr Schl\u00fcssel oder zum befestigen<br \/>\nan einem Karabiner ( G\u00fcrtel oder Tasche)<br \/>\nDie praktische Handytasche hat zwei vollwertige F\u00e4cher.<br \/>\nPraktisch f\u00fcr Kopfh\u00f6rer, Visitenkarten, Ausweise, einen Geldschein usw.<br \/>\nGeschlossen wird sie mit einem farblich abgestimmten, stoffbezogenen Knopf und einer  Gummikordel.<\/p>\n<p>Verschlu\u00df auf Wunsch mit Magnet m\u00f6glich.<\/p>\n<p>auch f\u00fcr gr\u00f6\u00dfere Ger\u00e4te &#8211; Ipad, e-Reader oder Tablet zu haben. Preis bitte vorher anfragen .<\/p>\n<p>F\u00fcr die unterschiedlichen Ger\u00e4te bitte beim Kauf unbedingt die Gr\u00f6\u00dfe (und\/oder die genaue Bezeichnung) des Ger\u00e4tes angeben &#8211; unser Liebling will sich ja sicher darin f\u00fchlen.<\/p>\n","protected":false},"excerpt":{"rendered":"<p>_WIRD JEWEILS ANGEFERTIGT _ Handytasche im Querformat mit 2 F\u00e4chern. Dazu gibt es ein Fach mit Rei\u00dfverschlu\u00df, welches f\u00fcr Geld, Ticket und wichtige Kleinigkeiten gut ist. Dazu kommt noch ein Schl\u00fcsselring, f\u00fcr Schl\u00fcssel oder zum befestigen an einem Karabiner ( G\u00fcrtel oder Tasche) Die praktische Handytasche hat zwei vollwertige F\u00e4cher. Praktisch f\u00fcr Kopfh\u00f6rer, Visitenkarten, Ausweise, &hellip; <a href=\"https:\/\/www.regionalis.shop\/traumtaschen\/shop\/geldtasche-mit-handy-quer-3fach\/\">Continued<\/a><\/p>\n","protected":false},"featured_media":1116,"template":"","meta":{"_acf_changed":false},"product_brand":[],"product_cat":[133,95],"product_tag":[],"class_list":{"0":"post-1115","1":"product","2":"type-product","3":"status-publish","4":"has-post-thumbnail","6":"product_cat-geldboersen-kartenhalter","7":"product_cat-taschen","9":"first","10":"instock","11":"purchasable","12":"product-type-simple"},"acf":[],"_links":{"self":[{"href":"https:\/\/www.regionalis.shop\/traumtaschen\/wp-json\/wp\/v2\/product\/1115","targetHints":{"allow":["GET"]}}],"collection":[{"href":"https:\/\/www.regionalis.shop\/traumtaschen\/wp-json\/wp\/v2\/product"}],"about":[{"href":"https:\/\/www.regionalis.shop\/traumtaschen\/wp-json\/wp\/v2\/types\/product"}],"wp:featuredmedia":[{"embeddable":true,"href":"https:\/\/www.regionalis.shop\/traumtaschen\/wp-json\/wp\/v2\/media\/1116"}],"wp:attachment":[{"href":"https:\/\/www.regionalis.shop\/traumtaschen\/wp-json\/wp\/v2\/media?parent=1115"}],"wp:term":[{"taxonomy":"product_brand","embeddable":true,"href":"https:\/\/www.regionalis.shop\/traumtaschen\/wp-json\/wp\/v2\/product_brand?post=1115"},{"taxonomy":"product_cat","embeddable":true,"href":"https:\/\/www.regionalis.shop\/traumtaschen\/wp-json\/wp\/v2\/product_cat?post=1115"},{"taxonomy":"product_tag","embeddable":true,"href":"https:\/\/www.regionalis.shop\/traumtaschen\/wp-json\/wp\/v2\/product_tag?post=1115"}],"curies":[{"name":"wp","href":"https:\/\/api.w.org\/{rel}","templated":true}]}}