{"id":1056,"date":"2025-04-18T02:37:59","date_gmt":"2025-04-18T00:37:59","guid":{"rendered":"https:\/\/www.regionalis.shop\/true-flawsome\/product\/zero-waste-taschentuchtasche-aus-veganem-leder\/"},"modified":"2025-04-18T02:37:59","modified_gmt":"2025-04-18T00:37:59","slug":"zero-waste-taschentuchtasche-aus-veganem-leder","status":"publish","type":"product","link":"https:\/\/www.regionalis.shop\/true-flawsome\/shop\/zero-waste-taschentuchtasche-aus-veganem-leder\/","title":{"rendered":"Zero Waste Taschentuchtasche aus veganem Leder"},"content":{"rendered":"<p>Bist du auf der Suche nach einer plastikfreien Verpackung f\u00fcr deine Taschent\u00fccher?<br \/>\nDann bist du hier genau richtig!<\/p>\n<p>Die Taschentuchtasche besteht aus Snappap, einer veganen Alternative zu Leder bzw. ist es auch als waschbares Papier bekannt.<\/p>\n<p>Gr\u00f6\u00dfe: ca. 12,5 x 6,5 cm<br \/>\nMaterial: Snappap (Veganes Leder, waschbares Papier)<\/p>\n<p>Du kannst z. B. Taschentuchboxen aus recyceltem Papier kaufen und jedes Taschentuch einzeln zusammenfalten und in deine Taschentuchtasche geben oder nat\u00fcrlich kannst du in Unverpacktl\u00e4den deine Taschent\u00fccher lose kaufen, wenn du die M\u00f6glichkeit dazu hast! Es gibt aber auch gefaltete Taschent\u00fccher aus Bambus in plastikfreier Verpackung zu kaufen &#8211; z. B. die von Smooth Panda. Wenn du komplett auf M\u00fcll verzichten m\u00f6chtest, kannst du selbstverst\u00e4ndlich gleich ein Stofftaschentuch verwenden und z. B. zur Aufbewahrung in deine Taschentuchtasche geben. \ud83d\ude42<\/p>\n<p>Da ich meinen Lagerbestand so gering wie m\u00f6glich halte, produziere ich die Produkte teilweise erst bei Bestellung.<\/p>\n<p>Hinweis: Ich unterliege der Kleinunternehmerregelung und bin daher unecht steuerbefreit.<\/p>\n","protected":false},"excerpt":{"rendered":"<p>Bist du auf der Suche nach einer plastikfreien Verpackung f\u00fcr deine Taschent\u00fccher? Dann bist du hier genau richtig! Die Taschentuchtasche besteht aus Snappap, einer veganen Alternative zu Leder bzw. ist es auch als waschbares Papier bekannt. Gr\u00f6\u00dfe: ca. 12,5 x 6,5 cm Material: Snappap (Veganes Leder, waschbares Papier) Du kannst z. B. Taschentuchboxen aus recyceltem &hellip; <a href=\"https:\/\/www.regionalis.shop\/true-flawsome\/shop\/zero-waste-taschentuchtasche-aus-veganem-leder\/\">Continued<\/a><\/p>\n","protected":false},"featured_media":1057,"template":"","meta":{"_acf_changed":false},"product_brand":[],"product_cat":[37,82],"product_tag":[],"class_list":{"0":"post-1056","1":"product","2":"type-product","3":"status-publish","4":"has-post-thumbnail","6":"product_cat-accessoires","7":"product_cat-sonstiges-accessoires","9":"first","10":"instock","11":"purchasable","12":"product-type-simple"},"acf":[],"_links":{"self":[{"href":"https:\/\/www.regionalis.shop\/true-flawsome\/wp-json\/wp\/v2\/product\/1056","targetHints":{"allow":["GET"]}}],"collection":[{"href":"https:\/\/www.regionalis.shop\/true-flawsome\/wp-json\/wp\/v2\/product"}],"about":[{"href":"https:\/\/www.regionalis.shop\/true-flawsome\/wp-json\/wp\/v2\/types\/product"}],"wp:featuredmedia":[{"embeddable":true,"href":"https:\/\/www.regionalis.shop\/true-flawsome\/wp-json\/wp\/v2\/media\/1057"}],"wp:attachment":[{"href":"https:\/\/www.regionalis.shop\/true-flawsome\/wp-json\/wp\/v2\/media?parent=1056"}],"wp:term":[{"taxonomy":"product_brand","embeddable":true,"href":"https:\/\/www.regionalis.shop\/true-flawsome\/wp-json\/wp\/v2\/product_brand?post=1056"},{"taxonomy":"product_cat","embeddable":true,"href":"https:\/\/www.regionalis.shop\/true-flawsome\/wp-json\/wp\/v2\/product_cat?post=1056"},{"taxonomy":"product_tag","embeddable":true,"href":"https:\/\/www.regionalis.shop\/true-flawsome\/wp-json\/wp\/v2\/product_tag?post=1056"}],"curies":[{"name":"wp","href":"https:\/\/api.w.org\/{rel}","templated":true}]}}