{"id":1074,"date":"2025-04-18T02:34:14","date_gmt":"2025-04-18T00:34:14","guid":{"rendered":"https:\/\/www.regionalis.shop\/true-flawsome\/product\/bio-bienenwachstuch-xlarge\/"},"modified":"2025-04-18T02:34:14","modified_gmt":"2025-04-18T00:34:14","slug":"bio-bienenwachstuch-xlarge","status":"publish","type":"product","link":"https:\/\/www.regionalis.shop\/true-flawsome\/shop\/bio-bienenwachstuch-xlarge\/","title":{"rendered":"BIO BIENENWACHSTUCH #XLARGE"},"content":{"rendered":"<p>Du hast genug vom Plastikwahn? Ich auch!<\/p>\n<p>Meine Bienenwachst\u00fccher werden in liebevoller Handarbeit von mir im L\u00e4ndle (Vorarlberg, \u00d6sterreich) gefertigt, um dir eine M\u00f6glichkeit zu bieten, Plastik- oder Alufolie in deinem ganz normalen Alltag einzusparen.<\/p>\n<p>Das Bienenwachstuch wird mit 100% Bio Baumwolle, Bio zertifiziertem Bienenwachs aus Nieder\u00f6sterreich und Baumharz, ebenfalls aus Nieder\u00f6sterreich gefertigt.<\/p>\n<p>Gr\u00f6\u00dfe: #xlarge \u2013 ca. 52 x 36 cm<br \/>\nAnwendung:<br \/>\nDu kannst das Bio Bienenwachstuch #xlarge dazu verwenden, Lebensmittel wie Brote, gr\u00f6\u00dferes Obst und Gem\u00fcse, Salate oder Reste einzupacken bzw. frischzuhalten. Und das ganz nat\u00fcrlich, ohne giftigen Schnickschnack. Rohes Fleisch, Fisch oder hei\u00dfe Speisen sind nicht geeignet!<\/p>\n<p>Verpackung:<br \/>\nDie Banderole besteht zu 40% aus Graspapier aus Brachfl\u00e4chen in Deutschland und auf Wunsch kannst du dein Bienenwachstuch nat\u00fcrlich auch \u201cnackt\u201d kaufen<\/p>\n","protected":false},"excerpt":{"rendered":"<p>Du hast genug vom Plastikwahn? Ich auch! Meine Bienenwachst\u00fccher werden in liebevoller Handarbeit von mir im L\u00e4ndle (Vorarlberg, \u00d6sterreich) gefertigt, um dir eine M\u00f6glichkeit zu bieten, Plastik- oder Alufolie in deinem ganz normalen Alltag einzusparen. Das Bienenwachstuch wird mit 100% Bio Baumwolle, Bio zertifiziertem Bienenwachs aus Nieder\u00f6sterreich und Baumharz, ebenfalls aus Nieder\u00f6sterreich gefertigt. Gr\u00f6\u00dfe: #xlarge &hellip; <a href=\"https:\/\/www.regionalis.shop\/true-flawsome\/shop\/bio-bienenwachstuch-xlarge\/\">Continued<\/a><\/p>\n","protected":false},"featured_media":1075,"template":"","meta":{"_acf_changed":false},"product_brand":[],"product_cat":[162,83],"product_tag":[],"class_list":{"0":"post-1074","1":"product","2":"type-product","3":"status-publish","4":"has-post-thumbnail","6":"product_cat-null","7":"product_cat-sonstiges","9":"first","10":"instock","11":"purchasable","12":"product-type-simple"},"acf":[],"_links":{"self":[{"href":"https:\/\/www.regionalis.shop\/true-flawsome\/wp-json\/wp\/v2\/product\/1074","targetHints":{"allow":["GET"]}}],"collection":[{"href":"https:\/\/www.regionalis.shop\/true-flawsome\/wp-json\/wp\/v2\/product"}],"about":[{"href":"https:\/\/www.regionalis.shop\/true-flawsome\/wp-json\/wp\/v2\/types\/product"}],"wp:featuredmedia":[{"embeddable":true,"href":"https:\/\/www.regionalis.shop\/true-flawsome\/wp-json\/wp\/v2\/media\/1075"}],"wp:attachment":[{"href":"https:\/\/www.regionalis.shop\/true-flawsome\/wp-json\/wp\/v2\/media?parent=1074"}],"wp:term":[{"taxonomy":"product_brand","embeddable":true,"href":"https:\/\/www.regionalis.shop\/true-flawsome\/wp-json\/wp\/v2\/product_brand?post=1074"},{"taxonomy":"product_cat","embeddable":true,"href":"https:\/\/www.regionalis.shop\/true-flawsome\/wp-json\/wp\/v2\/product_cat?post=1074"},{"taxonomy":"product_tag","embeddable":true,"href":"https:\/\/www.regionalis.shop\/true-flawsome\/wp-json\/wp\/v2\/product_tag?post=1074"}],"curies":[{"name":"wp","href":"https:\/\/api.w.org\/{rel}","templated":true}]}}