{"id":1077,"date":"2025-04-18T02:34:14","date_gmt":"2025-04-18T00:34:14","guid":{"rendered":"https:\/\/www.regionalis.shop\/true-flawsome\/product\/bio-hanf-lavendelkissen-2er-set-kurkuma\/"},"modified":"2025-04-18T02:34:14","modified_gmt":"2025-04-18T00:34:14","slug":"bio-hanf-lavendelkissen-2er-set-kurkuma","status":"publish","type":"product","link":"https:\/\/www.regionalis.shop\/true-flawsome\/shop\/bio-hanf-lavendelkissen-2er-set-kurkuma\/","title":{"rendered":"BIO HANF LAVENDELKISSEN 2ER SET &#8211; KURKUMA"},"content":{"rendered":"<p>Meine Bio Hanf Lavendelkissen werden in liebevoller Handarbeit von mir im L\u00e4ndle (Vorarlberg, \u00d6sterreich) gefertigt, um dich gl\u00fccklich zu machen. Du kannst sie in deinem Kleiderschrank verstauen, um deine W\u00e4sche aufzufrischen, unter dein Kopfkissen legen, um dich zu entspannen oder besser einzuschlafen.<\/p>\n<p>Selbst wenn dir Motten zur Qual werden, k\u00f6nnen dir meine Lavendelkissen Abhilfe schaffen, Lavendel m\u00f6gen die Biester n\u00e4mlich garnicht!<\/p>\n<p>Die Bio Hanf Lavendelkissen werden aus 100% Bio Hanf mit einer F\u00fcllung aus 100% Bio Lavendel von Sonnentor gefertigt. Der Hanf-Stoff wurde selbst mit Kurkuma gef\u00e4rbt. <\/p>\n<p>Gr\u00f6\u00dfe: ca. 9 x 9 cm<\/p>\n<p>Hinweis: Ich unterliege der Kleinunternehmerregelung und bin daher unecht steuerbefreit.<\/p>\n","protected":false},"excerpt":{"rendered":"<p>Meine Bio Hanf Lavendelkissen werden in liebevoller Handarbeit von mir im L\u00e4ndle (Vorarlberg, \u00d6sterreich) gefertigt, um dich gl\u00fccklich zu machen. Du kannst sie in deinem Kleiderschrank verstauen, um deine W\u00e4sche aufzufrischen, unter dein Kopfkissen legen, um dich zu entspannen oder besser einzuschlafen. Selbst wenn dir Motten zur Qual werden, k\u00f6nnen dir meine Lavendelkissen Abhilfe schaffen, &hellip; <a href=\"https:\/\/www.regionalis.shop\/true-flawsome\/shop\/bio-hanf-lavendelkissen-2er-set-kurkuma\/\">Continued<\/a><\/p>\n","protected":false},"featured_media":1078,"template":"","meta":{"_acf_changed":false},"product_brand":[],"product_cat":[37,82],"product_tag":[],"class_list":{"0":"post-1077","1":"product","2":"type-product","3":"status-publish","4":"has-post-thumbnail","6":"product_cat-accessoires","7":"product_cat-sonstiges-accessoires","9":"first","10":"instock","11":"purchasable","12":"product-type-simple"},"acf":[],"_links":{"self":[{"href":"https:\/\/www.regionalis.shop\/true-flawsome\/wp-json\/wp\/v2\/product\/1077","targetHints":{"allow":["GET"]}}],"collection":[{"href":"https:\/\/www.regionalis.shop\/true-flawsome\/wp-json\/wp\/v2\/product"}],"about":[{"href":"https:\/\/www.regionalis.shop\/true-flawsome\/wp-json\/wp\/v2\/types\/product"}],"wp:featuredmedia":[{"embeddable":true,"href":"https:\/\/www.regionalis.shop\/true-flawsome\/wp-json\/wp\/v2\/media\/1078"}],"wp:attachment":[{"href":"https:\/\/www.regionalis.shop\/true-flawsome\/wp-json\/wp\/v2\/media?parent=1077"}],"wp:term":[{"taxonomy":"product_brand","embeddable":true,"href":"https:\/\/www.regionalis.shop\/true-flawsome\/wp-json\/wp\/v2\/product_brand?post=1077"},{"taxonomy":"product_cat","embeddable":true,"href":"https:\/\/www.regionalis.shop\/true-flawsome\/wp-json\/wp\/v2\/product_cat?post=1077"},{"taxonomy":"product_tag","embeddable":true,"href":"https:\/\/www.regionalis.shop\/true-flawsome\/wp-json\/wp\/v2\/product_tag?post=1077"}],"curies":[{"name":"wp","href":"https:\/\/api.w.org\/{rel}","templated":true}]}}