{"id":1080,"date":"2025-04-18T02:34:14","date_gmt":"2025-04-18T00:34:14","guid":{"rendered":"https:\/\/www.regionalis.shop\/true-flawsome\/product\/baby-bio-dinkelkernkissen\/"},"modified":"2025-04-18T02:34:14","modified_gmt":"2025-04-18T00:34:14","slug":"baby-bio-dinkelkernkissen","status":"publish","type":"product","link":"https:\/\/www.regionalis.shop\/true-flawsome\/shop\/baby-bio-dinkelkernkissen\/","title":{"rendered":"BABY BIO DINKELKERNKISSEN"},"content":{"rendered":"<p>Das Baby Bio Dinkelkernkissen wird in liebevoller Handarbeit von mir im L\u00e4ndle (Vorarlberg, \u00d6sterreich) gefertigt. Es ist ideal als nat\u00fcrliches W\u00e4rme- oder K\u00e4ltekissen f\u00fcr dein Baby, wenns mal dr\u00fcckt und weh tut.<\/p>\n<p>Gr\u00f6\u00dfe: ca. 15 x 13 cm<\/p>\n<p>Anwendung:<br \/>\nDas Kissen f\u00fcr maximal 50 Sekunden in der Mikrowelle bei max. 600 Watt oder f\u00fcr 3-5 Minuten bei max. 100 \u00b0C im Backofen erw\u00e4rmen. Zur Behandlung von Bauchschmerzen ist das Kissen hervorragend geeignet, weil die Dinkelkerne die W\u00e4rme speichern. Zur K\u00e4lteanwendung kann das Dinkelkernkissen einige Minuten im Gefrierschrank gek\u00fchlt und anschlie\u00dfend als kalte Kompresse verwendet werden.<\/p>\n<p>ACHTUNG: Du solltest dein Dinkelkernkissen niemals unbeaufsichtigt erw\u00e4rmen, da es im schlimmsten Fall nicht nur zu Verbrennungen f\u00fchrt, sogar Feuer fangen kann! Am besten w\u00e4rmst du dein Dinkelkissen in Etappen auf und kontrollierst die Temperatur immer wieder.<\/p>\n<p>Hinweis: Ich unterliege der Kleinunternehmerregelung und bin daher unecht steuerbefreit.<\/p>\n","protected":false},"excerpt":{"rendered":"<p>Das Baby Bio Dinkelkernkissen wird in liebevoller Handarbeit von mir im L\u00e4ndle (Vorarlberg, \u00d6sterreich) gefertigt. Es ist ideal als nat\u00fcrliches W\u00e4rme- oder K\u00e4ltekissen f\u00fcr dein Baby, wenns mal dr\u00fcckt und weh tut. Gr\u00f6\u00dfe: ca. 15 x 13 cm Anwendung: Das Kissen f\u00fcr maximal 50 Sekunden in der Mikrowelle bei max. 600 Watt oder f\u00fcr 3-5 &hellip; <a href=\"https:\/\/www.regionalis.shop\/true-flawsome\/shop\/baby-bio-dinkelkernkissen\/\">Continued<\/a><\/p>\n","protected":false},"featured_media":1081,"template":"","meta":{"_acf_changed":false},"product_brand":[],"product_cat":[38,80],"product_tag":[],"class_list":{"0":"post-1080","1":"product","2":"type-product","3":"status-publish","4":"has-post-thumbnail","6":"product_cat-baby-kinder","7":"product_cat-sonstiges-baby-kinder","9":"first","10":"instock","11":"purchasable","12":"product-type-simple"},"acf":[],"_links":{"self":[{"href":"https:\/\/www.regionalis.shop\/true-flawsome\/wp-json\/wp\/v2\/product\/1080","targetHints":{"allow":["GET"]}}],"collection":[{"href":"https:\/\/www.regionalis.shop\/true-flawsome\/wp-json\/wp\/v2\/product"}],"about":[{"href":"https:\/\/www.regionalis.shop\/true-flawsome\/wp-json\/wp\/v2\/types\/product"}],"wp:featuredmedia":[{"embeddable":true,"href":"https:\/\/www.regionalis.shop\/true-flawsome\/wp-json\/wp\/v2\/media\/1081"}],"wp:attachment":[{"href":"https:\/\/www.regionalis.shop\/true-flawsome\/wp-json\/wp\/v2\/media?parent=1080"}],"wp:term":[{"taxonomy":"product_brand","embeddable":true,"href":"https:\/\/www.regionalis.shop\/true-flawsome\/wp-json\/wp\/v2\/product_brand?post=1080"},{"taxonomy":"product_cat","embeddable":true,"href":"https:\/\/www.regionalis.shop\/true-flawsome\/wp-json\/wp\/v2\/product_cat?post=1080"},{"taxonomy":"product_tag","embeddable":true,"href":"https:\/\/www.regionalis.shop\/true-flawsome\/wp-json\/wp\/v2\/product_tag?post=1080"}],"curies":[{"name":"wp","href":"https:\/\/api.w.org\/{rel}","templated":true}]}}