{"id":1042,"date":"2025-10-23T16:14:07","date_gmt":"2025-10-23T14:14:07","guid":{"rendered":"https:\/\/www.regionalis.shop\/urban-prey\/?page_id=1042"},"modified":"2025-12-02T11:27:59","modified_gmt":"2025-12-02T10:27:59","slug":"impressum","status":"publish","type":"page","link":"https:\/\/www.regionalis.shop\/urban-prey\/impressum\/","title":{"rendered":"Impressum"},"content":{"rendered":"\n<details class=\"wp-block-details is-layout-flow wp-block-details-is-layout-flow\"><summary> +++ Wir versenden binnen 1-2 Tagen nach Zahlungseingang, auch gleich gerne an die\/den Beschenkten (inkl. kostenfreier Geschenkverpackung!) +++<br>Solltest du mehr von einem Artikel bestellen wollen, dann sende uns eine Nachricht. Bei den meisten Artikeln k\u00f6nnen wir die Verf\u00fcgbarkeit erh\u00f6hen.<br><br>Urban Prey stellen Notizb\u00fccher, Gru\u00dfkarten, Geschirrt\u00fccher, Einkaufsbeutel, und vieles mehr her. Unsere Spiralnotizb\u00fccher werden von Hand gebunden, Geschirrt\u00fccher und Beutel per Handsiebdruck bedruckt.<\/summary>\n<p><\/p>\n<\/details>\n\n\n\n<p><\/p>\n","protected":false},"excerpt":{"rendered":"","protected":false},"author":1,"featured_media":0,"parent":0,"menu_order":0,"comment_status":"closed","ping_status":"closed","template":"","meta":{"_acf_changed":false,"footnotes":""},"class_list":["post-1042","page","type-page","status-publish","hentry"],"acf":[],"_links":{"self":[{"href":"https:\/\/www.regionalis.shop\/urban-prey\/wp-json\/wp\/v2\/pages\/1042","targetHints":{"allow":["GET"]}}],"collection":[{"href":"https:\/\/www.regionalis.shop\/urban-prey\/wp-json\/wp\/v2\/pages"}],"about":[{"href":"https:\/\/www.regionalis.shop\/urban-prey\/wp-json\/wp\/v2\/types\/page"}],"author":[{"embeddable":true,"href":"https:\/\/www.regionalis.shop\/urban-prey\/wp-json\/wp\/v2\/users\/1"}],"replies":[{"embeddable":true,"href":"https:\/\/www.regionalis.shop\/urban-prey\/wp-json\/wp\/v2\/comments?post=1042"}],"version-history":[{"count":4,"href":"https:\/\/www.regionalis.shop\/urban-prey\/wp-json\/wp\/v2\/pages\/1042\/revisions"}],"predecessor-version":[{"id":1374,"href":"https:\/\/www.regionalis.shop\/urban-prey\/wp-json\/wp\/v2\/pages\/1042\/revisions\/1374"}],"wp:attachment":[{"href":"https:\/\/www.regionalis.shop\/urban-prey\/wp-json\/wp\/v2\/media?parent=1042"}],"curies":[{"name":"wp","href":"https:\/\/api.w.org\/{rel}","templated":true}]}}