{"id":862,"date":"2025-05-24T13:44:06","date_gmt":"2025-05-24T11:44:06","guid":{"rendered":"https:\/\/starter.stage.shop-it.at\/?page_id=862"},"modified":"2025-10-23T15:21:37","modified_gmt":"2025-10-23T13:21:37","slug":"startseite","status":"publish","type":"page","link":"https:\/\/www.regionalis.shop\/urban-prey\/","title":{"rendered":"Startseite"},"content":{"rendered":"<section>\n        <div class=\"header-image\">\n            <img decoding=\"async\" src=\"https:\/\/www.regionalis.shop\/app\/uploads\/sites\/616\/684_2019_11_18_18_10_15_760960006.jpg\" alt=\"\">\n        <\/div>\n    \n    <\/section>\n    <section>\n    <div class=\"header-title\">\n        <h1 class=\"h2\">Willkommen bei Urban Prey<\/h1>\n    <\/div>\n            <h2 class=\"h3\">Handgemacht in Wien<\/h2>\n                <p>&#8211;Wir versenden binnen 1-2 Tagen nach Zahlungseingang, auch gleich gerne an die\/den Beschenkten (inkl. kostenfreier Geschenkverpackung!)&#8211;<br \/>\nSolltest du mehr von einem Artikel bestellen wollen, dann sende uns eine Nachricht. Bei den meisten Artikeln k\u00f6nnen wir die Verf\u00fcgbarkeit erh\u00f6hen.<\/p>\n<p>Urban Prey stellen Notizb\u00fccher, Gru\u00dfkarten, Geschirrt\u00fccher, Einkaufsbeutel, und vieles mehr her. Unsere Spiralnotizb\u00fccher werden von Hand gebunden, Geschirrt\u00fccher und Beutel per Handsiebdruck bedruckt.<\/p>\n\n    \n    <h3>Produkte<\/h3>\n\n    <div class=\"woocommerce columns-3 \"><ul class=\"products columns-3\">\n<li class=\"product type-product post-1074 status-publish first instock product_cat-papeterie-schreibwaren product_cat-schreibwaren has-post-thumbnail purchasable product-type-simple\">\n\t<a href=\"https:\/\/www.regionalis.shop\/urban-prey\/shop\/lasergravierter-bleistift-stuff-i-have-to-do\/\" class=\"woocommerce-LoopProduct-link woocommerce-loop-product__link\"><div class=\"wc-block-grid__product-image\"><img loading=\"lazy\" decoding=\"async\" width=\"420\" height=\"420\" src=\"https:\/\/www.regionalis.shop\/app\/uploads\/sites\/616\/684_2020_05_19_20_44_22_468584470.jpg\" class=\"attachment-large size-large\" alt=\"Lasergravierter Bleistift &quot;Stuff I Have To Do&quot;\" srcset=\"https:\/\/www.regionalis.shop\/app\/uploads\/sites\/616\/684_2020_05_19_20_44_22_468584470.jpg 420w, https:\/\/www.regionalis.shop\/app\/uploads\/sites\/616\/684_2020_05_19_20_44_22_468584470-300x300.jpg 300w, https:\/\/www.regionalis.shop\/app\/uploads\/sites\/616\/684_2020_05_19_20_44_22_468584470-150x150.jpg 150w, https:\/\/www.regionalis.shop\/app\/uploads\/sites\/616\/684_2020_05_19_20_44_22_468584470-100x100.jpg 100w\" sizes=\"auto, (max-width: 420px) 100vw, 420px\" \/><\/div><h2 class=\"woocommerce-loop-product__title\">Lasergravierter Bleistift &#8222;Stuff I Have To Do&#8220;<\/h2>\n\t<span class=\"price\"><span class=\"woocommerce-Price-amount amount\"><bdi>2,00&nbsp;<span class=\"woocommerce-Price-currencySymbol\">&euro;<\/span><\/bdi><\/span><\/span>\n<\/a><\/li>\n<li class=\"product type-product post-1070 status-publish instock product_cat-papeterie-schreibwaren product_cat-schreibwaren has-post-thumbnail purchasable product-type-simple\">\n\t<a href=\"https:\/\/www.regionalis.shop\/urban-prey\/shop\/lasergravierter-bleistift-shit-i-have-to-do\/\" class=\"woocommerce-LoopProduct-link woocommerce-loop-product__link\"><div class=\"wc-block-grid__product-image\"><img loading=\"lazy\" decoding=\"async\" width=\"420\" height=\"420\" src=\"https:\/\/www.regionalis.shop\/app\/uploads\/sites\/616\/684_2020_05_19_20_43_30_241369682.jpg\" class=\"attachment-large size-large\" alt=\"Lasergravierter Bleistift &quot;Shit I Have To Do&quot;\" srcset=\"https:\/\/www.regionalis.shop\/app\/uploads\/sites\/616\/684_2020_05_19_20_43_30_241369682.jpg 420w, https:\/\/www.regionalis.shop\/app\/uploads\/sites\/616\/684_2020_05_19_20_43_30_241369682-300x300.jpg 300w, https:\/\/www.regionalis.shop\/app\/uploads\/sites\/616\/684_2020_05_19_20_43_30_241369682-150x150.jpg 150w, https:\/\/www.regionalis.shop\/app\/uploads\/sites\/616\/684_2020_05_19_20_43_30_241369682-100x100.jpg 100w\" sizes=\"auto, (max-width: 420px) 100vw, 420px\" \/><\/div><h2 class=\"woocommerce-loop-product__title\">Lasergravierter Bleistift &#8222;Shit I Have To Do&#8220;<\/h2>\n\t<span class=\"price\"><span class=\"woocommerce-Price-amount amount\"><bdi>2,00&nbsp;<span class=\"woocommerce-Price-currencySymbol\">&euro;<\/span><\/bdi><\/span><\/span>\n<\/a><\/li>\n<li class=\"product type-product post-1067 status-publish last instock product_cat-notizhefte-skizzenbuecher product_cat-papeterie-schreibwaren has-post-thumbnail purchasable product-type-simple\">\n\t<a href=\"https:\/\/www.regionalis.shop\/urban-prey\/shop\/spiralnotizbuch-the-magnificent-book-of-ideas-groesse-din-a6\/\" class=\"woocommerce-LoopProduct-link woocommerce-loop-product__link\"><div class=\"wc-block-grid__product-image\"><img loading=\"lazy\" decoding=\"async\" width=\"420\" height=\"420\" src=\"https:\/\/www.regionalis.shop\/app\/uploads\/sites\/616\/684_2019_12_09_16_59_23_127754973.jpg\" class=\"attachment-large size-large\" alt=\"Spiralnotizbuch &quot;The Magnificent Book Of Ideas&quot;, Gr\u00f6\u00dfe DIN A6\" srcset=\"https:\/\/www.regionalis.shop\/app\/uploads\/sites\/616\/684_2019_12_09_16_59_23_127754973.jpg 420w, https:\/\/www.regionalis.shop\/app\/uploads\/sites\/616\/684_2019_12_09_16_59_23_127754973-300x300.jpg 300w, https:\/\/www.regionalis.shop\/app\/uploads\/sites\/616\/684_2019_12_09_16_59_23_127754973-150x150.jpg 150w, https:\/\/www.regionalis.shop\/app\/uploads\/sites\/616\/684_2019_12_09_16_59_23_127754973-100x100.jpg 100w\" sizes=\"auto, (max-width: 420px) 100vw, 420px\" \/><\/div><h2 class=\"woocommerce-loop-product__title\">Spiralnotizbuch &#8222;The Magnificent Book Of Ideas&#8220;, Gr\u00f6\u00dfe DIN A6<\/h2>\n\t<span class=\"price\"><span class=\"woocommerce-Price-amount amount\"><bdi>9,50&nbsp;<span class=\"woocommerce-Price-currencySymbol\">&euro;<\/span><\/bdi><\/span><\/span>\n<\/a><\/li>\n<\/ul>\n<\/div>\n    <p>\n        <a href=\"https:\/\/www.regionalis.shop\/urban-prey\/shop\/\" class=\"btn btn-primary btn-icon-right\">\n            Alle Produkte <i class=\"bi bi-arrow-right-short\"><\/i>\n        <\/a>\n    <\/p>\n<\/section>\n\n<div data-block-name=\"woocommerce\/store-notices\" class=\"wc-block-store-notices woocommerce alignwide alignwide wp-block-woocommerce-store-notices\"><div class=\"woocommerce-notices-wrapper\"><\/div><\/div>","protected":false},"excerpt":{"rendered":"","protected":false},"author":1,"featured_media":0,"parent":0,"menu_order":0,"comment_status":"closed","ping_status":"closed","template":"template-home.blade.php","meta":{"_acf_changed":false,"footnotes":""},"class_list":["post-862","page","type-page","status-publish","hentry"],"acf":[],"_links":{"self":[{"href":"https:\/\/www.regionalis.shop\/urban-prey\/wp-json\/wp\/v2\/pages\/862","targetHints":{"allow":["GET"]}}],"collection":[{"href":"https:\/\/www.regionalis.shop\/urban-prey\/wp-json\/wp\/v2\/pages"}],"about":[{"href":"https:\/\/www.regionalis.shop\/urban-prey\/wp-json\/wp\/v2\/types\/page"}],"author":[{"embeddable":true,"href":"https:\/\/www.regionalis.shop\/urban-prey\/wp-json\/wp\/v2\/users\/1"}],"replies":[{"embeddable":true,"href":"https:\/\/www.regionalis.shop\/urban-prey\/wp-json\/wp\/v2\/comments?post=862"}],"version-history":[{"count":28,"href":"https:\/\/www.regionalis.shop\/urban-prey\/wp-json\/wp\/v2\/pages\/862\/revisions"}],"predecessor-version":[{"id":1041,"href":"https:\/\/www.regionalis.shop\/urban-prey\/wp-json\/wp\/v2\/pages\/862\/revisions\/1041"}],"wp:attachment":[{"href":"https:\/\/www.regionalis.shop\/urban-prey\/wp-json\/wp\/v2\/media?parent=862"}],"curies":[{"name":"wp","href":"https:\/\/api.w.org\/{rel}","templated":true}]}}