{"id":1131,"date":"2025-04-18T09:00:31","date_gmt":"2025-04-18T07:00:31","guid":{"rendered":"https:\/\/www.regionalis.shop\/urban-prey\/product\/tomate-geschirrtuch\/"},"modified":"2025-04-18T09:00:31","modified_gmt":"2025-04-18T07:00:31","slug":"tomate-geschirrtuch","status":"publish","type":"product","link":"https:\/\/www.regionalis.shop\/urban-prey\/shop\/tomate-geschirrtuch\/","title":{"rendered":"Tomate Geschirrtuch"},"content":{"rendered":"<p>&#8211;Geschirrtuch &#8222;Giant tomatoes mean bigger pizzas&#8220;&#8211;<br \/>\nSaugf\u00e4higes Geschirrtuch aus 100% Premium Baumwolle.<br \/>\nSiebdruck mit umweltfreundlicher wasserbasierender Siebdruckfarbe.<br \/>\nMa\u00dfe: ca. 47 x 75 cm.<br \/>\nMit praktischer H\u00e4ngeschlaufe.<br \/>\nMaschinenw\u00e4sche bis 40\u00b0C.<br \/>\nDie Farben bleiben auch nach oftmaligem Waschen strahlend. <\/p>\n<p>Du findest alle 7 Geschirrt\u00fccher dieser Serie (siehe letztes Foto) in unserem Shop, auch als komplettes Set zum Setpreis. <\/p>\n<p>Das ideale Geschenk &#8211; kommt bereits fertig verpackt in einer h\u00fcbschen Geschenkverpackung.<\/p>\n","protected":false},"excerpt":{"rendered":"<p>&#8211;Geschirrtuch &#8222;Giant tomatoes mean bigger pizzas&#8220;&#8211; Saugf\u00e4higes Geschirrtuch aus 100% Premium Baumwolle. Siebdruck mit umweltfreundlicher wasserbasierender Siebdruckfarbe. Ma\u00dfe: ca. 47 x 75 cm. Mit praktischer H\u00e4ngeschlaufe. Maschinenw\u00e4sche bis 40\u00b0C. Die Farben bleiben auch nach oftmaligem Waschen strahlend. Du findest alle 7 Geschirrt\u00fccher dieser Serie (siehe letztes Foto) in unserem Shop, auch als komplettes Set zum &hellip; <a href=\"https:\/\/www.regionalis.shop\/urban-prey\/shop\/tomate-geschirrtuch\/\">Continued<\/a><\/p>\n","protected":false},"featured_media":1132,"template":"","meta":{"_acf_changed":false},"product_brand":[],"product_cat":[127,103],"product_tag":[],"class_list":{"0":"post-1131","1":"product","2":"type-product","3":"status-publish","4":"has-post-thumbnail","6":"product_cat-essen-trinken","7":"product_cat-wohnen-deko","9":"first","10":"instock","11":"purchasable","12":"product-type-simple"},"acf":[],"_links":{"self":[{"href":"https:\/\/www.regionalis.shop\/urban-prey\/wp-json\/wp\/v2\/product\/1131","targetHints":{"allow":["GET"]}}],"collection":[{"href":"https:\/\/www.regionalis.shop\/urban-prey\/wp-json\/wp\/v2\/product"}],"about":[{"href":"https:\/\/www.regionalis.shop\/urban-prey\/wp-json\/wp\/v2\/types\/product"}],"wp:featuredmedia":[{"embeddable":true,"href":"https:\/\/www.regionalis.shop\/urban-prey\/wp-json\/wp\/v2\/media\/1132"}],"wp:attachment":[{"href":"https:\/\/www.regionalis.shop\/urban-prey\/wp-json\/wp\/v2\/media?parent=1131"}],"wp:term":[{"taxonomy":"product_brand","embeddable":true,"href":"https:\/\/www.regionalis.shop\/urban-prey\/wp-json\/wp\/v2\/product_brand?post=1131"},{"taxonomy":"product_cat","embeddable":true,"href":"https:\/\/www.regionalis.shop\/urban-prey\/wp-json\/wp\/v2\/product_cat?post=1131"},{"taxonomy":"product_tag","embeddable":true,"href":"https:\/\/www.regionalis.shop\/urban-prey\/wp-json\/wp\/v2\/product_tag?post=1131"}],"curies":[{"name":"wp","href":"https:\/\/api.w.org\/{rel}","templated":true}]}}