{"id":1214,"date":"2025-04-18T04:12:01","date_gmt":"2025-04-18T02:12:01","guid":{"rendered":"https:\/\/www.regionalis.shop\/urban-prey\/product\/notizbuch-my-secret-plans-of-world-domination-a6\/"},"modified":"2025-04-18T04:12:01","modified_gmt":"2025-04-18T02:12:01","slug":"notizbuch-my-secret-plans-of-world-domination-a6","status":"publish","type":"product","link":"https:\/\/www.regionalis.shop\/urban-prey\/shop\/notizbuch-my-secret-plans-of-world-domination-a6\/","title":{"rendered":"Notizbuch &#8222;My Secret Plans of World Domination&#8220;, A6"},"content":{"rendered":"<p>Kleines Notizbuch aus Recyclingpapier und -karton: &#8222;My Secret Plans of World Domination&#8220;<\/p>\n<p> Cover vorne und hinten: brauner Recyclingkarton* (300g\/m\u00b2, leicht gesprenkelt), professionell bedruckt<br \/>\n Gr\u00f6\u00dfe: DIN A6 (10,5 x 14,8 cm)<br \/>\n 48 Seiten (24 Blatt) Papier, blanko<br \/>\n Recyclingpapier (80 g\/m\u00b2), wei\u00df oder grauwei\u00df<br \/>\n Klammerheftung<br \/>\n abgerundete Ecken<\/p>\n<p>Dazu passt der Bleistift &#8222;My Secret Plans of World Domination&#8220;, ebenfalls in unserem Shop erh\u00e4ltlich.<br \/>\n(Bleistift im Lieferumfang dieses Notizbuchs nicht enthalten, bitte separat bestellen.)<br \/>\nF\u00fcr gr\u00f6\u00dfere St\u00fcckzahlen bitte eine Anfrage schicken.<\/p>\n","protected":false},"excerpt":{"rendered":"<p>Kleines Notizbuch aus Recyclingpapier und -karton: &#8222;My Secret Plans of World Domination&#8220; Cover vorne und hinten: brauner Recyclingkarton* (300g\/m\u00b2, leicht gesprenkelt), professionell bedruckt Gr\u00f6\u00dfe: DIN A6 (10,5 x 14,8 cm) 48 Seiten (24 Blatt) Papier, blanko Recyclingpapier (80 g\/m\u00b2), wei\u00df oder grauwei\u00df Klammerheftung abgerundete Ecken Dazu passt der Bleistift &#8222;My Secret Plans of World Domination&#8220;, &hellip; <a href=\"https:\/\/www.regionalis.shop\/urban-prey\/shop\/notizbuch-my-secret-plans-of-world-domination-a6\/\">Continued<\/a><\/p>\n","protected":false},"featured_media":1215,"template":"","meta":{"_acf_changed":false},"product_brand":[],"product_cat":[161,62],"product_tag":[],"class_list":{"0":"post-1214","1":"product","2":"type-product","3":"status-publish","4":"has-post-thumbnail","6":"product_cat-notizhefte-skizzenbuecher","7":"product_cat-papeterie-schreibwaren","9":"first","10":"instock","11":"purchasable","12":"product-type-simple"},"acf":[],"_links":{"self":[{"href":"https:\/\/www.regionalis.shop\/urban-prey\/wp-json\/wp\/v2\/product\/1214","targetHints":{"allow":["GET"]}}],"collection":[{"href":"https:\/\/www.regionalis.shop\/urban-prey\/wp-json\/wp\/v2\/product"}],"about":[{"href":"https:\/\/www.regionalis.shop\/urban-prey\/wp-json\/wp\/v2\/types\/product"}],"wp:featuredmedia":[{"embeddable":true,"href":"https:\/\/www.regionalis.shop\/urban-prey\/wp-json\/wp\/v2\/media\/1215"}],"wp:attachment":[{"href":"https:\/\/www.regionalis.shop\/urban-prey\/wp-json\/wp\/v2\/media?parent=1214"}],"wp:term":[{"taxonomy":"product_brand","embeddable":true,"href":"https:\/\/www.regionalis.shop\/urban-prey\/wp-json\/wp\/v2\/product_brand?post=1214"},{"taxonomy":"product_cat","embeddable":true,"href":"https:\/\/www.regionalis.shop\/urban-prey\/wp-json\/wp\/v2\/product_cat?post=1214"},{"taxonomy":"product_tag","embeddable":true,"href":"https:\/\/www.regionalis.shop\/urban-prey\/wp-json\/wp\/v2\/product_tag?post=1214"}],"curies":[{"name":"wp","href":"https:\/\/api.w.org\/{rel}","templated":true}]}}