{"id":1229,"date":"2025-04-18T00:14:19","date_gmt":"2025-04-17T22:14:19","guid":{"rendered":"https:\/\/www.regionalis.shop\/urban-prey\/product\/8-rustikale-geschenkanhaenger-poststempel\/"},"modified":"2025-04-18T00:14:19","modified_gmt":"2025-04-17T22:14:19","slug":"8-rustikale-geschenkanhaenger-poststempel","status":"publish","type":"product","link":"https:\/\/www.regionalis.shop\/urban-prey\/shop\/8-rustikale-geschenkanhaenger-poststempel\/","title":{"rendered":"8 rustikale Geschenkanh\u00e4nger Poststempel"},"content":{"rendered":"<p>8 rustikale Geschenkanh\u00e4nger mit Poststempel Motiven.<br \/>\nDu erh\u00e4ltst je 2 St\u00fcck der 4 abgebildeten Geschenksanh\u00e4nger.<br \/>\nAlle Anh\u00e4nger sind einzeln von Hand geschnitten und gelocht.<\/p>\n<p> Gr\u00f6\u00dfe: 3.2 cm x 6.2 cm<br \/>\n Schnur: Hanfschnur, ca. 13 cm<br \/>\n Italienisches Papier (300g), FSC zertifiziert, mit 25% Recyclinganteil<br \/>\n Druck auf R\u00fcckseite: &#8222;To: &#8230;.. From: &#8230;..&#8220;<\/p>\n<p>llustration copyright \u00a9 Urban Prey<\/p>\n","protected":false},"excerpt":{"rendered":"<p>8 rustikale Geschenkanh\u00e4nger mit Poststempel Motiven. Du erh\u00e4ltst je 2 St\u00fcck der 4 abgebildeten Geschenksanh\u00e4nger. Alle Anh\u00e4nger sind einzeln von Hand geschnitten und gelocht. Gr\u00f6\u00dfe: 3.2 cm x 6.2 cm Schnur: Hanfschnur, ca. 13 cm Italienisches Papier (300g), FSC zertifiziert, mit 25% Recyclinganteil Druck auf R\u00fcckseite: &#8222;To: &#8230;.. From: &#8230;..&#8220; llustration copyright \u00a9 Urban Prey<\/p>\n","protected":false},"featured_media":1230,"template":"","meta":{"_acf_changed":false},"product_brand":[],"product_cat":[173,103],"product_tag":[],"class_list":{"0":"post-1229","1":"product","2":"type-product","3":"status-publish","4":"has-post-thumbnail","6":"product_cat-weihnachten","7":"product_cat-wohnen-deko","9":"first","10":"instock","11":"purchasable","12":"product-type-simple"},"acf":[],"_links":{"self":[{"href":"https:\/\/www.regionalis.shop\/urban-prey\/wp-json\/wp\/v2\/product\/1229","targetHints":{"allow":["GET"]}}],"collection":[{"href":"https:\/\/www.regionalis.shop\/urban-prey\/wp-json\/wp\/v2\/product"}],"about":[{"href":"https:\/\/www.regionalis.shop\/urban-prey\/wp-json\/wp\/v2\/types\/product"}],"wp:featuredmedia":[{"embeddable":true,"href":"https:\/\/www.regionalis.shop\/urban-prey\/wp-json\/wp\/v2\/media\/1230"}],"wp:attachment":[{"href":"https:\/\/www.regionalis.shop\/urban-prey\/wp-json\/wp\/v2\/media?parent=1229"}],"wp:term":[{"taxonomy":"product_brand","embeddable":true,"href":"https:\/\/www.regionalis.shop\/urban-prey\/wp-json\/wp\/v2\/product_brand?post=1229"},{"taxonomy":"product_cat","embeddable":true,"href":"https:\/\/www.regionalis.shop\/urban-prey\/wp-json\/wp\/v2\/product_cat?post=1229"},{"taxonomy":"product_tag","embeddable":true,"href":"https:\/\/www.regionalis.shop\/urban-prey\/wp-json\/wp\/v2\/product_tag?post=1229"}],"curies":[{"name":"wp","href":"https:\/\/api.w.org\/{rel}","templated":true}]}}