{"id":1233,"date":"2025-04-18T00:01:10","date_gmt":"2025-04-17T22:01:10","guid":{"rendered":"https:\/\/www.regionalis.shop\/urban-prey\/product\/12-grusskarten-nach-wahl\/"},"modified":"2025-04-18T00:01:10","modified_gmt":"2025-04-17T22:01:10","slug":"12-grusskarten-nach-wahl","status":"publish","type":"product","link":"https:\/\/www.regionalis.shop\/urban-prey\/shop\/12-grusskarten-nach-wahl\/","title":{"rendered":"12 Gru\u00dfkarten nach Wahl"},"content":{"rendered":"<p>12 Klappkarten, Gr\u00f6\u00dfe: gefaltet Din A6 (10,5 x 14,8 cm)<br \/>\nInnen unbedruckt, R\u00fcckseite: kleines Logo<br \/>\n12 Kuverts aus dunklerem Recyclingpapier sind inkludiert (wei\u00dfe Karten mit wei\u00dfem Kuvert)<br \/>\nUnsere Sets von 12 Karten werden gemeinsam in einer Pergaminh\u00fclle verpackt und in einer stabilen Verpackung verschickt.<\/p>\n<p>Bitte lass uns in der Nachricht an den Verk\u00e4ufer wissen, wieviele Karten du von welchem Motiv haben m\u00f6chtest (das Foto zeigt eine \u00dcbersicht mit allen Motiven und deren Nummern).<\/p>\n<p>Alle Karten sind auch (bald) einzeln in unserem Shop erh\u00e4ltlich.<br \/>\nMehr Gru\u00dfkarten f\u00fcr alle Gelegenheiten findest du hier in unserem Shop!<br \/>\nSuche nach den g\u00fcnstigeren Sets f\u00fcr 3\/6\/12 Karten nach Wahl.<\/p>\n<p>Nicht genug Karten verf\u00fcgbar? Bitte sende uns eine Nachricht.<\/p>\n","protected":false},"excerpt":{"rendered":"<p>12 Klappkarten, Gr\u00f6\u00dfe: gefaltet Din A6 (10,5 x 14,8 cm) Innen unbedruckt, R\u00fcckseite: kleines Logo 12 Kuverts aus dunklerem Recyclingpapier sind inkludiert (wei\u00dfe Karten mit wei\u00dfem Kuvert) Unsere Sets von 12 Karten werden gemeinsam in einer Pergaminh\u00fclle verpackt und in einer stabilen Verpackung verschickt. Bitte lass uns in der Nachricht an den Verk\u00e4ufer wissen, wieviele &hellip; <a href=\"https:\/\/www.regionalis.shop\/urban-prey\/shop\/12-grusskarten-nach-wahl\/\">Continued<\/a><\/p>\n","protected":false},"featured_media":1234,"template":"","meta":{"_acf_changed":false},"product_brand":[],"product_cat":[62,101],"product_tag":[],"class_list":{"0":"post-1233","1":"product","2":"type-product","3":"status-publish","4":"has-post-thumbnail","6":"product_cat-papeterie-schreibwaren","7":"product_cat-weihnachtskarten","9":"first","10":"instock","11":"purchasable","12":"product-type-simple"},"acf":[],"_links":{"self":[{"href":"https:\/\/www.regionalis.shop\/urban-prey\/wp-json\/wp\/v2\/product\/1233","targetHints":{"allow":["GET"]}}],"collection":[{"href":"https:\/\/www.regionalis.shop\/urban-prey\/wp-json\/wp\/v2\/product"}],"about":[{"href":"https:\/\/www.regionalis.shop\/urban-prey\/wp-json\/wp\/v2\/types\/product"}],"wp:featuredmedia":[{"embeddable":true,"href":"https:\/\/www.regionalis.shop\/urban-prey\/wp-json\/wp\/v2\/media\/1234"}],"wp:attachment":[{"href":"https:\/\/www.regionalis.shop\/urban-prey\/wp-json\/wp\/v2\/media?parent=1233"}],"wp:term":[{"taxonomy":"product_brand","embeddable":true,"href":"https:\/\/www.regionalis.shop\/urban-prey\/wp-json\/wp\/v2\/product_brand?post=1233"},{"taxonomy":"product_cat","embeddable":true,"href":"https:\/\/www.regionalis.shop\/urban-prey\/wp-json\/wp\/v2\/product_cat?post=1233"},{"taxonomy":"product_tag","embeddable":true,"href":"https:\/\/www.regionalis.shop\/urban-prey\/wp-json\/wp\/v2\/product_tag?post=1233"}],"curies":[{"name":"wp","href":"https:\/\/api.w.org\/{rel}","templated":true}]}}