{"id":1249,"date":"2025-04-17T23:54:15","date_gmt":"2025-04-17T21:54:15","guid":{"rendered":"https:\/\/www.regionalis.shop\/urban-prey\/product\/geburtstagskarte-too-old-to-die-young-boshafte-grusskarte\/"},"modified":"2025-04-17T23:54:15","modified_gmt":"2025-04-17T21:54:15","slug":"geburtstagskarte-too-old-to-die-young-boshafte-grusskarte","status":"publish","type":"product","link":"https:\/\/www.regionalis.shop\/urban-prey\/shop\/geburtstagskarte-too-old-to-die-young-boshafte-grusskarte\/","title":{"rendered":"Geburtstagskarte &#8222;Too Old to Die Young&#8220;, boshafte Gru\u00dfkarte"},"content":{"rendered":"<p>Geburtstagskarte &#8222;Too Old to Die Young&#8220;<br \/>\nKlappkarte, innen unbedruckt, R\u00fcckseite: kleines Logo<br \/>\n&#8211;\/\/Mehr Gru\u00dfkarten f\u00fcr alle Gelegenheiten findest du hier in unserem Shop! Suche nach den g\u00fcnstigeren Sets f\u00fcr 3\/6\/12 Karten nach Wahl.\/\/&#8211; <\/p>\n<p> GR\u00d6SSE: Gefaltet Din A6 (ca. 10,5 x 14,8 cm)<br \/>\n PAPIER: italienisches Papier (285g), FSC zertifiziert, mit 80% Recyclinganteil (daher der nat\u00fcrliche Touch des Papiers mit sichtbaren Faserteilen)<br \/>\n DRUCK: mit gl\u00e4nzendem Gold<br \/>\n KUVERT: braunes Papier (recycelt)<br \/>\n VERPACKUNG: Cellophanh\u00fclle (auf Wunsch ohne), in stabiler Verpackung verschickt<\/p>\n<p>Nicht genug Karten verf\u00fcgbar? Bitte sende uns eine Nachricht.<\/p>\n","protected":false},"excerpt":{"rendered":"<p>Geburtstagskarte &#8222;Too Old to Die Young&#8220; Klappkarte, innen unbedruckt, R\u00fcckseite: kleines Logo &#8211;\/\/Mehr Gru\u00dfkarten f\u00fcr alle Gelegenheiten findest du hier in unserem Shop! Suche nach den g\u00fcnstigeren Sets f\u00fcr 3\/6\/12 Karten nach Wahl.\/\/&#8211; GR\u00d6SSE: Gefaltet Din A6 (ca. 10,5 x 14,8 cm) PAPIER: italienisches Papier (285g), FSC zertifiziert, mit 80% Recyclinganteil (daher der nat\u00fcrliche Touch &hellip; <a href=\"https:\/\/www.regionalis.shop\/urban-prey\/shop\/geburtstagskarte-too-old-to-die-young-boshafte-grusskarte\/\">Continued<\/a><\/p>\n","protected":false},"featured_media":1250,"template":"","meta":{"_acf_changed":false},"product_brand":[],"product_cat":[134,62],"product_tag":[],"class_list":{"0":"post-1249","1":"product","2":"type-product","3":"status-publish","4":"has-post-thumbnail","6":"product_cat-geschenk-gruskarten","7":"product_cat-papeterie-schreibwaren","9":"first","10":"instock","11":"purchasable","12":"product-type-simple"},"acf":[],"_links":{"self":[{"href":"https:\/\/www.regionalis.shop\/urban-prey\/wp-json\/wp\/v2\/product\/1249","targetHints":{"allow":["GET"]}}],"collection":[{"href":"https:\/\/www.regionalis.shop\/urban-prey\/wp-json\/wp\/v2\/product"}],"about":[{"href":"https:\/\/www.regionalis.shop\/urban-prey\/wp-json\/wp\/v2\/types\/product"}],"wp:featuredmedia":[{"embeddable":true,"href":"https:\/\/www.regionalis.shop\/urban-prey\/wp-json\/wp\/v2\/media\/1250"}],"wp:attachment":[{"href":"https:\/\/www.regionalis.shop\/urban-prey\/wp-json\/wp\/v2\/media?parent=1249"}],"wp:term":[{"taxonomy":"product_brand","embeddable":true,"href":"https:\/\/www.regionalis.shop\/urban-prey\/wp-json\/wp\/v2\/product_brand?post=1249"},{"taxonomy":"product_cat","embeddable":true,"href":"https:\/\/www.regionalis.shop\/urban-prey\/wp-json\/wp\/v2\/product_cat?post=1249"},{"taxonomy":"product_tag","embeddable":true,"href":"https:\/\/www.regionalis.shop\/urban-prey\/wp-json\/wp\/v2\/product_tag?post=1249"}],"curies":[{"name":"wp","href":"https:\/\/api.w.org\/{rel}","templated":true}]}}