{"id":1265,"date":"2025-04-17T23:53:39","date_gmt":"2025-04-17T21:53:39","guid":{"rendered":"https:\/\/www.regionalis.shop\/urban-prey\/product\/geburtstagskarte-in-cat-years-youd-be-old-lustige-karte-fuer-katzenliebhaber\/"},"modified":"2025-04-17T23:53:39","modified_gmt":"2025-04-17T21:53:39","slug":"geburtstagskarte-in-cat-years-youd-be-old-lustige-karte-fuer-katzenliebhaber","status":"publish","type":"product","link":"https:\/\/www.regionalis.shop\/urban-prey\/shop\/geburtstagskarte-in-cat-years-youd-be-old-lustige-karte-fuer-katzenliebhaber\/","title":{"rendered":"Geburtstagskarte &#8222;In Cat Years You&#8217;d Be Old&#8220; lustige Karte f\u00fcr Katzenliebhaber"},"content":{"rendered":"<p>Geburtstagskarte &#8222;In Cat Years You&#8217;d Be Old&#8220;<br \/>\nKlappkarte, innen unbedruckt, R\u00fcckseite: kleines Logo<br \/>\n&#8211;\/\/Mehr Gru\u00dfkarten f\u00fcr alle Gelegenheiten findest du hier in unserem Shop! Suche nach den g\u00fcnstigeren Sets f\u00fcr 3\/6\/12 Karten nach Wahl.\/\/&#8211; <\/p>\n<p> GR\u00d6SSE: Gefaltet Din A6 (ca. 10,5 x 14,8 cm)<br \/>\n PAPIER: wei\u00dfes italienisches Papier (285g), mit Leinenstruktur-Optik, FSC zertifiziert<br \/>\n KUVERT: wei\u00dfes Papier<br \/>\n VERPACKUNG: Cellophanh\u00fclle (auf Wunsch ohne), in stabiler Verpackung verschickt<\/p>\n<p>Nicht genug Karten verf\u00fcgbar? Bitte sende uns eine Nachricht.<\/p>\n","protected":false},"excerpt":{"rendered":"<p>Geburtstagskarte &#8222;In Cat Years You&#8217;d Be Old&#8220; Klappkarte, innen unbedruckt, R\u00fcckseite: kleines Logo &#8211;\/\/Mehr Gru\u00dfkarten f\u00fcr alle Gelegenheiten findest du hier in unserem Shop! Suche nach den g\u00fcnstigeren Sets f\u00fcr 3\/6\/12 Karten nach Wahl.\/\/&#8211; GR\u00d6SSE: Gefaltet Din A6 (ca. 10,5 x 14,8 cm) PAPIER: wei\u00dfes italienisches Papier (285g), mit Leinenstruktur-Optik, FSC zertifiziert KUVERT: wei\u00dfes Papier &hellip; <a href=\"https:\/\/www.regionalis.shop\/urban-prey\/shop\/geburtstagskarte-in-cat-years-youd-be-old-lustige-karte-fuer-katzenliebhaber\/\">Continued<\/a><\/p>\n","protected":false},"featured_media":1266,"template":"","meta":{"_acf_changed":false},"product_brand":[],"product_cat":[134,62],"product_tag":[],"class_list":{"0":"post-1265","1":"product","2":"type-product","3":"status-publish","4":"has-post-thumbnail","6":"product_cat-geschenk-gruskarten","7":"product_cat-papeterie-schreibwaren","9":"first","10":"instock","11":"purchasable","12":"product-type-simple"},"acf":[],"_links":{"self":[{"href":"https:\/\/www.regionalis.shop\/urban-prey\/wp-json\/wp\/v2\/product\/1265","targetHints":{"allow":["GET"]}}],"collection":[{"href":"https:\/\/www.regionalis.shop\/urban-prey\/wp-json\/wp\/v2\/product"}],"about":[{"href":"https:\/\/www.regionalis.shop\/urban-prey\/wp-json\/wp\/v2\/types\/product"}],"wp:featuredmedia":[{"embeddable":true,"href":"https:\/\/www.regionalis.shop\/urban-prey\/wp-json\/wp\/v2\/media\/1266"}],"wp:attachment":[{"href":"https:\/\/www.regionalis.shop\/urban-prey\/wp-json\/wp\/v2\/media?parent=1265"}],"wp:term":[{"taxonomy":"product_brand","embeddable":true,"href":"https:\/\/www.regionalis.shop\/urban-prey\/wp-json\/wp\/v2\/product_brand?post=1265"},{"taxonomy":"product_cat","embeddable":true,"href":"https:\/\/www.regionalis.shop\/urban-prey\/wp-json\/wp\/v2\/product_cat?post=1265"},{"taxonomy":"product_tag","embeddable":true,"href":"https:\/\/www.regionalis.shop\/urban-prey\/wp-json\/wp\/v2\/product_tag?post=1265"}],"curies":[{"name":"wp","href":"https:\/\/api.w.org\/{rel}","templated":true}]}}