{"id":1270,"date":"2025-04-17T23:52:46","date_gmt":"2025-04-17T21:52:46","guid":{"rendered":"https:\/\/www.regionalis.shop\/urban-prey\/product\/weihnachtskarte-seasons-greetings-weihnachtsbaum-vintage-golddruck\/"},"modified":"2025-04-17T23:52:46","modified_gmt":"2025-04-17T21:52:46","slug":"weihnachtskarte-seasons-greetings-weihnachtsbaum-vintage-golddruck","status":"publish","type":"product","link":"https:\/\/www.regionalis.shop\/urban-prey\/shop\/weihnachtskarte-seasons-greetings-weihnachtsbaum-vintage-golddruck\/","title":{"rendered":"Weihnachtskarte &#8222;Season\u2019s Greetings&#8220;, Weihnachtsbaum, vintage, Golddruck"},"content":{"rendered":"<p>&#8211;Weihnachtskarte &#8222;Season\u2019s Greetings&#8220;&#8211;<br \/>\nKlappkarte, innen unbedruckt, R\u00fcckseite: kleines Logo<br \/>\nMehr Weihnachtskarten und Gru\u00dfkarten f\u00fcr alle Gelegenheiten findest du hier in unserem Shop! <\/p>\n<p>Suche auch nach den g\u00fcnstigeren Sets f\u00fcr 3\/6\/12 Karten nach Wahl. <\/p>\n<p> GR\u00d6SSE: Gefaltet Din A6 (ca. 10,5 x 14,8 cm)<br \/>\n PAPIER: italienisches Papier (285g), FSC zertifiziert, mit 80% Recyclinganteil (daher der nat\u00fcrliche Touch des Papiers mit sichtbaren Faserteilen)<br \/>\n DRUCK: mit gl\u00e4nzendem Gold<br \/>\n KUVERT: braunes Papier (recycelt)<br \/>\n VERPACKUNG: Cellophanh\u00fclle (auf Wunsch ohne), in stabiler Verpackung verschickt<\/p>\n<p>Nicht genug Karten verf\u00fcgbar? Bitte sende uns eine Anfrage.<\/p>\n","protected":false},"excerpt":{"rendered":"<p>&#8211;Weihnachtskarte &#8222;Season\u2019s Greetings&#8220;&#8211; Klappkarte, innen unbedruckt, R\u00fcckseite: kleines Logo Mehr Weihnachtskarten und Gru\u00dfkarten f\u00fcr alle Gelegenheiten findest du hier in unserem Shop! Suche auch nach den g\u00fcnstigeren Sets f\u00fcr 3\/6\/12 Karten nach Wahl. GR\u00d6SSE: Gefaltet Din A6 (ca. 10,5 x 14,8 cm) PAPIER: italienisches Papier (285g), FSC zertifiziert, mit 80% Recyclinganteil (daher der nat\u00fcrliche Touch &hellip; <a href=\"https:\/\/www.regionalis.shop\/urban-prey\/shop\/weihnachtskarte-seasons-greetings-weihnachtsbaum-vintage-golddruck\/\">Continued<\/a><\/p>\n","protected":false},"featured_media":1271,"template":"","meta":{"_acf_changed":false},"product_brand":[],"product_cat":[62,101],"product_tag":[],"class_list":{"0":"post-1270","1":"product","2":"type-product","3":"status-publish","4":"has-post-thumbnail","6":"product_cat-papeterie-schreibwaren","7":"product_cat-weihnachtskarten","9":"first","10":"instock","11":"purchasable","12":"product-type-simple"},"acf":[],"_links":{"self":[{"href":"https:\/\/www.regionalis.shop\/urban-prey\/wp-json\/wp\/v2\/product\/1270","targetHints":{"allow":["GET"]}}],"collection":[{"href":"https:\/\/www.regionalis.shop\/urban-prey\/wp-json\/wp\/v2\/product"}],"about":[{"href":"https:\/\/www.regionalis.shop\/urban-prey\/wp-json\/wp\/v2\/types\/product"}],"wp:featuredmedia":[{"embeddable":true,"href":"https:\/\/www.regionalis.shop\/urban-prey\/wp-json\/wp\/v2\/media\/1271"}],"wp:attachment":[{"href":"https:\/\/www.regionalis.shop\/urban-prey\/wp-json\/wp\/v2\/media?parent=1270"}],"wp:term":[{"taxonomy":"product_brand","embeddable":true,"href":"https:\/\/www.regionalis.shop\/urban-prey\/wp-json\/wp\/v2\/product_brand?post=1270"},{"taxonomy":"product_cat","embeddable":true,"href":"https:\/\/www.regionalis.shop\/urban-prey\/wp-json\/wp\/v2\/product_cat?post=1270"},{"taxonomy":"product_tag","embeddable":true,"href":"https:\/\/www.regionalis.shop\/urban-prey\/wp-json\/wp\/v2\/product_tag?post=1270"}],"curies":[{"name":"wp","href":"https:\/\/api.w.org\/{rel}","templated":true}]}}