{"id":1275,"date":"2025-04-17T23:52:46","date_gmt":"2025-04-17T21:52:46","guid":{"rendered":"https:\/\/www.regionalis.shop\/urban-prey\/product\/6-weihnachtskarten-nach-wahl\/"},"modified":"2025-04-17T23:52:46","modified_gmt":"2025-04-17T21:52:46","slug":"6-weihnachtskarten-nach-wahl","status":"publish","type":"product","link":"https:\/\/www.regionalis.shop\/urban-prey\/shop\/6-weihnachtskarten-nach-wahl\/","title":{"rendered":"6 Weihnachtskarten nach Wahl"},"content":{"rendered":"<p>&#8211;6 Klappkarten nach Wahl, Gr\u00f6\u00dfe: gefaltet Din A6 (10,5 x 14,8 cm)&#8211;<br \/>\nInnen unbedruckt, R\u00fcckseite: kleines Logo<br \/>\n6 Kuverts aus dunklerem Recyclingpapier sind inkludiert (#8 mit wei\u00dfem Kuvert)<br \/>\nUnsere Sets von 6 Karten werden gemeinsam in einer Pergaminh\u00fclle verpackt und in einer stabilen Verpackung verschickt.<\/p>\n<p>Bitte lass uns in der Nachricht an den Verk\u00e4ufer wissen, wie viele Karten du von welchem Motiv haben m\u00f6chtest (das letzte Foto zeigt eine \u00dcbersicht mit allen Motiven und deren Nummern).<\/p>\n<p>Alle Karten sind auch einzeln in unserem Shop erh\u00e4ltlich.<br \/>\nMehr Gru\u00dfkarten f\u00fcr alle Gelegenheiten findest du hier in unserem Shop!<br \/>\nSuche nach den g\u00fcnstigeren Sets f\u00fcr 3\/6\/12 Karten nach Wahl.<\/p>\n<p>Nicht genug Karten verf\u00fcgbar? Bitte sende uns eine Nachricht.<\/p>\n","protected":false},"excerpt":{"rendered":"<p>&#8211;6 Klappkarten nach Wahl, Gr\u00f6\u00dfe: gefaltet Din A6 (10,5 x 14,8 cm)&#8211; Innen unbedruckt, R\u00fcckseite: kleines Logo 6 Kuverts aus dunklerem Recyclingpapier sind inkludiert (#8 mit wei\u00dfem Kuvert) Unsere Sets von 6 Karten werden gemeinsam in einer Pergaminh\u00fclle verpackt und in einer stabilen Verpackung verschickt. Bitte lass uns in der Nachricht an den Verk\u00e4ufer wissen, &hellip; <a href=\"https:\/\/www.regionalis.shop\/urban-prey\/shop\/6-weihnachtskarten-nach-wahl\/\">Continued<\/a><\/p>\n","protected":false},"featured_media":1276,"template":"","meta":{"_acf_changed":false},"product_brand":[],"product_cat":[62,101],"product_tag":[],"class_list":{"0":"post-1275","1":"product","2":"type-product","3":"status-publish","4":"has-post-thumbnail","6":"product_cat-papeterie-schreibwaren","7":"product_cat-weihnachtskarten","9":"first","10":"instock","11":"purchasable","12":"product-type-simple"},"acf":[],"_links":{"self":[{"href":"https:\/\/www.regionalis.shop\/urban-prey\/wp-json\/wp\/v2\/product\/1275","targetHints":{"allow":["GET"]}}],"collection":[{"href":"https:\/\/www.regionalis.shop\/urban-prey\/wp-json\/wp\/v2\/product"}],"about":[{"href":"https:\/\/www.regionalis.shop\/urban-prey\/wp-json\/wp\/v2\/types\/product"}],"wp:featuredmedia":[{"embeddable":true,"href":"https:\/\/www.regionalis.shop\/urban-prey\/wp-json\/wp\/v2\/media\/1276"}],"wp:attachment":[{"href":"https:\/\/www.regionalis.shop\/urban-prey\/wp-json\/wp\/v2\/media?parent=1275"}],"wp:term":[{"taxonomy":"product_brand","embeddable":true,"href":"https:\/\/www.regionalis.shop\/urban-prey\/wp-json\/wp\/v2\/product_brand?post=1275"},{"taxonomy":"product_cat","embeddable":true,"href":"https:\/\/www.regionalis.shop\/urban-prey\/wp-json\/wp\/v2\/product_cat?post=1275"},{"taxonomy":"product_tag","embeddable":true,"href":"https:\/\/www.regionalis.shop\/urban-prey\/wp-json\/wp\/v2\/product_tag?post=1275"}],"curies":[{"name":"wp","href":"https:\/\/api.w.org\/{rel}","templated":true}]}}