{"id":1336,"date":"2025-04-17T23:41:35","date_gmt":"2025-04-17T21:41:35","guid":{"rendered":"https:\/\/www.regionalis.shop\/urban-prey\/product\/bleistift-all-those-moments-will-be-lost\/"},"modified":"2025-04-17T23:41:35","modified_gmt":"2025-04-17T21:41:35","slug":"bleistift-all-those-moments-will-be-lost","status":"publish","type":"product","link":"https:\/\/www.regionalis.shop\/urban-prey\/shop\/bleistift-all-those-moments-will-be-lost\/","title":{"rendered":"Bleistift &#8222;All those moments will be lost&#8220;"},"content":{"rendered":"<p>Bleistift &#8222;All those moments will be lost&#8220;.<br \/>\nLasergravierter Bleistift, HB, 18 cm L\u00e4nge.<\/p>\n<p>Passend zum Notizbuch &#8222;All those moments will be lost in time like tears in rain&#8220;, ebenfalls in unserem Shop erh\u00e4ltlich.<br \/>\nEine \u00dcbersicht von all unseren Bleistiften gibt es auf den letzten beiden Fotos. <\/p>\n<p>F\u00fcr gr\u00f6\u00dfere St\u00fcckzahlen bitte eine Anfrage schicken.<\/p>\n","protected":false},"excerpt":{"rendered":"<p>Bleistift &#8222;All those moments will be lost&#8220;. Lasergravierter Bleistift, HB, 18 cm L\u00e4nge. Passend zum Notizbuch &#8222;All those moments will be lost in time like tears in rain&#8220;, ebenfalls in unserem Shop erh\u00e4ltlich. Eine \u00dcbersicht von all unseren Bleistiften gibt es auf den letzten beiden Fotos. F\u00fcr gr\u00f6\u00dfere St\u00fcckzahlen bitte eine Anfrage schicken.<\/p>\n","protected":false},"featured_media":1337,"template":"","meta":{"_acf_changed":false},"product_brand":[],"product_cat":[62,72],"product_tag":[],"class_list":{"0":"post-1336","1":"product","2":"type-product","3":"status-publish","4":"has-post-thumbnail","6":"product_cat-papeterie-schreibwaren","7":"product_cat-schreibwaren","9":"first","10":"instock","11":"purchasable","12":"product-type-simple"},"acf":[],"_links":{"self":[{"href":"https:\/\/www.regionalis.shop\/urban-prey\/wp-json\/wp\/v2\/product\/1336","targetHints":{"allow":["GET"]}}],"collection":[{"href":"https:\/\/www.regionalis.shop\/urban-prey\/wp-json\/wp\/v2\/product"}],"about":[{"href":"https:\/\/www.regionalis.shop\/urban-prey\/wp-json\/wp\/v2\/types\/product"}],"wp:featuredmedia":[{"embeddable":true,"href":"https:\/\/www.regionalis.shop\/urban-prey\/wp-json\/wp\/v2\/media\/1337"}],"wp:attachment":[{"href":"https:\/\/www.regionalis.shop\/urban-prey\/wp-json\/wp\/v2\/media?parent=1336"}],"wp:term":[{"taxonomy":"product_brand","embeddable":true,"href":"https:\/\/www.regionalis.shop\/urban-prey\/wp-json\/wp\/v2\/product_brand?post=1336"},{"taxonomy":"product_cat","embeddable":true,"href":"https:\/\/www.regionalis.shop\/urban-prey\/wp-json\/wp\/v2\/product_cat?post=1336"},{"taxonomy":"product_tag","embeddable":true,"href":"https:\/\/www.regionalis.shop\/urban-prey\/wp-json\/wp\/v2\/product_tag?post=1336"}],"curies":[{"name":"wp","href":"https:\/\/api.w.org\/{rel}","templated":true}]}}