{"id":1361,"date":"2025-04-17T23:15:44","date_gmt":"2025-04-17T21:15:44","guid":{"rendered":"https:\/\/www.regionalis.shop\/urban-prey\/product\/spiralnotizbuch-inventions-groesse-din-a6\/"},"modified":"2025-04-17T23:15:44","modified_gmt":"2025-04-17T21:15:44","slug":"spiralnotizbuch-inventions-groesse-din-a6","status":"publish","type":"product","link":"https:\/\/www.regionalis.shop\/urban-prey\/shop\/spiralnotizbuch-inventions-groesse-din-a6\/","title":{"rendered":"Spiralnotizbuch &#8222;Inventions&#8220;, Gr\u00f6\u00dfe DIN A6"},"content":{"rendered":"<p>&#8211;Spiralnotizbuch &#8222;Inventions&#8220;&#8211;<br \/>\nKleines Notizbuch mit Spiralbindung, von Hand zugeschnitten. Handgebunden. Wird auf Bestellung angefertigt.<\/p>\n<p> Cover: brauner Recyclingkarton, professionell bedruckt<br \/>\n Gr\u00f6\u00dfe: DIN A6 (10,5 x 14,8 cm)<br \/>\n 60 Seiten (30 Blatt) cremefarbenes holzfreies Papier aus \u00d6sterreich, blanko<br \/>\n schweres Papier (170 g\/m\u00b2)<br \/>\n R\u00fcckkarton aus stabiler schwarzer Pappe<br \/>\n abgerundete Ecken <\/p>\n<p>Dazu passt der Bleistift &#8222;Inventions&#8220;, ebenfalls in unserem Shop erh\u00e4ltlich.<br \/>\n(Bleistift im Lieferumfang dieses Notizbuchs nicht enthalten, bitte separat bestellen.)<br \/>\nF\u00fcr gr\u00f6\u00dfere St\u00fcckzahlen bitte eine Anfrage schicken.<\/p>\n","protected":false},"excerpt":{"rendered":"<p>&#8211;Spiralnotizbuch &#8222;Inventions&#8220;&#8211; Kleines Notizbuch mit Spiralbindung, von Hand zugeschnitten. Handgebunden. Wird auf Bestellung angefertigt. Cover: brauner Recyclingkarton, professionell bedruckt Gr\u00f6\u00dfe: DIN A6 (10,5 x 14,8 cm) 60 Seiten (30 Blatt) cremefarbenes holzfreies Papier aus \u00d6sterreich, blanko schweres Papier (170 g\/m\u00b2) R\u00fcckkarton aus stabiler schwarzer Pappe abgerundete Ecken Dazu passt der Bleistift &#8222;Inventions&#8220;, ebenfalls in unserem &hellip; <a href=\"https:\/\/www.regionalis.shop\/urban-prey\/shop\/spiralnotizbuch-inventions-groesse-din-a6\/\">Continued<\/a><\/p>\n","protected":false},"featured_media":1362,"template":"","meta":{"_acf_changed":false},"product_brand":[],"product_cat":[161,62],"product_tag":[],"class_list":{"0":"post-1361","1":"product","2":"type-product","3":"status-publish","4":"has-post-thumbnail","6":"product_cat-notizhefte-skizzenbuecher","7":"product_cat-papeterie-schreibwaren","9":"first","10":"instock","11":"purchasable","12":"product-type-simple"},"acf":[],"_links":{"self":[{"href":"https:\/\/www.regionalis.shop\/urban-prey\/wp-json\/wp\/v2\/product\/1361","targetHints":{"allow":["GET"]}}],"collection":[{"href":"https:\/\/www.regionalis.shop\/urban-prey\/wp-json\/wp\/v2\/product"}],"about":[{"href":"https:\/\/www.regionalis.shop\/urban-prey\/wp-json\/wp\/v2\/types\/product"}],"wp:featuredmedia":[{"embeddable":true,"href":"https:\/\/www.regionalis.shop\/urban-prey\/wp-json\/wp\/v2\/media\/1362"}],"wp:attachment":[{"href":"https:\/\/www.regionalis.shop\/urban-prey\/wp-json\/wp\/v2\/media?parent=1361"}],"wp:term":[{"taxonomy":"product_brand","embeddable":true,"href":"https:\/\/www.regionalis.shop\/urban-prey\/wp-json\/wp\/v2\/product_brand?post=1361"},{"taxonomy":"product_cat","embeddable":true,"href":"https:\/\/www.regionalis.shop\/urban-prey\/wp-json\/wp\/v2\/product_cat?post=1361"},{"taxonomy":"product_tag","embeddable":true,"href":"https:\/\/www.regionalis.shop\/urban-prey\/wp-json\/wp\/v2\/product_tag?post=1361"}],"curies":[{"name":"wp","href":"https:\/\/api.w.org\/{rel}","templated":true}]}}