{"id":1042,"date":"2025-10-23T16:14:07","date_gmt":"2025-10-23T14:14:07","guid":{"rendered":"https:\/\/www.regionalis.shop\/uschis-naturwerkstatt\/?page_id=1042"},"modified":"2025-10-23T16:16:34","modified_gmt":"2025-10-23T14:16:34","slug":"impressum","status":"publish","type":"page","link":"https:\/\/www.regionalis.shop\/uschis-naturwerkstatt\/impressum\/","title":{"rendered":"Impressum"},"content":{"rendered":"<section>\n            <p>In liebevoller Handarbeit stelle ich &#8211;Geschenke zum Wohlf\u00fchlen&#8211; her: <\/p>\n<p>Ich n\u00e4he &#8211;Kissen, die ich mit erlesenen Inhaltsstoffen aus der Natur f\u00fclle&#8211; und die eine Wohltat f\u00fcr K\u00f6rper, Geist und Seele sind. <\/p>\n<p>Da ich Kr\u00e4uterexpertin bin, wei\u00df ich welche Kombinationen sich f\u00fcr die verschiedenen Anspr\u00fcche am besten eignen.<\/p>\n<p>Aus Schafwolle erschaffe ich &#8211;Gl\u00fccksfeen und Schutzengel&#8211; &#8211; jedes St\u00fcck ist ein Unikat!<\/p>\n<p>Au\u00dferdem liebe ich es Gl\u00fccksbringer zu kreieren.<\/p>\n\n    <\/section>","protected":false},"excerpt":{"rendered":"","protected":false},"author":1,"featured_media":0,"parent":0,"menu_order":0,"comment_status":"closed","ping_status":"closed","template":"","meta":{"_acf_changed":false,"footnotes":""},"class_list":["post-1042","page","type-page","status-publish","hentry"],"acf":[],"_links":{"self":[{"href":"https:\/\/www.regionalis.shop\/uschis-naturwerkstatt\/wp-json\/wp\/v2\/pages\/1042","targetHints":{"allow":["GET"]}}],"collection":[{"href":"https:\/\/www.regionalis.shop\/uschis-naturwerkstatt\/wp-json\/wp\/v2\/pages"}],"about":[{"href":"https:\/\/www.regionalis.shop\/uschis-naturwerkstatt\/wp-json\/wp\/v2\/types\/page"}],"author":[{"embeddable":true,"href":"https:\/\/www.regionalis.shop\/uschis-naturwerkstatt\/wp-json\/wp\/v2\/users\/1"}],"replies":[{"embeddable":true,"href":"https:\/\/www.regionalis.shop\/uschis-naturwerkstatt\/wp-json\/wp\/v2\/comments?post=1042"}],"version-history":[{"count":2,"href":"https:\/\/www.regionalis.shop\/uschis-naturwerkstatt\/wp-json\/wp\/v2\/pages\/1042\/revisions"}],"predecessor-version":[{"id":1044,"href":"https:\/\/www.regionalis.shop\/uschis-naturwerkstatt\/wp-json\/wp\/v2\/pages\/1042\/revisions\/1044"}],"wp:attachment":[{"href":"https:\/\/www.regionalis.shop\/uschis-naturwerkstatt\/wp-json\/wp\/v2\/media?parent=1042"}],"curies":[{"name":"wp","href":"https:\/\/api.w.org\/{rel}","templated":true}]}}