{"id":862,"date":"2025-05-24T13:44:06","date_gmt":"2025-05-24T11:44:06","guid":{"rendered":"https:\/\/starter.stage.shop-it.at\/?page_id=862"},"modified":"2025-10-23T15:21:37","modified_gmt":"2025-10-23T13:21:37","slug":"startseite","status":"publish","type":"page","link":"https:\/\/www.regionalis.shop\/uschis-naturwerkstatt\/","title":{"rendered":"Startseite"},"content":{"rendered":"<section>\n        <div class=\"header-image\">\n            <img decoding=\"async\" src=\"https:\/\/www.regionalis.shop\/app\/uploads\/sites\/617\/840_2020_05_27_14_57_58_505691446.jpg\" alt=\"\">\n        <\/div>\n    \n    <\/section>\n    <section>\n    <div class=\"header-title\">\n        <h1 class=\"h2\">Willkommen bei Uschis Naturwerkstatt<\/h1>\n    <\/div>\n            <h2 class=\"h3\">Handgemacht in W\u00fcrnitz<\/h2>\n                <p>In liebevoller Handarbeit stelle ich &#8211;Geschenke zum Wohlf\u00fchlen&#8211; her: <\/p>\n<p>Ich n\u00e4he &#8211;Kissen, die ich mit erlesenen Inhaltsstoffen aus der Natur f\u00fclle&#8211; und die eine Wohltat f\u00fcr K\u00f6rper, Geist und Seele sind. <\/p>\n<p>Da ich Kr\u00e4uterexpertin bin, wei\u00df ich welche Kombinationen sich f\u00fcr die verschiedenen Anspr\u00fcche am besten eignen.<\/p>\n<p>Aus Schafwolle erschaffe ich &#8211;Gl\u00fccksfeen und Schutzengel&#8211; &#8211; jedes St\u00fcck ist ein Unikat!<\/p>\n<p>Au\u00dferdem liebe ich es Gl\u00fccksbringer zu kreieren.<\/p>\n\n    \n    <h3>Produkte<\/h3>\n\n    <div class=\"woocommerce columns-3 \"><ul class=\"products columns-3\">\n<li class=\"product type-product post-1053 status-publish first instock product_cat-null product_cat-sonstiges has-post-thumbnail purchasable product-type-simple\">\n\t<a href=\"https:\/\/www.regionalis.shop\/uschis-naturwerkstatt\/shop\/kirschkernkissen-blume-des-lebens\/\" class=\"woocommerce-LoopProduct-link woocommerce-loop-product__link\"><div class=\"wc-block-grid__product-image\"><img loading=\"lazy\" decoding=\"async\" width=\"420\" height=\"420\" src=\"https:\/\/www.regionalis.shop\/app\/uploads\/sites\/617\/840_2020_02_12_14_15_13_660426209.jpg\" class=\"attachment-large size-large\" alt=\"Kirschkernkissen &quot;Blume des Lebens&quot;\" srcset=\"https:\/\/www.regionalis.shop\/app\/uploads\/sites\/617\/840_2020_02_12_14_15_13_660426209.jpg 420w, https:\/\/www.regionalis.shop\/app\/uploads\/sites\/617\/840_2020_02_12_14_15_13_660426209-300x300.jpg 300w, https:\/\/www.regionalis.shop\/app\/uploads\/sites\/617\/840_2020_02_12_14_15_13_660426209-150x150.jpg 150w, https:\/\/www.regionalis.shop\/app\/uploads\/sites\/617\/840_2020_02_12_14_15_13_660426209-100x100.jpg 100w\" sizes=\"auto, (max-width: 420px) 100vw, 420px\" \/><\/div><h2 class=\"woocommerce-loop-product__title\">Kirschkernkissen &#8222;Blume des Lebens&#8220;<\/h2>\n\t<span class=\"price\"><span class=\"woocommerce-Price-amount amount\"><bdi>10,00&nbsp;<span class=\"woocommerce-Price-currencySymbol\">&euro;<\/span><\/bdi><\/span><\/span>\n<\/a><\/li>\n<li class=\"product type-product post-1059 status-publish instock product_cat-null product_cat-sonstiges has-post-thumbnail purchasable product-type-simple\">\n\t<a href=\"https:\/\/www.regionalis.shop\/uschis-naturwerkstatt\/shop\/kleines-geschenksaeckchen\/\" class=\"woocommerce-LoopProduct-link woocommerce-loop-product__link\"><div class=\"wc-block-grid__product-image\"><img loading=\"lazy\" decoding=\"async\" width=\"420\" height=\"420\" src=\"https:\/\/www.regionalis.shop\/app\/uploads\/sites\/617\/840_2022_11_28_15_15_46_679254573.jpg\" class=\"attachment-large size-large\" alt=\"** Kleines Geschenks\u00e4ckchen **\" srcset=\"https:\/\/www.regionalis.shop\/app\/uploads\/sites\/617\/840_2022_11_28_15_15_46_679254573.jpg 420w, https:\/\/www.regionalis.shop\/app\/uploads\/sites\/617\/840_2022_11_28_15_15_46_679254573-300x300.jpg 300w, https:\/\/www.regionalis.shop\/app\/uploads\/sites\/617\/840_2022_11_28_15_15_46_679254573-150x150.jpg 150w, https:\/\/www.regionalis.shop\/app\/uploads\/sites\/617\/840_2022_11_28_15_15_46_679254573-100x100.jpg 100w\" sizes=\"auto, (max-width: 420px) 100vw, 420px\" \/><\/div><h2 class=\"woocommerce-loop-product__title\">** Kleines Geschenks\u00e4ckchen **<\/h2>\n\t<span class=\"price\"><span class=\"woocommerce-Price-amount amount\"><bdi>6,00&nbsp;<span class=\"woocommerce-Price-currencySymbol\">&euro;<\/span><\/bdi><\/span><\/span>\n<\/a><\/li>\n<li class=\"product type-product post-1055 status-publish last instock product_cat-null product_cat-sonstiges has-post-thumbnail purchasable product-type-simple\">\n\t<a href=\"https:\/\/www.regionalis.shop\/uschis-naturwerkstatt\/shop\/riesen-geschenksack\/\" class=\"woocommerce-LoopProduct-link woocommerce-loop-product__link\"><div class=\"wc-block-grid__product-image\"><img loading=\"lazy\" decoding=\"async\" width=\"420\" height=\"420\" src=\"https:\/\/www.regionalis.shop\/app\/uploads\/sites\/617\/840_2022_11_28_15_22_42_795765587.jpg\" class=\"attachment-large size-large\" alt=\"Riesen-Geschenksack **\" srcset=\"https:\/\/www.regionalis.shop\/app\/uploads\/sites\/617\/840_2022_11_28_15_22_42_795765587.jpg 420w, https:\/\/www.regionalis.shop\/app\/uploads\/sites\/617\/840_2022_11_28_15_22_42_795765587-300x300.jpg 300w, https:\/\/www.regionalis.shop\/app\/uploads\/sites\/617\/840_2022_11_28_15_22_42_795765587-150x150.jpg 150w, https:\/\/www.regionalis.shop\/app\/uploads\/sites\/617\/840_2022_11_28_15_22_42_795765587-100x100.jpg 100w\" sizes=\"auto, (max-width: 420px) 100vw, 420px\" \/><\/div><h2 class=\"woocommerce-loop-product__title\">Riesen-Geschenksack **<\/h2>\n\t<span class=\"price\"><span class=\"woocommerce-Price-amount amount\"><bdi>17,50&nbsp;<span class=\"woocommerce-Price-currencySymbol\">&euro;<\/span><\/bdi><\/span><\/span>\n<\/a><\/li>\n<\/ul>\n<\/div>\n    <p>\n        <a href=\"https:\/\/www.regionalis.shop\/uschis-naturwerkstatt\/shop\/\" class=\"btn btn-primary btn-icon-right\">\n            Alle Produkte <i class=\"bi bi-arrow-right-short\"><\/i>\n        <\/a>\n    <\/p>\n<\/section>\n\n<div data-block-name=\"woocommerce\/store-notices\" class=\"wc-block-store-notices woocommerce alignwide alignwide wp-block-woocommerce-store-notices\"><div class=\"woocommerce-notices-wrapper\"><\/div><\/div>","protected":false},"excerpt":{"rendered":"","protected":false},"author":1,"featured_media":0,"parent":0,"menu_order":0,"comment_status":"closed","ping_status":"closed","template":"template-home.blade.php","meta":{"_acf_changed":false,"footnotes":""},"class_list":["post-862","page","type-page","status-publish","hentry"],"acf":[],"_links":{"self":[{"href":"https:\/\/www.regionalis.shop\/uschis-naturwerkstatt\/wp-json\/wp\/v2\/pages\/862","targetHints":{"allow":["GET"]}}],"collection":[{"href":"https:\/\/www.regionalis.shop\/uschis-naturwerkstatt\/wp-json\/wp\/v2\/pages"}],"about":[{"href":"https:\/\/www.regionalis.shop\/uschis-naturwerkstatt\/wp-json\/wp\/v2\/types\/page"}],"author":[{"embeddable":true,"href":"https:\/\/www.regionalis.shop\/uschis-naturwerkstatt\/wp-json\/wp\/v2\/users\/1"}],"replies":[{"embeddable":true,"href":"https:\/\/www.regionalis.shop\/uschis-naturwerkstatt\/wp-json\/wp\/v2\/comments?post=862"}],"version-history":[{"count":28,"href":"https:\/\/www.regionalis.shop\/uschis-naturwerkstatt\/wp-json\/wp\/v2\/pages\/862\/revisions"}],"predecessor-version":[{"id":1041,"href":"https:\/\/www.regionalis.shop\/uschis-naturwerkstatt\/wp-json\/wp\/v2\/pages\/862\/revisions\/1041"}],"wp:attachment":[{"href":"https:\/\/www.regionalis.shop\/uschis-naturwerkstatt\/wp-json\/wp\/v2\/media?parent=862"}],"curies":[{"name":"wp","href":"https:\/\/api.w.org\/{rel}","templated":true}]}}