{"id":1053,"date":"2025-04-28T04:10:44","date_gmt":"2025-04-28T02:10:44","guid":{"rendered":"https:\/\/www.regionalis.shop\/uschis-naturwerkstatt\/product\/kirschkernkissen-blume-des-lebens\/"},"modified":"2025-04-28T04:10:44","modified_gmt":"2025-04-28T02:10:44","slug":"kirschkernkissen-blume-des-lebens","status":"publish","type":"product","link":"https:\/\/www.regionalis.shop\/uschis-naturwerkstatt\/shop\/kirschkernkissen-blume-des-lebens\/","title":{"rendered":"Kirschkernkissen &#8222;Blume des Lebens&#8220;"},"content":{"rendered":"<p>Kirschkernkissen k\u00f6nnen sowohl als W\u00e4rme- und K\u00e4ltekissen eingesetzt werden und bei allen m\u00f6glichen Weh-Wehchen eingesetzt werden.<\/p>\n<p>Kirschkernkissen k\u00f6nnen Linderung bei Bauch-, Kopf- und Nackenschmerzen, Menstruationsbeschwerden und Gelenkschmerzen bringen.<\/p>\n<p>F\u00fcr die W\u00e4rmeanwendung einfach im Backofen bei 60\u00b0 C, in der Mikrowelle (bei max. 600 Watt f\u00fcr max. 1 Minute) oder am Heizk\u00f6rper anw\u00e4rmen und auf die schmerzenden Stellen auflegen und entspannen.<\/p>\n<p>F\u00fcr die K\u00e4lteanwendung im K\u00fchlschrank oder Gefrierfach abk\u00fchlen.<\/p>\n<p>Das Kirschkernkissen besteht aus pinkfarbener Baumwolle, die HANDBEMALT mit der &#8222;Blume des Lebens&#8220; wurde. Der Stoff wurde vor der Verarbeitung gewaschen, um etwaige Impr\u00e4gnierungen zu entfernen.<\/p>\n<p>Ma\u00dfe: ca. 20,5 cm x 20,5 cm<\/p>\n<p>Eine Beschreibung wird mitgeliefert.<\/p>\n","protected":false},"excerpt":{"rendered":"<p>Kirschkernkissen k\u00f6nnen sowohl als W\u00e4rme- und K\u00e4ltekissen eingesetzt werden und bei allen m\u00f6glichen Weh-Wehchen eingesetzt werden. Kirschkernkissen k\u00f6nnen Linderung bei Bauch-, Kopf- und Nackenschmerzen, Menstruationsbeschwerden und Gelenkschmerzen bringen. F\u00fcr die W\u00e4rmeanwendung einfach im Backofen bei 60\u00b0 C, in der Mikrowelle (bei max. 600 Watt f\u00fcr max. 1 Minute) oder am Heizk\u00f6rper anw\u00e4rmen und auf die &hellip; <a href=\"https:\/\/www.regionalis.shop\/uschis-naturwerkstatt\/shop\/kirschkernkissen-blume-des-lebens\/\">Continued<\/a><\/p>\n","protected":false},"featured_media":1054,"template":"","meta":{"_acf_changed":false},"product_brand":[],"product_cat":[162,83],"product_tag":[],"class_list":{"0":"post-1053","1":"product","2":"type-product","3":"status-publish","4":"has-post-thumbnail","6":"product_cat-null","7":"product_cat-sonstiges","9":"first","10":"instock","11":"purchasable","12":"product-type-simple"},"acf":[],"_links":{"self":[{"href":"https:\/\/www.regionalis.shop\/uschis-naturwerkstatt\/wp-json\/wp\/v2\/product\/1053","targetHints":{"allow":["GET"]}}],"collection":[{"href":"https:\/\/www.regionalis.shop\/uschis-naturwerkstatt\/wp-json\/wp\/v2\/product"}],"about":[{"href":"https:\/\/www.regionalis.shop\/uschis-naturwerkstatt\/wp-json\/wp\/v2\/types\/product"}],"wp:featuredmedia":[{"embeddable":true,"href":"https:\/\/www.regionalis.shop\/uschis-naturwerkstatt\/wp-json\/wp\/v2\/media\/1054"}],"wp:attachment":[{"href":"https:\/\/www.regionalis.shop\/uschis-naturwerkstatt\/wp-json\/wp\/v2\/media?parent=1053"}],"wp:term":[{"taxonomy":"product_brand","embeddable":true,"href":"https:\/\/www.regionalis.shop\/uschis-naturwerkstatt\/wp-json\/wp\/v2\/product_brand?post=1053"},{"taxonomy":"product_cat","embeddable":true,"href":"https:\/\/www.regionalis.shop\/uschis-naturwerkstatt\/wp-json\/wp\/v2\/product_cat?post=1053"},{"taxonomy":"product_tag","embeddable":true,"href":"https:\/\/www.regionalis.shop\/uschis-naturwerkstatt\/wp-json\/wp\/v2\/product_tag?post=1053"}],"curies":[{"name":"wp","href":"https:\/\/api.w.org\/{rel}","templated":true}]}}