{"id":1055,"date":"2025-04-18T08:57:04","date_gmt":"2025-04-18T06:57:04","guid":{"rendered":"https:\/\/www.regionalis.shop\/uschis-naturwerkstatt\/product\/riesen-geschenksack\/"},"modified":"2025-04-18T08:57:04","modified_gmt":"2025-04-18T06:57:04","slug":"riesen-geschenksack","status":"publish","type":"product","link":"https:\/\/www.regionalis.shop\/uschis-naturwerkstatt\/shop\/riesen-geschenksack\/","title":{"rendered":"Riesen-Geschenksack **"},"content":{"rendered":"<p>In diesem riesigen Geschenksack bietet reichlich Platz f\u00fcr gro\u00dfe oder viele kleinere Geschenke. Ich habe ihn mit viel Liebe gen\u00e4ht und dabei rote und naturfarbene Stoffe in Leinenoptik kombiniert. Auf der Vorderseite befindet sich der Aufdruck \u201eWISHING YOU A VERY MERRY CHRISTMAS\u201c. Das Tolle an diesem Sack ist, dass du ihn immer wieder verwenden kannst. Dadurch sparst du sehr viel M\u00fcll und tr\u00e4gst damit zum Umweltschutz bei.<\/p>\n<p>Oben befindet sich ein Tunnelzug, in dem ich ein rotes Satinband eingezogen habe.<\/p>\n<p>Ma\u00dfe: ca. 48 cm x 43 cm<\/p>\n","protected":false},"excerpt":{"rendered":"<p>In diesem riesigen Geschenksack bietet reichlich Platz f\u00fcr gro\u00dfe oder viele kleinere Geschenke. Ich habe ihn mit viel Liebe gen\u00e4ht und dabei rote und naturfarbene Stoffe in Leinenoptik kombiniert. Auf der Vorderseite befindet sich der Aufdruck \u201eWISHING YOU A VERY MERRY CHRISTMAS\u201c. Das Tolle an diesem Sack ist, dass du ihn immer wieder verwenden kannst. &hellip; <a href=\"https:\/\/www.regionalis.shop\/uschis-naturwerkstatt\/shop\/riesen-geschenksack\/\">Continued<\/a><\/p>\n","protected":false},"featured_media":1056,"template":"","meta":{"_acf_changed":false},"product_brand":[],"product_cat":[162,83],"product_tag":[],"class_list":{"0":"post-1055","1":"product","2":"type-product","3":"status-publish","4":"has-post-thumbnail","6":"product_cat-null","7":"product_cat-sonstiges","9":"first","10":"instock","11":"purchasable","12":"product-type-simple"},"acf":[],"_links":{"self":[{"href":"https:\/\/www.regionalis.shop\/uschis-naturwerkstatt\/wp-json\/wp\/v2\/product\/1055","targetHints":{"allow":["GET"]}}],"collection":[{"href":"https:\/\/www.regionalis.shop\/uschis-naturwerkstatt\/wp-json\/wp\/v2\/product"}],"about":[{"href":"https:\/\/www.regionalis.shop\/uschis-naturwerkstatt\/wp-json\/wp\/v2\/types\/product"}],"wp:featuredmedia":[{"embeddable":true,"href":"https:\/\/www.regionalis.shop\/uschis-naturwerkstatt\/wp-json\/wp\/v2\/media\/1056"}],"wp:attachment":[{"href":"https:\/\/www.regionalis.shop\/uschis-naturwerkstatt\/wp-json\/wp\/v2\/media?parent=1055"}],"wp:term":[{"taxonomy":"product_brand","embeddable":true,"href":"https:\/\/www.regionalis.shop\/uschis-naturwerkstatt\/wp-json\/wp\/v2\/product_brand?post=1055"},{"taxonomy":"product_cat","embeddable":true,"href":"https:\/\/www.regionalis.shop\/uschis-naturwerkstatt\/wp-json\/wp\/v2\/product_cat?post=1055"},{"taxonomy":"product_tag","embeddable":true,"href":"https:\/\/www.regionalis.shop\/uschis-naturwerkstatt\/wp-json\/wp\/v2\/product_tag?post=1055"}],"curies":[{"name":"wp","href":"https:\/\/api.w.org\/{rel}","templated":true}]}}