{"id":1059,"date":"2025-04-18T08:57:04","date_gmt":"2025-04-18T06:57:04","guid":{"rendered":"https:\/\/www.regionalis.shop\/uschis-naturwerkstatt\/product\/kleines-geschenksaeckchen\/"},"modified":"2025-04-18T08:57:04","modified_gmt":"2025-04-18T06:57:04","slug":"kleines-geschenksaeckchen","status":"publish","type":"product","link":"https:\/\/www.regionalis.shop\/uschis-naturwerkstatt\/shop\/kleines-geschenksaeckchen\/","title":{"rendered":"** Kleines Geschenks\u00e4ckchen **"},"content":{"rendered":"<p>Dieses kleine Geschenks\u00e4ckchen ist ein nachhaltige Verpackungsm\u00f6glichkeit f\u00fcr deine Geschenke. Du kannst dieses S\u00e4ckchen, das ich mit viel Liebe gen\u00e4ht habe, immer wieder verwenden und es mit h\u00fcbschen Kleinigkeiten bef\u00fcllen<\/p>\n<p>Der kleine Beutel ist aus wei\u00dfem Damast, auf den ein grauer Stoff in Leinenoptik mit der Aufschrift \u201eMerry Christmas &#038; Happy New Year\u201c. Ich habe ein wei\u00dfes Satinb\u00e4ndchen mitgen\u00e4ht, mit dem du es verschlie\u00dfen kannst.<\/p>\n<p>Ma\u00dfe: ca. 20 cm x 13,5 cm<\/p>\n","protected":false},"excerpt":{"rendered":"<p>Dieses kleine Geschenks\u00e4ckchen ist ein nachhaltige Verpackungsm\u00f6glichkeit f\u00fcr deine Geschenke. Du kannst dieses S\u00e4ckchen, das ich mit viel Liebe gen\u00e4ht habe, immer wieder verwenden und es mit h\u00fcbschen Kleinigkeiten bef\u00fcllen Der kleine Beutel ist aus wei\u00dfem Damast, auf den ein grauer Stoff in Leinenoptik mit der Aufschrift \u201eMerry Christmas &#038; Happy New Year\u201c. Ich habe &hellip; <a href=\"https:\/\/www.regionalis.shop\/uschis-naturwerkstatt\/shop\/kleines-geschenksaeckchen\/\">Continued<\/a><\/p>\n","protected":false},"featured_media":1060,"template":"","meta":{"_acf_changed":false},"product_brand":[],"product_cat":[162,83],"product_tag":[],"class_list":{"0":"post-1059","1":"product","2":"type-product","3":"status-publish","4":"has-post-thumbnail","6":"product_cat-null","7":"product_cat-sonstiges","9":"first","10":"instock","11":"purchasable","12":"product-type-simple"},"acf":[],"_links":{"self":[{"href":"https:\/\/www.regionalis.shop\/uschis-naturwerkstatt\/wp-json\/wp\/v2\/product\/1059","targetHints":{"allow":["GET"]}}],"collection":[{"href":"https:\/\/www.regionalis.shop\/uschis-naturwerkstatt\/wp-json\/wp\/v2\/product"}],"about":[{"href":"https:\/\/www.regionalis.shop\/uschis-naturwerkstatt\/wp-json\/wp\/v2\/types\/product"}],"wp:featuredmedia":[{"embeddable":true,"href":"https:\/\/www.regionalis.shop\/uschis-naturwerkstatt\/wp-json\/wp\/v2\/media\/1060"}],"wp:attachment":[{"href":"https:\/\/www.regionalis.shop\/uschis-naturwerkstatt\/wp-json\/wp\/v2\/media?parent=1059"}],"wp:term":[{"taxonomy":"product_brand","embeddable":true,"href":"https:\/\/www.regionalis.shop\/uschis-naturwerkstatt\/wp-json\/wp\/v2\/product_brand?post=1059"},{"taxonomy":"product_cat","embeddable":true,"href":"https:\/\/www.regionalis.shop\/uschis-naturwerkstatt\/wp-json\/wp\/v2\/product_cat?post=1059"},{"taxonomy":"product_tag","embeddable":true,"href":"https:\/\/www.regionalis.shop\/uschis-naturwerkstatt\/wp-json\/wp\/v2\/product_tag?post=1059"}],"curies":[{"name":"wp","href":"https:\/\/api.w.org\/{rel}","templated":true}]}}