{"id":1067,"date":"2025-04-18T08:12:59","date_gmt":"2025-04-18T06:12:59","guid":{"rendered":"https:\/\/www.regionalis.shop\/uschis-naturwerkstatt\/product\/traeumerli-crazy\/"},"modified":"2025-04-18T08:12:59","modified_gmt":"2025-04-18T06:12:59","slug":"traeumerli-crazy","status":"publish","type":"product","link":"https:\/\/www.regionalis.shop\/uschis-naturwerkstatt\/shop\/traeumerli-crazy\/","title":{"rendered":"* Tr\u00e4umerli Crazy *"},"content":{"rendered":"<p>Tr\u00e4umerli ist ein wunderbar duftendes Kuschelmonster, das dein Kind lieben wird. Dieses kleine Schlafmonster &#8211;f\u00e4ngt dar\u00fcber hinaus b\u00f6se Tr\u00e4ume deines Kindes ein&#8211;.<\/p>\n<p>Da es mit &#8211;Zirbe und Dinkel gef\u00fcllt ist, kann es deinem Kind auch zu einem besseren Schlaf verhelfen.<\/p>\n<p>Dieses kleine Monster ist das ideale Geschenk f\u00fcr Kinder, die nerv\u00f6s sind und nur schwer zur Ruhe kommen.<\/p>\n<p>Deshalb geh\u00f6ren die Tr\u00e4umerlis vermutlich auch zu meinen Bestsellern. Ich habe sie in verschiedenen Ausf\u00fchrungen. Jedes St\u00fcck ist ein &#8211;UNIKAT&#8211;!<\/p>\n<p>Stoff: 100 % Baumwolle, 1 x vorgewaschen<\/p>\n<p>Ma\u00dfe: ca. 25 cm x 16,5 cm<\/p>\n<p>Es gibt meine Tr\u00e4umerlis in &#8211;verschiedenen Varianten &#8211; sh. Foto.&#8211;<\/p>\n","protected":false},"excerpt":{"rendered":"<p>Tr\u00e4umerli ist ein wunderbar duftendes Kuschelmonster, das dein Kind lieben wird. Dieses kleine Schlafmonster &#8211;f\u00e4ngt dar\u00fcber hinaus b\u00f6se Tr\u00e4ume deines Kindes ein&#8211;. Da es mit &#8211;Zirbe und Dinkel gef\u00fcllt ist, kann es deinem Kind auch zu einem besseren Schlaf verhelfen. Dieses kleine Monster ist das ideale Geschenk f\u00fcr Kinder, die nerv\u00f6s sind und nur schwer &hellip; <a href=\"https:\/\/www.regionalis.shop\/uschis-naturwerkstatt\/shop\/traeumerli-crazy\/\">Continued<\/a><\/p>\n","protected":false},"featured_media":1068,"template":"","meta":{"_acf_changed":false},"product_brand":[],"product_cat":[38,80],"product_tag":[],"class_list":{"0":"post-1067","1":"product","2":"type-product","3":"status-publish","4":"has-post-thumbnail","6":"product_cat-baby-kinder","7":"product_cat-sonstiges-baby-kinder","9":"first","10":"instock","11":"purchasable","12":"product-type-simple"},"acf":[],"_links":{"self":[{"href":"https:\/\/www.regionalis.shop\/uschis-naturwerkstatt\/wp-json\/wp\/v2\/product\/1067","targetHints":{"allow":["GET"]}}],"collection":[{"href":"https:\/\/www.regionalis.shop\/uschis-naturwerkstatt\/wp-json\/wp\/v2\/product"}],"about":[{"href":"https:\/\/www.regionalis.shop\/uschis-naturwerkstatt\/wp-json\/wp\/v2\/types\/product"}],"wp:featuredmedia":[{"embeddable":true,"href":"https:\/\/www.regionalis.shop\/uschis-naturwerkstatt\/wp-json\/wp\/v2\/media\/1068"}],"wp:attachment":[{"href":"https:\/\/www.regionalis.shop\/uschis-naturwerkstatt\/wp-json\/wp\/v2\/media?parent=1067"}],"wp:term":[{"taxonomy":"product_brand","embeddable":true,"href":"https:\/\/www.regionalis.shop\/uschis-naturwerkstatt\/wp-json\/wp\/v2\/product_brand?post=1067"},{"taxonomy":"product_cat","embeddable":true,"href":"https:\/\/www.regionalis.shop\/uschis-naturwerkstatt\/wp-json\/wp\/v2\/product_cat?post=1067"},{"taxonomy":"product_tag","embeddable":true,"href":"https:\/\/www.regionalis.shop\/uschis-naturwerkstatt\/wp-json\/wp\/v2\/product_tag?post=1067"}],"curies":[{"name":"wp","href":"https:\/\/api.w.org\/{rel}","templated":true}]}}