{"id":1083,"date":"2025-04-18T06:43:09","date_gmt":"2025-04-18T04:43:09","guid":{"rendered":"https:\/\/www.regionalis.shop\/uschis-naturwerkstatt\/product\/ohrgehaenge-flower-power\/"},"modified":"2025-04-18T06:43:09","modified_gmt":"2025-04-18T04:43:09","slug":"ohrgehaenge-flower-power","status":"publish","type":"product","link":"https:\/\/www.regionalis.shop\/uschis-naturwerkstatt\/shop\/ohrgehaenge-flower-power\/","title":{"rendered":"*Ohrgeh\u00e4nge &#8222;Flower-Power&#8220;*"},"content":{"rendered":"<p>Die Ohrgeh\u00e4nge &#8211;&#8222;Flower-Power&#8220;&#8211; sind das Richtige f\u00fcr Individualisten, die genauso einzigartig sind wie dieser Schmuck. Das eif\u00f6rmige Ornament mit Blumenverzierung habe ich &#8211;in Handarbeit gefilzt&#8211;.<\/p>\n<p>H\u00f6he: ca. 7,2 cm<\/p>\n","protected":false},"excerpt":{"rendered":"<p>Die Ohrgeh\u00e4nge &#8211;&#8222;Flower-Power&#8220;&#8211; sind das Richtige f\u00fcr Individualisten, die genauso einzigartig sind wie dieser Schmuck. Das eif\u00f6rmige Ornament mit Blumenverzierung habe ich &#8211;in Handarbeit gefilzt&#8211;. H\u00f6he: ca. 7,2 cm<\/p>\n","protected":false},"featured_media":1084,"template":"","meta":{"_acf_changed":false},"product_brand":[],"product_cat":[163,70],"product_tag":[],"class_list":{"0":"post-1083","1":"product","2":"type-product","3":"status-publish","4":"has-post-thumbnail","6":"product_cat-ohrringe","7":"product_cat-schmuck","9":"first","10":"instock","11":"purchasable","12":"product-type-simple"},"acf":[],"_links":{"self":[{"href":"https:\/\/www.regionalis.shop\/uschis-naturwerkstatt\/wp-json\/wp\/v2\/product\/1083","targetHints":{"allow":["GET"]}}],"collection":[{"href":"https:\/\/www.regionalis.shop\/uschis-naturwerkstatt\/wp-json\/wp\/v2\/product"}],"about":[{"href":"https:\/\/www.regionalis.shop\/uschis-naturwerkstatt\/wp-json\/wp\/v2\/types\/product"}],"wp:featuredmedia":[{"embeddable":true,"href":"https:\/\/www.regionalis.shop\/uschis-naturwerkstatt\/wp-json\/wp\/v2\/media\/1084"}],"wp:attachment":[{"href":"https:\/\/www.regionalis.shop\/uschis-naturwerkstatt\/wp-json\/wp\/v2\/media?parent=1083"}],"wp:term":[{"taxonomy":"product_brand","embeddable":true,"href":"https:\/\/www.regionalis.shop\/uschis-naturwerkstatt\/wp-json\/wp\/v2\/product_brand?post=1083"},{"taxonomy":"product_cat","embeddable":true,"href":"https:\/\/www.regionalis.shop\/uschis-naturwerkstatt\/wp-json\/wp\/v2\/product_cat?post=1083"},{"taxonomy":"product_tag","embeddable":true,"href":"https:\/\/www.regionalis.shop\/uschis-naturwerkstatt\/wp-json\/wp\/v2\/product_tag?post=1083"}],"curies":[{"name":"wp","href":"https:\/\/api.w.org\/{rel}","templated":true}]}}