{"id":1087,"date":"2025-04-18T06:42:38","date_gmt":"2025-04-18T04:42:38","guid":{"rendered":"https:\/\/www.regionalis.shop\/uschis-naturwerkstatt\/product\/ohrgehaenge-abendrot\/"},"modified":"2025-04-18T06:42:38","modified_gmt":"2025-04-18T04:42:38","slug":"ohrgehaenge-abendrot","status":"publish","type":"product","link":"https:\/\/www.regionalis.shop\/uschis-naturwerkstatt\/shop\/ohrgehaenge-abendrot\/","title":{"rendered":"*Ohrgeh\u00e4nge &#8222;Abendrot&#8220;*"},"content":{"rendered":"<p>Die Ohrgeh\u00e4nge Abendrot bestehen aus jeweils einer &#8211;handgefilzten Kugel&#8211; in den Farben grau, wei\u00df, rot und orange. Farblich abgestimmte Perlen und ein Stift machen diesen Ohrschmuck zu einem &#8211;wahren Hingucker&#8211;. <\/p>\n<p>Nat\u00fcrlich handelt es sich um ein &#8211;Unikat&#8211;. Du kannst also sicher seinn, dass du diesen Schmuck an niemand anderen sehen wirst.<\/p>\n<p>H\u00f6he: ca. 7,8 cm<\/p>\n","protected":false},"excerpt":{"rendered":"<p>Die Ohrgeh\u00e4nge Abendrot bestehen aus jeweils einer &#8211;handgefilzten Kugel&#8211; in den Farben grau, wei\u00df, rot und orange. Farblich abgestimmte Perlen und ein Stift machen diesen Ohrschmuck zu einem &#8211;wahren Hingucker&#8211;. Nat\u00fcrlich handelt es sich um ein &#8211;Unikat&#8211;. Du kannst also sicher seinn, dass du diesen Schmuck an niemand anderen sehen wirst. H\u00f6he: ca. 7,8 cm<\/p>\n","protected":false},"featured_media":1088,"template":"","meta":{"_acf_changed":false},"product_brand":[],"product_cat":[163,70],"product_tag":[],"class_list":{"0":"post-1087","1":"product","2":"type-product","3":"status-publish","4":"has-post-thumbnail","6":"product_cat-ohrringe","7":"product_cat-schmuck","9":"first","10":"instock","11":"purchasable","12":"product-type-simple"},"acf":[],"_links":{"self":[{"href":"https:\/\/www.regionalis.shop\/uschis-naturwerkstatt\/wp-json\/wp\/v2\/product\/1087","targetHints":{"allow":["GET"]}}],"collection":[{"href":"https:\/\/www.regionalis.shop\/uschis-naturwerkstatt\/wp-json\/wp\/v2\/product"}],"about":[{"href":"https:\/\/www.regionalis.shop\/uschis-naturwerkstatt\/wp-json\/wp\/v2\/types\/product"}],"wp:featuredmedia":[{"embeddable":true,"href":"https:\/\/www.regionalis.shop\/uschis-naturwerkstatt\/wp-json\/wp\/v2\/media\/1088"}],"wp:attachment":[{"href":"https:\/\/www.regionalis.shop\/uschis-naturwerkstatt\/wp-json\/wp\/v2\/media?parent=1087"}],"wp:term":[{"taxonomy":"product_brand","embeddable":true,"href":"https:\/\/www.regionalis.shop\/uschis-naturwerkstatt\/wp-json\/wp\/v2\/product_brand?post=1087"},{"taxonomy":"product_cat","embeddable":true,"href":"https:\/\/www.regionalis.shop\/uschis-naturwerkstatt\/wp-json\/wp\/v2\/product_cat?post=1087"},{"taxonomy":"product_tag","embeddable":true,"href":"https:\/\/www.regionalis.shop\/uschis-naturwerkstatt\/wp-json\/wp\/v2\/product_tag?post=1087"}],"curies":[{"name":"wp","href":"https:\/\/api.w.org\/{rel}","templated":true}]}}