{"id":1089,"date":"2025-04-18T06:42:38","date_gmt":"2025-04-18T04:42:38","guid":{"rendered":"https:\/\/www.regionalis.shop\/uschis-naturwerkstatt\/product\/ohrgehaenge-3kugeln\/"},"modified":"2025-04-18T06:42:38","modified_gmt":"2025-04-18T04:42:38","slug":"ohrgehaenge-3kugeln","status":"publish","type":"product","link":"https:\/\/www.regionalis.shop\/uschis-naturwerkstatt\/shop\/ohrgehaenge-3kugeln\/","title":{"rendered":"*Ohrgeh\u00e4nge &#8222;3Kugeln&#8220;*"},"content":{"rendered":"<p>Bei den Ohrgeh\u00e4ngen &#8222;3 Kugeln&#8220; handelt es sich &#8211; wie bei all meinen Schmuckst\u00fccken &#8211; um &#8211;Unikate&#8211;. <\/p>\n<p>Dieses Modell besteht aus 3 verschieden farbigen handgefilzten Kugeln.<\/p>\n<p>H\u00f6he: ca. 5,5 cm<\/p>\n","protected":false},"excerpt":{"rendered":"<p>Bei den Ohrgeh\u00e4ngen &#8222;3 Kugeln&#8220; handelt es sich &#8211; wie bei all meinen Schmuckst\u00fccken &#8211; um &#8211;Unikate&#8211;. Dieses Modell besteht aus 3 verschieden farbigen handgefilzten Kugeln. H\u00f6he: ca. 5,5 cm<\/p>\n","protected":false},"featured_media":1090,"template":"","meta":{"_acf_changed":false},"product_brand":[],"product_cat":[163,70],"product_tag":[],"class_list":{"0":"post-1089","1":"product","2":"type-product","3":"status-publish","4":"has-post-thumbnail","6":"product_cat-ohrringe","7":"product_cat-schmuck","9":"first","10":"instock","11":"purchasable","12":"product-type-simple"},"acf":[],"_links":{"self":[{"href":"https:\/\/www.regionalis.shop\/uschis-naturwerkstatt\/wp-json\/wp\/v2\/product\/1089","targetHints":{"allow":["GET"]}}],"collection":[{"href":"https:\/\/www.regionalis.shop\/uschis-naturwerkstatt\/wp-json\/wp\/v2\/product"}],"about":[{"href":"https:\/\/www.regionalis.shop\/uschis-naturwerkstatt\/wp-json\/wp\/v2\/types\/product"}],"wp:featuredmedia":[{"embeddable":true,"href":"https:\/\/www.regionalis.shop\/uschis-naturwerkstatt\/wp-json\/wp\/v2\/media\/1090"}],"wp:attachment":[{"href":"https:\/\/www.regionalis.shop\/uschis-naturwerkstatt\/wp-json\/wp\/v2\/media?parent=1089"}],"wp:term":[{"taxonomy":"product_brand","embeddable":true,"href":"https:\/\/www.regionalis.shop\/uschis-naturwerkstatt\/wp-json\/wp\/v2\/product_brand?post=1089"},{"taxonomy":"product_cat","embeddable":true,"href":"https:\/\/www.regionalis.shop\/uschis-naturwerkstatt\/wp-json\/wp\/v2\/product_cat?post=1089"},{"taxonomy":"product_tag","embeddable":true,"href":"https:\/\/www.regionalis.shop\/uschis-naturwerkstatt\/wp-json\/wp\/v2\/product_tag?post=1089"}],"curies":[{"name":"wp","href":"https:\/\/api.w.org\/{rel}","templated":true}]}}