{"id":1091,"date":"2025-04-18T06:02:08","date_gmt":"2025-04-18T04:02:08","guid":{"rendered":"https:\/\/www.regionalis.shop\/uschis-naturwerkstatt\/product\/lavendelpoelsterchen-enjoy-the-little-things\/"},"modified":"2025-04-18T06:02:08","modified_gmt":"2025-04-18T04:02:08","slug":"lavendelpoelsterchen-enjoy-the-little-things","status":"publish","type":"product","link":"https:\/\/www.regionalis.shop\/uschis-naturwerkstatt\/shop\/lavendelpoelsterchen-enjoy-the-little-things\/","title":{"rendered":"* Lavendelp\u00f6lsterchen &#8222;Enjoy the little things&#8220;"},"content":{"rendered":"<p>Das Lavendelp\u00f6lsterchen &#8222;Enjoy th little things&#8220; habe ich mit Dinkelspelzen und feinen Lavendelbl\u00fcten gef\u00fcllt. Es duftet himmlisch. Neben den Kopfpolster gelegt, kann es f\u00fcr einen besseren Schlaf sorgen. Es ist ein h\u00fcbsches kleines Geschenk oder Mitbringsel f\u00fcr Menschen, die man daran erinnern mag, dass es sich lohnt die kleinen Dinge des Lebens zu genie\u00dfen.<\/p>\n<p>Die R\u00fcckseite ist schwarz-wei\u00df gestreift.<\/p>\n<p>Ma\u00dfe: ca. 11,5 cm x 10,5 cm<\/p>\n","protected":false},"excerpt":{"rendered":"<p>Das Lavendelp\u00f6lsterchen &#8222;Enjoy th little things&#8220; habe ich mit Dinkelspelzen und feinen Lavendelbl\u00fcten gef\u00fcllt. Es duftet himmlisch. Neben den Kopfpolster gelegt, kann es f\u00fcr einen besseren Schlaf sorgen. Es ist ein h\u00fcbsches kleines Geschenk oder Mitbringsel f\u00fcr Menschen, die man daran erinnern mag, dass es sich lohnt die kleinen Dinge des Lebens zu genie\u00dfen. Die &hellip; <a href=\"https:\/\/www.regionalis.shop\/uschis-naturwerkstatt\/shop\/lavendelpoelsterchen-enjoy-the-little-things\/\">Continued<\/a><\/p>\n","protected":false},"featured_media":1092,"template":"","meta":{"_acf_changed":false},"product_brand":[],"product_cat":[162,83],"product_tag":[],"class_list":{"0":"post-1091","1":"product","2":"type-product","3":"status-publish","4":"has-post-thumbnail","6":"product_cat-null","7":"product_cat-sonstiges","9":"first","10":"instock","11":"purchasable","12":"product-type-simple"},"acf":[],"_links":{"self":[{"href":"https:\/\/www.regionalis.shop\/uschis-naturwerkstatt\/wp-json\/wp\/v2\/product\/1091","targetHints":{"allow":["GET"]}}],"collection":[{"href":"https:\/\/www.regionalis.shop\/uschis-naturwerkstatt\/wp-json\/wp\/v2\/product"}],"about":[{"href":"https:\/\/www.regionalis.shop\/uschis-naturwerkstatt\/wp-json\/wp\/v2\/types\/product"}],"wp:featuredmedia":[{"embeddable":true,"href":"https:\/\/www.regionalis.shop\/uschis-naturwerkstatt\/wp-json\/wp\/v2\/media\/1092"}],"wp:attachment":[{"href":"https:\/\/www.regionalis.shop\/uschis-naturwerkstatt\/wp-json\/wp\/v2\/media?parent=1091"}],"wp:term":[{"taxonomy":"product_brand","embeddable":true,"href":"https:\/\/www.regionalis.shop\/uschis-naturwerkstatt\/wp-json\/wp\/v2\/product_brand?post=1091"},{"taxonomy":"product_cat","embeddable":true,"href":"https:\/\/www.regionalis.shop\/uschis-naturwerkstatt\/wp-json\/wp\/v2\/product_cat?post=1091"},{"taxonomy":"product_tag","embeddable":true,"href":"https:\/\/www.regionalis.shop\/uschis-naturwerkstatt\/wp-json\/wp\/v2\/product_tag?post=1091"}],"curies":[{"name":"wp","href":"https:\/\/api.w.org\/{rel}","templated":true}]}}