{"id":1097,"date":"2025-04-18T05:48:00","date_gmt":"2025-04-18T03:48:00","guid":{"rendered":"https:\/\/www.regionalis.shop\/uschis-naturwerkstatt\/product\/lavendelduftherz-lieblingsmensch\/"},"modified":"2025-04-18T05:48:00","modified_gmt":"2025-04-18T03:48:00","slug":"lavendelduftherz-lieblingsmensch","status":"publish","type":"product","link":"https:\/\/www.regionalis.shop\/uschis-naturwerkstatt\/shop\/lavendelduftherz-lieblingsmensch\/","title":{"rendered":"* Lavendelduftherz &#8222;Lieblingsmensch&#8220;"},"content":{"rendered":"<p>Dieses liebevoll gen\u00e4hte Lavendelduftherz ist mit Lavendelbl\u00fcten, Zirbenflocken und Dinkelspelzen gef\u00fcllt. Es verstr\u00f6mt einen wunderbaren Duft, der gleich f\u00fcr ein Wohlgef\u00fchl sorgt. Auf der Vorderseite steht \u201eLieblingsmensch\u201c.<\/p>\n<p>Das Herz ist eine h\u00fcbsches, nachhaltiges Geschenk f\u00fcr einen geliebten Menschen.<\/p>\n<p>&#8211;Ma\u00dfe:&#8211; ca. 13 cm x 10 cm<\/p>\n","protected":false},"excerpt":{"rendered":"<p>Dieses liebevoll gen\u00e4hte Lavendelduftherz ist mit Lavendelbl\u00fcten, Zirbenflocken und Dinkelspelzen gef\u00fcllt. Es verstr\u00f6mt einen wunderbaren Duft, der gleich f\u00fcr ein Wohlgef\u00fchl sorgt. Auf der Vorderseite steht \u201eLieblingsmensch\u201c. Das Herz ist eine h\u00fcbsches, nachhaltiges Geschenk f\u00fcr einen geliebten Menschen. &#8211;Ma\u00dfe:&#8211; ca. 13 cm x 10 cm<\/p>\n","protected":false},"featured_media":1098,"template":"","meta":{"_acf_changed":false},"product_brand":[],"product_cat":[162,83],"product_tag":[],"class_list":{"0":"post-1097","1":"product","2":"type-product","3":"status-publish","4":"has-post-thumbnail","6":"product_cat-null","7":"product_cat-sonstiges","9":"first","10":"instock","11":"purchasable","12":"product-type-simple"},"acf":[],"_links":{"self":[{"href":"https:\/\/www.regionalis.shop\/uschis-naturwerkstatt\/wp-json\/wp\/v2\/product\/1097","targetHints":{"allow":["GET"]}}],"collection":[{"href":"https:\/\/www.regionalis.shop\/uschis-naturwerkstatt\/wp-json\/wp\/v2\/product"}],"about":[{"href":"https:\/\/www.regionalis.shop\/uschis-naturwerkstatt\/wp-json\/wp\/v2\/types\/product"}],"wp:featuredmedia":[{"embeddable":true,"href":"https:\/\/www.regionalis.shop\/uschis-naturwerkstatt\/wp-json\/wp\/v2\/media\/1098"}],"wp:attachment":[{"href":"https:\/\/www.regionalis.shop\/uschis-naturwerkstatt\/wp-json\/wp\/v2\/media?parent=1097"}],"wp:term":[{"taxonomy":"product_brand","embeddable":true,"href":"https:\/\/www.regionalis.shop\/uschis-naturwerkstatt\/wp-json\/wp\/v2\/product_brand?post=1097"},{"taxonomy":"product_cat","embeddable":true,"href":"https:\/\/www.regionalis.shop\/uschis-naturwerkstatt\/wp-json\/wp\/v2\/product_cat?post=1097"},{"taxonomy":"product_tag","embeddable":true,"href":"https:\/\/www.regionalis.shop\/uschis-naturwerkstatt\/wp-json\/wp\/v2\/product_tag?post=1097"}],"curies":[{"name":"wp","href":"https:\/\/api.w.org\/{rel}","templated":true}]}}