{"id":1100,"date":"2025-04-18T05:48:00","date_gmt":"2025-04-18T03:48:00","guid":{"rendered":"https:\/\/www.regionalis.shop\/uschis-naturwerkstatt\/product\/lavendelsaeckchen-mit-spitze\/"},"modified":"2025-04-18T05:48:00","modified_gmt":"2025-04-18T03:48:00","slug":"lavendelsaeckchen-mit-spitze","status":"publish","type":"product","link":"https:\/\/www.regionalis.shop\/uschis-naturwerkstatt\/shop\/lavendelsaeckchen-mit-spitze\/","title":{"rendered":"* Lavendels\u00e4ckchen mit Spitze"},"content":{"rendered":"<p>Das Lavendels\u00e4ckchen mit Fach f\u00fcr Gutschein ist mit einer Mischung aus Zirbe, Dinkelspelzen und feinen Lavendelbl\u00fcten gef\u00fcllt. Es duftet himmlisch. Neben den Kopfpolster gelegt, kann es f\u00fcr einen besseren Schlaf sorgen. Es ist ein h\u00fcbsches Geschenk f\u00fcr einen Menschen, den man liebt. Vorne kannst du einen Gutschein, eine Botschaft, einen Liebesbrief oder ein Geldgeschenk in die Spitze stecken.<\/p>\n<p>Der Stoff und die Spitze sind aus reiner Baumwolle. Ich habe es mit einem Anh\u00e4nger verziert, auf dem \u201eF\u00fcr Dich\u201c steht.  Gerne kannst du auf der R\u00fcckseite des Anh\u00e4ngers noch etwas notieren.<\/p>\n<p>Ma\u00dfe: ca. 14 cm x 8 cm<\/p>\n","protected":false},"excerpt":{"rendered":"<p>Das Lavendels\u00e4ckchen mit Fach f\u00fcr Gutschein ist mit einer Mischung aus Zirbe, Dinkelspelzen und feinen Lavendelbl\u00fcten gef\u00fcllt. Es duftet himmlisch. Neben den Kopfpolster gelegt, kann es f\u00fcr einen besseren Schlaf sorgen. Es ist ein h\u00fcbsches Geschenk f\u00fcr einen Menschen, den man liebt. Vorne kannst du einen Gutschein, eine Botschaft, einen Liebesbrief oder ein Geldgeschenk in &hellip; <a href=\"https:\/\/www.regionalis.shop\/uschis-naturwerkstatt\/shop\/lavendelsaeckchen-mit-spitze\/\">Continued<\/a><\/p>\n","protected":false},"featured_media":1101,"template":"","meta":{"_acf_changed":false},"product_brand":[],"product_cat":[162,83],"product_tag":[],"class_list":{"0":"post-1100","1":"product","2":"type-product","3":"status-publish","4":"has-post-thumbnail","6":"product_cat-null","7":"product_cat-sonstiges","9":"first","10":"instock","11":"purchasable","12":"product-type-simple"},"acf":[],"_links":{"self":[{"href":"https:\/\/www.regionalis.shop\/uschis-naturwerkstatt\/wp-json\/wp\/v2\/product\/1100","targetHints":{"allow":["GET"]}}],"collection":[{"href":"https:\/\/www.regionalis.shop\/uschis-naturwerkstatt\/wp-json\/wp\/v2\/product"}],"about":[{"href":"https:\/\/www.regionalis.shop\/uschis-naturwerkstatt\/wp-json\/wp\/v2\/types\/product"}],"wp:featuredmedia":[{"embeddable":true,"href":"https:\/\/www.regionalis.shop\/uschis-naturwerkstatt\/wp-json\/wp\/v2\/media\/1101"}],"wp:attachment":[{"href":"https:\/\/www.regionalis.shop\/uschis-naturwerkstatt\/wp-json\/wp\/v2\/media?parent=1100"}],"wp:term":[{"taxonomy":"product_brand","embeddable":true,"href":"https:\/\/www.regionalis.shop\/uschis-naturwerkstatt\/wp-json\/wp\/v2\/product_brand?post=1100"},{"taxonomy":"product_cat","embeddable":true,"href":"https:\/\/www.regionalis.shop\/uschis-naturwerkstatt\/wp-json\/wp\/v2\/product_cat?post=1100"},{"taxonomy":"product_tag","embeddable":true,"href":"https:\/\/www.regionalis.shop\/uschis-naturwerkstatt\/wp-json\/wp\/v2\/product_tag?post=1100"}],"curies":[{"name":"wp","href":"https:\/\/api.w.org\/{rel}","templated":true}]}}