{"id":1103,"date":"2025-04-18T04:04:49","date_gmt":"2025-04-18T02:04:49","guid":{"rendered":"https:\/\/www.regionalis.shop\/uschis-naturwerkstatt\/product\/personalisierte-christbaumkugel-in-geschenkschachtel\/"},"modified":"2025-04-18T04:04:49","modified_gmt":"2025-04-18T02:04:49","slug":"personalisierte-christbaumkugel-in-geschenkschachtel","status":"publish","type":"product","link":"https:\/\/www.regionalis.shop\/uschis-naturwerkstatt\/shop\/personalisierte-christbaumkugel-in-geschenkschachtel\/","title":{"rendered":"Personalisierte Christbaumkugel in Geschenkschachtel *"},"content":{"rendered":"<p>Du suchst nach einer &#8211;originellen Geschenkidee&#8211;?<\/p>\n<p>Wie w\u00e4re es mit einer &#8211;Christbaumkugel mit Wunschtext&#8211;. Du kannst entweder den Vornamen, Kosenamen oder Vereinsnamen w\u00e4hlen. <\/p>\n<p>Bitte gib bei der Bestellung folgende W\u00fcnsche an:<br \/>\n&#8211;Farbe der Kugel:&#8211;<br \/>\n  rot  gl\u00e4nzend<br \/>\n  gr\u00fcn matt oder gl\u00e4nzend<br \/>\n  silber gl\u00e4nzend<br \/>\n  cognac<br \/>\n  gold gl\u00e4nzend<br \/>\n  wei\u00df<br \/>\n  dunkelbraun gl\u00e4nzend<br \/>\n  dunkelblau<\/p>\n<p>  elfenbein<br \/>\n  bronze<\/p>\n<p>&#8211;Schriftfarbe:&#8211;<br \/>\n  gold<br \/>\n  silber<br \/>\n  wei\u00df<br \/>\n  schwarz<\/p>\n<p>&#8211;Wunschtext&#8211;<\/p>\n<p>Die Weihnachtskugel ist aus Glas und ca. 5,8 cm gro\u00df. <\/p>\n<p>Die Kugel wird einer wei\u00dfen Geschenkschachtel, die h\u00e4ndisch mit einem Schneekristallmuster gepr\u00e4gt habe, geliefert. Sie liegt auf einem weichen Schnee-Vlies.<\/p>\n","protected":false},"excerpt":{"rendered":"<p>Du suchst nach einer &#8211;originellen Geschenkidee&#8211;? Wie w\u00e4re es mit einer &#8211;Christbaumkugel mit Wunschtext&#8211;. Du kannst entweder den Vornamen, Kosenamen oder Vereinsnamen w\u00e4hlen. Bitte gib bei der Bestellung folgende W\u00fcnsche an: &#8211;Farbe der Kugel:&#8211; rot gl\u00e4nzend gr\u00fcn matt oder gl\u00e4nzend silber gl\u00e4nzend cognac gold gl\u00e4nzend wei\u00df dunkelbraun gl\u00e4nzend dunkelblau elfenbein bronze &#8211;Schriftfarbe:&#8211; gold silber wei\u00df &hellip; <a href=\"https:\/\/www.regionalis.shop\/uschis-naturwerkstatt\/shop\/personalisierte-christbaumkugel-in-geschenkschachtel\/\">Continued<\/a><\/p>\n","protected":false},"featured_media":1104,"template":"","meta":{"_acf_changed":false},"product_brand":[],"product_cat":[173,103],"product_tag":[],"class_list":{"0":"post-1103","1":"product","2":"type-product","3":"status-publish","4":"has-post-thumbnail","6":"product_cat-weihnachten","7":"product_cat-wohnen-deko","9":"first","10":"instock","11":"purchasable","12":"product-type-simple"},"acf":[],"_links":{"self":[{"href":"https:\/\/www.regionalis.shop\/uschis-naturwerkstatt\/wp-json\/wp\/v2\/product\/1103","targetHints":{"allow":["GET"]}}],"collection":[{"href":"https:\/\/www.regionalis.shop\/uschis-naturwerkstatt\/wp-json\/wp\/v2\/product"}],"about":[{"href":"https:\/\/www.regionalis.shop\/uschis-naturwerkstatt\/wp-json\/wp\/v2\/types\/product"}],"wp:featuredmedia":[{"embeddable":true,"href":"https:\/\/www.regionalis.shop\/uschis-naturwerkstatt\/wp-json\/wp\/v2\/media\/1104"}],"wp:attachment":[{"href":"https:\/\/www.regionalis.shop\/uschis-naturwerkstatt\/wp-json\/wp\/v2\/media?parent=1103"}],"wp:term":[{"taxonomy":"product_brand","embeddable":true,"href":"https:\/\/www.regionalis.shop\/uschis-naturwerkstatt\/wp-json\/wp\/v2\/product_brand?post=1103"},{"taxonomy":"product_cat","embeddable":true,"href":"https:\/\/www.regionalis.shop\/uschis-naturwerkstatt\/wp-json\/wp\/v2\/product_cat?post=1103"},{"taxonomy":"product_tag","embeddable":true,"href":"https:\/\/www.regionalis.shop\/uschis-naturwerkstatt\/wp-json\/wp\/v2\/product_tag?post=1103"}],"curies":[{"name":"wp","href":"https:\/\/api.w.org\/{rel}","templated":true}]}}