{"id":1112,"date":"2025-04-18T03:53:33","date_gmt":"2025-04-18T01:53:33","guid":{"rendered":"https:\/\/www.regionalis.shop\/uschis-naturwerkstatt\/product\/topflappenset-pfotenschutz-eckig\/"},"modified":"2025-04-18T03:53:33","modified_gmt":"2025-04-18T01:53:33","slug":"topflappenset-pfotenschutz-eckig","status":"publish","type":"product","link":"https:\/\/www.regionalis.shop\/uschis-naturwerkstatt\/shop\/topflappenset-pfotenschutz-eckig\/","title":{"rendered":"*Topflappenset &#8222;Pfotenschutz&#8220; eckig*"},"content":{"rendered":"<p>Das Set besteht aus zwei unterschiedlichen auf einander abgestimmten Topflappen. Sie haben eine praktische Einschubtasche f\u00fcr die H\u00e4nde.<\/p>\n<p>Sie sind eine ausgefallene Geschenkidee f\u00fcr jeden Tierfreund.<\/p>\n<p>Ma\u00dfe: ca. 21 cm x 21 cm<\/p>\n<p>Sie bestehen aus 80 % Baumwolle und 20 % Polyester und sind bei 30\u00b0 waschbar.<\/p>\n","protected":false},"excerpt":{"rendered":"<p>Das Set besteht aus zwei unterschiedlichen auf einander abgestimmten Topflappen. Sie haben eine praktische Einschubtasche f\u00fcr die H\u00e4nde. Sie sind eine ausgefallene Geschenkidee f\u00fcr jeden Tierfreund. Ma\u00dfe: ca. 21 cm x 21 cm Sie bestehen aus 80 % Baumwolle und 20 % Polyester und sind bei 30\u00b0 waschbar.<\/p>\n","protected":false},"featured_media":1113,"template":"","meta":{"_acf_changed":false},"product_brand":[],"product_cat":[103,104],"product_tag":[],"class_list":{"0":"post-1112","1":"product","2":"type-product","3":"status-publish","4":"has-post-thumbnail","6":"product_cat-wohnen-deko","7":"product_cat-wohntextilien","9":"first","10":"instock","11":"purchasable","12":"product-type-simple"},"acf":[],"_links":{"self":[{"href":"https:\/\/www.regionalis.shop\/uschis-naturwerkstatt\/wp-json\/wp\/v2\/product\/1112","targetHints":{"allow":["GET"]}}],"collection":[{"href":"https:\/\/www.regionalis.shop\/uschis-naturwerkstatt\/wp-json\/wp\/v2\/product"}],"about":[{"href":"https:\/\/www.regionalis.shop\/uschis-naturwerkstatt\/wp-json\/wp\/v2\/types\/product"}],"wp:featuredmedia":[{"embeddable":true,"href":"https:\/\/www.regionalis.shop\/uschis-naturwerkstatt\/wp-json\/wp\/v2\/media\/1113"}],"wp:attachment":[{"href":"https:\/\/www.regionalis.shop\/uschis-naturwerkstatt\/wp-json\/wp\/v2\/media?parent=1112"}],"wp:term":[{"taxonomy":"product_brand","embeddable":true,"href":"https:\/\/www.regionalis.shop\/uschis-naturwerkstatt\/wp-json\/wp\/v2\/product_brand?post=1112"},{"taxonomy":"product_cat","embeddable":true,"href":"https:\/\/www.regionalis.shop\/uschis-naturwerkstatt\/wp-json\/wp\/v2\/product_cat?post=1112"},{"taxonomy":"product_tag","embeddable":true,"href":"https:\/\/www.regionalis.shop\/uschis-naturwerkstatt\/wp-json\/wp\/v2\/product_tag?post=1112"}],"curies":[{"name":"wp","href":"https:\/\/api.w.org\/{rel}","templated":true}]}}