{"id":1119,"date":"2025-04-18T03:53:33","date_gmt":"2025-04-18T01:53:33","guid":{"rendered":"https:\/\/www.regionalis.shop\/uschis-naturwerkstatt\/product\/zirbenpolster-yorkie\/"},"modified":"2025-04-18T03:53:33","modified_gmt":"2025-04-18T01:53:33","slug":"zirbenpolster-yorkie","status":"publish","type":"product","link":"https:\/\/www.regionalis.shop\/uschis-naturwerkstatt\/shop\/zirbenpolster-yorkie\/","title":{"rendered":"*Zirbenpolster &#8222;Yorkie&#8220;*"},"content":{"rendered":"<p>Dieses Kissen ist ein tolles Geschenk f\u00fcr alle Fans von Yorkshire-Terriern. <\/p>\n<p>Der Stoff ist aus reiner Baumwolle mit einem wundersch\u00f6nen Hundeportrait. Zus\u00e4tzlich habe ich diesen herzigen Polster mit einer kleinen Satinmasche verziert.<\/p>\n<p>Zirbenholz wird eine beruhigende Wirkung auf den Organismus und  positive Auswirkungen auf Kreislauf, Wohlbefinden und vegetative Regulation nachgesagt.<\/p>\n<p>Der Polster kann bei Schlaflosigkeit und innerer Unruhe gute Dienste leisten.<\/p>\n<p>Der Stoff wurde vor der Verarbeitung 1 x gewaschen, um eventuelle Impr\u00e4gnierungen zu entfernen und besteht zu 100% aus Baumwolle.<\/p>\n<p>Ma\u00dfe: ca. 17 cm x 17 cm<\/p>\n","protected":false},"excerpt":{"rendered":"<p>Dieses Kissen ist ein tolles Geschenk f\u00fcr alle Fans von Yorkshire-Terriern. Der Stoff ist aus reiner Baumwolle mit einem wundersch\u00f6nen Hundeportrait. Zus\u00e4tzlich habe ich diesen herzigen Polster mit einer kleinen Satinmasche verziert. Zirbenholz wird eine beruhigende Wirkung auf den Organismus und positive Auswirkungen auf Kreislauf, Wohlbefinden und vegetative Regulation nachgesagt. Der Polster kann bei Schlaflosigkeit &hellip; <a href=\"https:\/\/www.regionalis.shop\/uschis-naturwerkstatt\/shop\/zirbenpolster-yorkie\/\">Continued<\/a><\/p>\n","protected":false},"featured_media":1120,"template":"","meta":{"_acf_changed":false},"product_brand":[],"product_cat":[103,104],"product_tag":[],"class_list":{"0":"post-1119","1":"product","2":"type-product","3":"status-publish","4":"has-post-thumbnail","6":"product_cat-wohnen-deko","7":"product_cat-wohntextilien","9":"first","10":"instock","11":"purchasable","12":"product-type-simple"},"acf":[],"_links":{"self":[{"href":"https:\/\/www.regionalis.shop\/uschis-naturwerkstatt\/wp-json\/wp\/v2\/product\/1119","targetHints":{"allow":["GET"]}}],"collection":[{"href":"https:\/\/www.regionalis.shop\/uschis-naturwerkstatt\/wp-json\/wp\/v2\/product"}],"about":[{"href":"https:\/\/www.regionalis.shop\/uschis-naturwerkstatt\/wp-json\/wp\/v2\/types\/product"}],"wp:featuredmedia":[{"embeddable":true,"href":"https:\/\/www.regionalis.shop\/uschis-naturwerkstatt\/wp-json\/wp\/v2\/media\/1120"}],"wp:attachment":[{"href":"https:\/\/www.regionalis.shop\/uschis-naturwerkstatt\/wp-json\/wp\/v2\/media?parent=1119"}],"wp:term":[{"taxonomy":"product_brand","embeddable":true,"href":"https:\/\/www.regionalis.shop\/uschis-naturwerkstatt\/wp-json\/wp\/v2\/product_brand?post=1119"},{"taxonomy":"product_cat","embeddable":true,"href":"https:\/\/www.regionalis.shop\/uschis-naturwerkstatt\/wp-json\/wp\/v2\/product_cat?post=1119"},{"taxonomy":"product_tag","embeddable":true,"href":"https:\/\/www.regionalis.shop\/uschis-naturwerkstatt\/wp-json\/wp\/v2\/product_tag?post=1119"}],"curies":[{"name":"wp","href":"https:\/\/api.w.org\/{rel}","templated":true}]}}