{"id":1142,"date":"2025-04-18T02:17:17","date_gmt":"2025-04-18T00:17:17","guid":{"rendered":"https:\/\/www.regionalis.shop\/uschis-naturwerkstatt\/product\/zirben-dinkelpolster-kariert-abziehbar\/"},"modified":"2025-04-18T02:17:17","modified_gmt":"2025-04-18T00:17:17","slug":"zirben-dinkelpolster-kariert-abziehbar","status":"publish","type":"product","link":"https:\/\/www.regionalis.shop\/uschis-naturwerkstatt\/shop\/zirben-dinkelpolster-kariert-abziehbar\/","title":{"rendered":"*Zirben-Dinkelpolster kariert, abziehbar*"},"content":{"rendered":"<p>Dieses Kissen besteht aus 2 Teilen: einem Polster aus wei\u00dfer Baumwolle, der mit Zirbenflocken und Dinkelspelzen gef\u00fcllt ist und einem \u00dcberzug.<\/p>\n<p>Der \u00dcberzug ist aus reiner Baumwolle und hat einen Hotelverschluss.<\/p>\n<p>Zirbenholz wird eine beruhigende Wirkung auf den Organismus und  positive Auswirkungen auf Kreislauf, Wohlbefinden und vegetative Regulation nachgesagt.<br \/>\nDie Dinkelspelzen sorgen daf\u00fcr, dass der Polster seine Form l\u00e4nger beh\u00e4lt.<\/p>\n<p>Der Polster kann bei Schlaflosigkeit und innerer Unruhe gute Dienste leisten.<\/p>\n<p>Alle Stoffe wurde vor der Verarbeitung 1 x gewaschen, um eventuelle Impr\u00e4gnierungen zu entfernen.<\/p>\n<p>Ma\u00dfe:  ca. 35 cm x 20 cm<\/p>\n","protected":false},"excerpt":{"rendered":"<p>Dieses Kissen besteht aus 2 Teilen: einem Polster aus wei\u00dfer Baumwolle, der mit Zirbenflocken und Dinkelspelzen gef\u00fcllt ist und einem \u00dcberzug. Der \u00dcberzug ist aus reiner Baumwolle und hat einen Hotelverschluss. Zirbenholz wird eine beruhigende Wirkung auf den Organismus und positive Auswirkungen auf Kreislauf, Wohlbefinden und vegetative Regulation nachgesagt. Die Dinkelspelzen sorgen daf\u00fcr, dass der &hellip; <a href=\"https:\/\/www.regionalis.shop\/uschis-naturwerkstatt\/shop\/zirben-dinkelpolster-kariert-abziehbar\/\">Continued<\/a><\/p>\n","protected":false},"featured_media":1143,"template":"","meta":{"_acf_changed":false},"product_brand":[],"product_cat":[103,104],"product_tag":[],"class_list":{"0":"post-1142","1":"product","2":"type-product","3":"status-publish","4":"has-post-thumbnail","6":"product_cat-wohnen-deko","7":"product_cat-wohntextilien","9":"first","10":"instock","11":"purchasable","12":"product-type-simple"},"acf":[],"_links":{"self":[{"href":"https:\/\/www.regionalis.shop\/uschis-naturwerkstatt\/wp-json\/wp\/v2\/product\/1142","targetHints":{"allow":["GET"]}}],"collection":[{"href":"https:\/\/www.regionalis.shop\/uschis-naturwerkstatt\/wp-json\/wp\/v2\/product"}],"about":[{"href":"https:\/\/www.regionalis.shop\/uschis-naturwerkstatt\/wp-json\/wp\/v2\/types\/product"}],"wp:featuredmedia":[{"embeddable":true,"href":"https:\/\/www.regionalis.shop\/uschis-naturwerkstatt\/wp-json\/wp\/v2\/media\/1143"}],"wp:attachment":[{"href":"https:\/\/www.regionalis.shop\/uschis-naturwerkstatt\/wp-json\/wp\/v2\/media?parent=1142"}],"wp:term":[{"taxonomy":"product_brand","embeddable":true,"href":"https:\/\/www.regionalis.shop\/uschis-naturwerkstatt\/wp-json\/wp\/v2\/product_brand?post=1142"},{"taxonomy":"product_cat","embeddable":true,"href":"https:\/\/www.regionalis.shop\/uschis-naturwerkstatt\/wp-json\/wp\/v2\/product_cat?post=1142"},{"taxonomy":"product_tag","embeddable":true,"href":"https:\/\/www.regionalis.shop\/uschis-naturwerkstatt\/wp-json\/wp\/v2\/product_tag?post=1142"}],"curies":[{"name":"wp","href":"https:\/\/api.w.org\/{rel}","templated":true}]}}