{"id":1146,"date":"2025-04-18T02:13:34","date_gmt":"2025-04-18T00:13:34","guid":{"rendered":"https:\/\/www.regionalis.shop\/uschis-naturwerkstatt\/product\/taschentuchetui-tatuebox-dunkelblau\/"},"modified":"2025-04-18T02:13:34","modified_gmt":"2025-04-18T00:13:34","slug":"taschentuchetui-tatuebox-dunkelblau","status":"publish","type":"product","link":"https:\/\/www.regionalis.shop\/uschis-naturwerkstatt\/shop\/taschentuchetui-tatuebox-dunkelblau\/","title":{"rendered":"*Taschentuchetui &#8211; Tat\u00fcbox* dunkelblau"},"content":{"rendered":"<p>Dieses Taschentuchetui sieht nicht nur h\u00fcbsch aus, es ist auch super praktisch f\u00fcr die Handtasche, den Aktenkoffer oder die Schultasche. Dar\u00fcber hinaus ist es auch g\u00fcnstiger und umweltfreundlicher, wenn du eine Gro\u00dfpackung Taschent\u00fccher kaufst. So ersparst du dir viele kleine Plastikverpackungen.<\/p>\n<p>Du kannst die Taschentuchbox auch waschen. Ich habe sie aus 2 verschiedenen Baumwollstoffen gen\u00e4ht.<\/p>\n<p>Ma\u00dfe: ca. 9 cm x 13 cm<\/p>\n","protected":false},"excerpt":{"rendered":"<p>Dieses Taschentuchetui sieht nicht nur h\u00fcbsch aus, es ist auch super praktisch f\u00fcr die Handtasche, den Aktenkoffer oder die Schultasche. Dar\u00fcber hinaus ist es auch g\u00fcnstiger und umweltfreundlicher, wenn du eine Gro\u00dfpackung Taschent\u00fccher kaufst. So ersparst du dir viele kleine Plastikverpackungen. Du kannst die Taschentuchbox auch waschen. Ich habe sie aus 2 verschiedenen Baumwollstoffen gen\u00e4ht. &hellip; <a href=\"https:\/\/www.regionalis.shop\/uschis-naturwerkstatt\/shop\/taschentuchetui-tatuebox-dunkelblau\/\">Continued<\/a><\/p>\n","protected":false},"featured_media":1147,"template":"","meta":{"_acf_changed":false},"product_brand":[],"product_cat":[37,82],"product_tag":[],"class_list":{"0":"post-1146","1":"product","2":"type-product","3":"status-publish","4":"has-post-thumbnail","6":"product_cat-accessoires","7":"product_cat-sonstiges-accessoires","9":"first","10":"instock","11":"purchasable","12":"product-type-simple"},"acf":[],"_links":{"self":[{"href":"https:\/\/www.regionalis.shop\/uschis-naturwerkstatt\/wp-json\/wp\/v2\/product\/1146","targetHints":{"allow":["GET"]}}],"collection":[{"href":"https:\/\/www.regionalis.shop\/uschis-naturwerkstatt\/wp-json\/wp\/v2\/product"}],"about":[{"href":"https:\/\/www.regionalis.shop\/uschis-naturwerkstatt\/wp-json\/wp\/v2\/types\/product"}],"wp:featuredmedia":[{"embeddable":true,"href":"https:\/\/www.regionalis.shop\/uschis-naturwerkstatt\/wp-json\/wp\/v2\/media\/1147"}],"wp:attachment":[{"href":"https:\/\/www.regionalis.shop\/uschis-naturwerkstatt\/wp-json\/wp\/v2\/media?parent=1146"}],"wp:term":[{"taxonomy":"product_brand","embeddable":true,"href":"https:\/\/www.regionalis.shop\/uschis-naturwerkstatt\/wp-json\/wp\/v2\/product_brand?post=1146"},{"taxonomy":"product_cat","embeddable":true,"href":"https:\/\/www.regionalis.shop\/uschis-naturwerkstatt\/wp-json\/wp\/v2\/product_cat?post=1146"},{"taxonomy":"product_tag","embeddable":true,"href":"https:\/\/www.regionalis.shop\/uschis-naturwerkstatt\/wp-json\/wp\/v2\/product_tag?post=1146"}],"curies":[{"name":"wp","href":"https:\/\/api.w.org\/{rel}","templated":true}]}}