{"id":1154,"date":"2025-04-18T02:00:59","date_gmt":"2025-04-18T00:00:59","guid":{"rendered":"https:\/\/www.regionalis.shop\/uschis-naturwerkstatt\/product\/lavendel-zirbensaeckchen-fuer-die-liebste-mama\/"},"modified":"2025-04-18T02:00:59","modified_gmt":"2025-04-18T00:00:59","slug":"lavendel-zirbensaeckchen-fuer-die-liebste-mama","status":"publish","type":"product","link":"https:\/\/www.regionalis.shop\/uschis-naturwerkstatt\/shop\/lavendel-zirbensaeckchen-fuer-die-liebste-mama\/","title":{"rendered":"*Lavendel-Zirbens\u00e4ckchen f\u00fcr die liebste Mama"},"content":{"rendered":"<p>Dieses Zirbe-Lavendels\u00e4ckchen mit dem herzf\u00f6rmigen Anh\u00e4nger ist ein h\u00fcbsches kleines Geschenk zum Muttertag.  Abgesehen davon ist es auch sonst eine wunderbare M\u00f6glichkeit, um deiner Mama \u201eDanke\u201c zu sagen.<\/p>\n<p>Es ist mit Zirbenflocken und Lavendelbl\u00fcten gef\u00fcllt. Deshalb verstr\u00f6mt es auch einen beruhigenden Duft.<\/p>\n<p>Auf dem Herzanh\u00e4nger steht: \u201eF\u00fcr die liebste Mama\u201c<\/p>\n<p>Ma\u00dfe: ca. 15 cm x 8 cm<\/p>\n","protected":false},"excerpt":{"rendered":"<p>Dieses Zirbe-Lavendels\u00e4ckchen mit dem herzf\u00f6rmigen Anh\u00e4nger ist ein h\u00fcbsches kleines Geschenk zum Muttertag. Abgesehen davon ist es auch sonst eine wunderbare M\u00f6glichkeit, um deiner Mama \u201eDanke\u201c zu sagen. Es ist mit Zirbenflocken und Lavendelbl\u00fcten gef\u00fcllt. Deshalb verstr\u00f6mt es auch einen beruhigenden Duft. Auf dem Herzanh\u00e4nger steht: \u201eF\u00fcr die liebste Mama\u201c Ma\u00dfe: ca. 15 cm x &hellip; <a href=\"https:\/\/www.regionalis.shop\/uschis-naturwerkstatt\/shop\/lavendel-zirbensaeckchen-fuer-die-liebste-mama\/\">Continued<\/a><\/p>\n","protected":false},"featured_media":1155,"template":"","meta":{"_acf_changed":false},"product_brand":[],"product_cat":[103,104],"product_tag":[],"class_list":{"0":"post-1154","1":"product","2":"type-product","3":"status-publish","4":"has-post-thumbnail","6":"product_cat-wohnen-deko","7":"product_cat-wohntextilien","9":"first","10":"instock","11":"purchasable","12":"product-type-simple"},"acf":[],"_links":{"self":[{"href":"https:\/\/www.regionalis.shop\/uschis-naturwerkstatt\/wp-json\/wp\/v2\/product\/1154","targetHints":{"allow":["GET"]}}],"collection":[{"href":"https:\/\/www.regionalis.shop\/uschis-naturwerkstatt\/wp-json\/wp\/v2\/product"}],"about":[{"href":"https:\/\/www.regionalis.shop\/uschis-naturwerkstatt\/wp-json\/wp\/v2\/types\/product"}],"wp:featuredmedia":[{"embeddable":true,"href":"https:\/\/www.regionalis.shop\/uschis-naturwerkstatt\/wp-json\/wp\/v2\/media\/1155"}],"wp:attachment":[{"href":"https:\/\/www.regionalis.shop\/uschis-naturwerkstatt\/wp-json\/wp\/v2\/media?parent=1154"}],"wp:term":[{"taxonomy":"product_brand","embeddable":true,"href":"https:\/\/www.regionalis.shop\/uschis-naturwerkstatt\/wp-json\/wp\/v2\/product_brand?post=1154"},{"taxonomy":"product_cat","embeddable":true,"href":"https:\/\/www.regionalis.shop\/uschis-naturwerkstatt\/wp-json\/wp\/v2\/product_cat?post=1154"},{"taxonomy":"product_tag","embeddable":true,"href":"https:\/\/www.regionalis.shop\/uschis-naturwerkstatt\/wp-json\/wp\/v2\/product_tag?post=1154"}],"curies":[{"name":"wp","href":"https:\/\/api.w.org\/{rel}","templated":true}]}}