{"id":1157,"date":"2025-04-18T02:00:59","date_gmt":"2025-04-18T00:00:59","guid":{"rendered":"https:\/\/www.regionalis.shop\/uschis-naturwerkstatt\/product\/heilwollkissen-hasi\/"},"modified":"2025-04-18T02:00:59","modified_gmt":"2025-04-18T00:00:59","slug":"heilwollkissen-hasi","status":"publish","type":"product","link":"https:\/\/www.regionalis.shop\/uschis-naturwerkstatt\/shop\/heilwollkissen-hasi\/","title":{"rendered":"*Heilwollkissen &#8222;Hasi&#8220;"},"content":{"rendered":"<p>Das Heilwollkissen \u201eHasi\u201c ist mit Wolle vom Bioschaf gef\u00fcllt.  Ich habe es in liebevoller Handarbeit gen\u00e4ht.<\/p>\n<p>Schafwolle hat eine w\u00e4rmende Wirkung und eignet sich daher auch bei Wickelanwendungen wunderbar.<\/p>\n<p>Der Stoff wurde vor der Verarbeitung 1 x gewaschen und besteht aus reiner Baumwolle. Die Vorderseite mit dem herzigen Hasenmotiv ist sogar aus Bio-Baumwolle. Die R\u00fcckseite ist aus einem roten Baumwollstoff.<\/p>\n<p>Da das Kissen einen Hotelverschluss hat, kannst du den Bezug abziehen und waschen.<\/p>\n<p>Ma\u00dfe: ca. 29 cm x 14 cm<\/p>\n","protected":false},"excerpt":{"rendered":"<p>Das Heilwollkissen \u201eHasi\u201c ist mit Wolle vom Bioschaf gef\u00fcllt. Ich habe es in liebevoller Handarbeit gen\u00e4ht. Schafwolle hat eine w\u00e4rmende Wirkung und eignet sich daher auch bei Wickelanwendungen wunderbar. Der Stoff wurde vor der Verarbeitung 1 x gewaschen und besteht aus reiner Baumwolle. Die Vorderseite mit dem herzigen Hasenmotiv ist sogar aus Bio-Baumwolle. Die R\u00fcckseite &hellip; <a href=\"https:\/\/www.regionalis.shop\/uschis-naturwerkstatt\/shop\/heilwollkissen-hasi\/\">Continued<\/a><\/p>\n","protected":false},"featured_media":1158,"template":"","meta":{"_acf_changed":false},"product_brand":[],"product_cat":[38,80],"product_tag":[],"class_list":{"0":"post-1157","1":"product","2":"type-product","3":"status-publish","4":"has-post-thumbnail","6":"product_cat-baby-kinder","7":"product_cat-sonstiges-baby-kinder","9":"first","10":"instock","11":"purchasable","12":"product-type-simple"},"acf":[],"_links":{"self":[{"href":"https:\/\/www.regionalis.shop\/uschis-naturwerkstatt\/wp-json\/wp\/v2\/product\/1157","targetHints":{"allow":["GET"]}}],"collection":[{"href":"https:\/\/www.regionalis.shop\/uschis-naturwerkstatt\/wp-json\/wp\/v2\/product"}],"about":[{"href":"https:\/\/www.regionalis.shop\/uschis-naturwerkstatt\/wp-json\/wp\/v2\/types\/product"}],"wp:featuredmedia":[{"embeddable":true,"href":"https:\/\/www.regionalis.shop\/uschis-naturwerkstatt\/wp-json\/wp\/v2\/media\/1158"}],"wp:attachment":[{"href":"https:\/\/www.regionalis.shop\/uschis-naturwerkstatt\/wp-json\/wp\/v2\/media?parent=1157"}],"wp:term":[{"taxonomy":"product_brand","embeddable":true,"href":"https:\/\/www.regionalis.shop\/uschis-naturwerkstatt\/wp-json\/wp\/v2\/product_brand?post=1157"},{"taxonomy":"product_cat","embeddable":true,"href":"https:\/\/www.regionalis.shop\/uschis-naturwerkstatt\/wp-json\/wp\/v2\/product_cat?post=1157"},{"taxonomy":"product_tag","embeddable":true,"href":"https:\/\/www.regionalis.shop\/uschis-naturwerkstatt\/wp-json\/wp\/v2\/product_tag?post=1157"}],"curies":[{"name":"wp","href":"https:\/\/api.w.org\/{rel}","templated":true}]}}