{"id":1165,"date":"2025-04-18T01:34:46","date_gmt":"2025-04-17T23:34:46","guid":{"rendered":"https:\/\/www.regionalis.shop\/uschis-naturwerkstatt\/product\/duftkissen-liebe-secret\/"},"modified":"2025-04-18T01:34:46","modified_gmt":"2025-04-17T23:34:46","slug":"duftkissen-liebe-secret","status":"publish","type":"product","link":"https:\/\/www.regionalis.shop\/uschis-naturwerkstatt\/shop\/duftkissen-liebe-secret\/","title":{"rendered":"*Duftkissen &#8222;Liebe&#8220;* \/ Secret"},"content":{"rendered":"<p>Diese &#8211;Duftkissen haben ein kleines Einschubfach&#8211;, in das du eine Botschaft, einen Liebesbrief, einen Gutschein oder Geldscheine stecken kannst.<\/p>\n<p>Eine wunderbare Geschenkidee, f\u00fcr Menschen die man liebt.<\/p>\n<p>Sie duften verf\u00fchrerisch, da sie mit Zirbenflocken und Rosenbl\u00fcten gef\u00fcllt sind. <\/p>\n<p>F\u00fcr die R\u00fcckseite habe ich einen roten Stoff mit wei\u00dfen Herzen gew\u00e4hlt.<\/p>\n<p>Ma\u00dfe der Kissen: ca. 11 cm x 18 cm<\/p>\n","protected":false},"excerpt":{"rendered":"<p>Diese &#8211;Duftkissen haben ein kleines Einschubfach&#8211;, in das du eine Botschaft, einen Liebesbrief, einen Gutschein oder Geldscheine stecken kannst. Eine wunderbare Geschenkidee, f\u00fcr Menschen die man liebt. Sie duften verf\u00fchrerisch, da sie mit Zirbenflocken und Rosenbl\u00fcten gef\u00fcllt sind. F\u00fcr die R\u00fcckseite habe ich einen roten Stoff mit wei\u00dfen Herzen gew\u00e4hlt. Ma\u00dfe der Kissen: ca. 11 &hellip; <a href=\"https:\/\/www.regionalis.shop\/uschis-naturwerkstatt\/shop\/duftkissen-liebe-secret\/\">Continued<\/a><\/p>\n","protected":false},"featured_media":1166,"template":"","meta":{"_acf_changed":false},"product_brand":[],"product_cat":[162,83],"product_tag":[],"class_list":{"0":"post-1165","1":"product","2":"type-product","3":"status-publish","4":"has-post-thumbnail","6":"product_cat-null","7":"product_cat-sonstiges","9":"first","10":"instock","11":"purchasable","12":"product-type-simple"},"acf":[],"_links":{"self":[{"href":"https:\/\/www.regionalis.shop\/uschis-naturwerkstatt\/wp-json\/wp\/v2\/product\/1165","targetHints":{"allow":["GET"]}}],"collection":[{"href":"https:\/\/www.regionalis.shop\/uschis-naturwerkstatt\/wp-json\/wp\/v2\/product"}],"about":[{"href":"https:\/\/www.regionalis.shop\/uschis-naturwerkstatt\/wp-json\/wp\/v2\/types\/product"}],"wp:featuredmedia":[{"embeddable":true,"href":"https:\/\/www.regionalis.shop\/uschis-naturwerkstatt\/wp-json\/wp\/v2\/media\/1166"}],"wp:attachment":[{"href":"https:\/\/www.regionalis.shop\/uschis-naturwerkstatt\/wp-json\/wp\/v2\/media?parent=1165"}],"wp:term":[{"taxonomy":"product_brand","embeddable":true,"href":"https:\/\/www.regionalis.shop\/uschis-naturwerkstatt\/wp-json\/wp\/v2\/product_brand?post=1165"},{"taxonomy":"product_cat","embeddable":true,"href":"https:\/\/www.regionalis.shop\/uschis-naturwerkstatt\/wp-json\/wp\/v2\/product_cat?post=1165"},{"taxonomy":"product_tag","embeddable":true,"href":"https:\/\/www.regionalis.shop\/uschis-naturwerkstatt\/wp-json\/wp\/v2\/product_tag?post=1165"}],"curies":[{"name":"wp","href":"https:\/\/api.w.org\/{rel}","templated":true}]}}