{"id":1176,"date":"2025-04-18T01:34:46","date_gmt":"2025-04-17T23:34:46","guid":{"rendered":"https:\/\/www.regionalis.shop\/uschis-naturwerkstatt\/product\/einkaufstasche-shopper-hunde\/"},"modified":"2025-04-18T01:34:46","modified_gmt":"2025-04-17T23:34:46","slug":"einkaufstasche-shopper-hunde","status":"publish","type":"product","link":"https:\/\/www.regionalis.shop\/uschis-naturwerkstatt\/shop\/einkaufstasche-shopper-hunde\/","title":{"rendered":"*Einkaufstasche, Shopper &#8222;Hunde&#8220;*"},"content":{"rendered":"<p>Bei dieser ausgefallenen Tasche handelt es sich um ein Unikat, das bestimmt nicht nur Hundefans erfreut. <\/p>\n<p>Die s\u00fc\u00dfen Hundebilder habe ich auf den Stoff appliziert &#8211; sie sind ein absoluter Hingucker. Die Tasche ist mit einem karierten Stoff gef\u00fcttert und hat ein gro\u00dfes Innenfach, das 1 x abgen\u00e4ht wurde.<\/p>\n<p>Ma\u00dfe: ca. 40 cm x 39 cm, Henklell\u00e4nge: 55 cm<\/p>\n","protected":false},"excerpt":{"rendered":"<p>Bei dieser ausgefallenen Tasche handelt es sich um ein Unikat, das bestimmt nicht nur Hundefans erfreut. Die s\u00fc\u00dfen Hundebilder habe ich auf den Stoff appliziert &#8211; sie sind ein absoluter Hingucker. Die Tasche ist mit einem karierten Stoff gef\u00fcttert und hat ein gro\u00dfes Innenfach, das 1 x abgen\u00e4ht wurde. Ma\u00dfe: ca. 40 cm x 39 &hellip; <a href=\"https:\/\/www.regionalis.shop\/uschis-naturwerkstatt\/shop\/einkaufstasche-shopper-hunde\/\">Continued<\/a><\/p>\n","protected":false},"featured_media":1177,"template":"","meta":{"_acf_changed":false},"product_brand":[],"product_cat":[171,95],"product_tag":[],"class_list":{"0":"post-1176","1":"product","2":"type-product","3":"status-publish","4":"has-post-thumbnail","6":"product_cat-stoffsackerl-einkaufstaschen","7":"product_cat-taschen","9":"first","10":"instock","11":"purchasable","12":"product-type-simple"},"acf":[],"_links":{"self":[{"href":"https:\/\/www.regionalis.shop\/uschis-naturwerkstatt\/wp-json\/wp\/v2\/product\/1176","targetHints":{"allow":["GET"]}}],"collection":[{"href":"https:\/\/www.regionalis.shop\/uschis-naturwerkstatt\/wp-json\/wp\/v2\/product"}],"about":[{"href":"https:\/\/www.regionalis.shop\/uschis-naturwerkstatt\/wp-json\/wp\/v2\/types\/product"}],"wp:featuredmedia":[{"embeddable":true,"href":"https:\/\/www.regionalis.shop\/uschis-naturwerkstatt\/wp-json\/wp\/v2\/media\/1177"}],"wp:attachment":[{"href":"https:\/\/www.regionalis.shop\/uschis-naturwerkstatt\/wp-json\/wp\/v2\/media?parent=1176"}],"wp:term":[{"taxonomy":"product_brand","embeddable":true,"href":"https:\/\/www.regionalis.shop\/uschis-naturwerkstatt\/wp-json\/wp\/v2\/product_brand?post=1176"},{"taxonomy":"product_cat","embeddable":true,"href":"https:\/\/www.regionalis.shop\/uschis-naturwerkstatt\/wp-json\/wp\/v2\/product_cat?post=1176"},{"taxonomy":"product_tag","embeddable":true,"href":"https:\/\/www.regionalis.shop\/uschis-naturwerkstatt\/wp-json\/wp\/v2\/product_tag?post=1176"}],"curies":[{"name":"wp","href":"https:\/\/api.w.org\/{rel}","templated":true}]}}