{"id":1181,"date":"2025-04-18T01:28:52","date_gmt":"2025-04-17T23:28:52","guid":{"rendered":"https:\/\/www.regionalis.shop\/uschis-naturwerkstatt\/product\/augenentspannungskissen-yogamaske-aus-baumwolle\/"},"modified":"2025-04-18T01:28:52","modified_gmt":"2025-04-17T23:28:52","slug":"augenentspannungskissen-yogamaske-aus-baumwolle","status":"publish","type":"product","link":"https:\/\/www.regionalis.shop\/uschis-naturwerkstatt\/shop\/augenentspannungskissen-yogamaske-aus-baumwolle\/","title":{"rendered":"*Augenentspannungskissen &#8211; Yogamaske* aus Baumwolle"},"content":{"rendered":"<p>Diese Augenmaske wurde aus reiner Baumwolle, die vorgewaschen wurde, gen\u00e4ht. Sie wirkt beruhigend und harmonisierend und kann \u00fcberanstrengten und m\u00fcden Augen bei der Regeneration helfen. <\/p>\n<p>Die F\u00fcllung besteht aus Leinsamen und Amaranth, was dazu beitr\u00e4gt, dass sich das Kissen herrlich an die Konturen der Augenpartie anschmiegt.<br \/>\nDie herrlich duftenden Lavendelbl\u00fcten verhelfen zu einer wohltuenden Entspannung.<\/p>\n<p>Einen besonders angenehm k\u00fchlenden Effekt erzielt man, wenn man das Kissen vor der Anwendung in den K\u00fchlschrank legt.<\/p>\n<p>Ma\u00dfe: ca. 18,5 cm x 7,5 cm<\/p>\n","protected":false},"excerpt":{"rendered":"<p>Diese Augenmaske wurde aus reiner Baumwolle, die vorgewaschen wurde, gen\u00e4ht. Sie wirkt beruhigend und harmonisierend und kann \u00fcberanstrengten und m\u00fcden Augen bei der Regeneration helfen. Die F\u00fcllung besteht aus Leinsamen und Amaranth, was dazu beitr\u00e4gt, dass sich das Kissen herrlich an die Konturen der Augenpartie anschmiegt. Die herrlich duftenden Lavendelbl\u00fcten verhelfen zu einer wohltuenden Entspannung. &hellip; <a href=\"https:\/\/www.regionalis.shop\/uschis-naturwerkstatt\/shop\/augenentspannungskissen-yogamaske-aus-baumwolle\/\">Continued<\/a><\/p>\n","protected":false},"featured_media":1182,"template":"","meta":{"_acf_changed":false},"product_brand":[],"product_cat":[41,53],"product_tag":[],"class_list":{"0":"post-1181","1":"product","2":"type-product","3":"status-publish","4":"has-post-thumbnail","6":"product_cat-freizeit-lifestyle","7":"product_cat-kraeuterkissen","9":"first","10":"instock","11":"purchasable","12":"product-type-simple"},"acf":[],"_links":{"self":[{"href":"https:\/\/www.regionalis.shop\/uschis-naturwerkstatt\/wp-json\/wp\/v2\/product\/1181","targetHints":{"allow":["GET"]}}],"collection":[{"href":"https:\/\/www.regionalis.shop\/uschis-naturwerkstatt\/wp-json\/wp\/v2\/product"}],"about":[{"href":"https:\/\/www.regionalis.shop\/uschis-naturwerkstatt\/wp-json\/wp\/v2\/types\/product"}],"wp:featuredmedia":[{"embeddable":true,"href":"https:\/\/www.regionalis.shop\/uschis-naturwerkstatt\/wp-json\/wp\/v2\/media\/1182"}],"wp:attachment":[{"href":"https:\/\/www.regionalis.shop\/uschis-naturwerkstatt\/wp-json\/wp\/v2\/media?parent=1181"}],"wp:term":[{"taxonomy":"product_brand","embeddable":true,"href":"https:\/\/www.regionalis.shop\/uschis-naturwerkstatt\/wp-json\/wp\/v2\/product_brand?post=1181"},{"taxonomy":"product_cat","embeddable":true,"href":"https:\/\/www.regionalis.shop\/uschis-naturwerkstatt\/wp-json\/wp\/v2\/product_cat?post=1181"},{"taxonomy":"product_tag","embeddable":true,"href":"https:\/\/www.regionalis.shop\/uschis-naturwerkstatt\/wp-json\/wp\/v2\/product_tag?post=1181"}],"curies":[{"name":"wp","href":"https:\/\/api.w.org\/{rel}","templated":true}]}}