{"id":1191,"date":"2025-04-18T00:49:20","date_gmt":"2025-04-17T22:49:20","guid":{"rendered":"https:\/\/www.regionalis.shop\/uschis-naturwerkstatt\/product\/alles-gut-zirbe-kamillen-kissen\/"},"modified":"2025-04-18T00:49:20","modified_gmt":"2025-04-17T22:49:20","slug":"alles-gut-zirbe-kamillen-kissen","status":"publish","type":"product","link":"https:\/\/www.regionalis.shop\/uschis-naturwerkstatt\/shop\/alles-gut-zirbe-kamillen-kissen\/","title":{"rendered":"&#8222;Alles gut&#8220; Zirbe-Kamillen-Kissen*"},"content":{"rendered":"<p>Dieses Kissen ist mit Zirbenflocken und Kamillenbl\u00fcten gef\u00fcllt. Es verstr\u00f6mt einen wunderbar beruhigenden Duft . Der Zirbe wird eine schlaff\u00f6rdernde und der Kamille eine beruhigende, krampfl\u00f6sende Wirkung nachgesagt. Daher ergibt sich so die ideale Kombination um zur Ruhe zu kommen. Am besten legt man es neben das Kopfkissen.<\/p>\n<p>Der Stoff wurde vor der Verarbeitung 1 x gewaschen, um eventuelle Impr\u00e4gnierungen zu entfernen und besteht zu 100% aus Baumwolle.<\/p>\n<p>Ma\u00dfe: 19 cm x 18 cm<\/p>\n<p>Verschiedene Modelle nach Stoffverlauf sh. Fotos. Die R\u00fcckseite ist beige-meliert.<\/p>\n","protected":false},"excerpt":{"rendered":"<p>Dieses Kissen ist mit Zirbenflocken und Kamillenbl\u00fcten gef\u00fcllt. Es verstr\u00f6mt einen wunderbar beruhigenden Duft . Der Zirbe wird eine schlaff\u00f6rdernde und der Kamille eine beruhigende, krampfl\u00f6sende Wirkung nachgesagt. Daher ergibt sich so die ideale Kombination um zur Ruhe zu kommen. Am besten legt man es neben das Kopfkissen. Der Stoff wurde vor der Verarbeitung 1 &hellip; <a href=\"https:\/\/www.regionalis.shop\/uschis-naturwerkstatt\/shop\/alles-gut-zirbe-kamillen-kissen\/\">Continued<\/a><\/p>\n","protected":false},"featured_media":1192,"template":"","meta":{"_acf_changed":false},"product_brand":[],"product_cat":[103,104],"product_tag":[],"class_list":{"0":"post-1191","1":"product","2":"type-product","3":"status-publish","4":"has-post-thumbnail","6":"product_cat-wohnen-deko","7":"product_cat-wohntextilien","9":"first","10":"instock","11":"purchasable","12":"product-type-simple"},"acf":[],"_links":{"self":[{"href":"https:\/\/www.regionalis.shop\/uschis-naturwerkstatt\/wp-json\/wp\/v2\/product\/1191","targetHints":{"allow":["GET"]}}],"collection":[{"href":"https:\/\/www.regionalis.shop\/uschis-naturwerkstatt\/wp-json\/wp\/v2\/product"}],"about":[{"href":"https:\/\/www.regionalis.shop\/uschis-naturwerkstatt\/wp-json\/wp\/v2\/types\/product"}],"wp:featuredmedia":[{"embeddable":true,"href":"https:\/\/www.regionalis.shop\/uschis-naturwerkstatt\/wp-json\/wp\/v2\/media\/1192"}],"wp:attachment":[{"href":"https:\/\/www.regionalis.shop\/uschis-naturwerkstatt\/wp-json\/wp\/v2\/media?parent=1191"}],"wp:term":[{"taxonomy":"product_brand","embeddable":true,"href":"https:\/\/www.regionalis.shop\/uschis-naturwerkstatt\/wp-json\/wp\/v2\/product_brand?post=1191"},{"taxonomy":"product_cat","embeddable":true,"href":"https:\/\/www.regionalis.shop\/uschis-naturwerkstatt\/wp-json\/wp\/v2\/product_cat?post=1191"},{"taxonomy":"product_tag","embeddable":true,"href":"https:\/\/www.regionalis.shop\/uschis-naturwerkstatt\/wp-json\/wp\/v2\/product_tag?post=1191"}],"curies":[{"name":"wp","href":"https:\/\/api.w.org\/{rel}","templated":true}]}}