{"id":1196,"date":"2025-04-17T23:51:13","date_gmt":"2025-04-17T21:51:13","guid":{"rendered":"https:\/\/www.regionalis.shop\/uschis-naturwerkstatt\/product\/geschenkset-fuer-hundefreunde-in-tuerkis\/"},"modified":"2025-04-17T23:51:13","modified_gmt":"2025-04-17T21:51:13","slug":"geschenkset-fuer-hundefreunde-in-tuerkis","status":"publish","type":"product","link":"https:\/\/www.regionalis.shop\/uschis-naturwerkstatt\/shop\/geschenkset-fuer-hundefreunde-in-tuerkis\/","title":{"rendered":"*Geschenkset f\u00fcr Hundefreunde* in t\u00fcrkis"},"content":{"rendered":"<p>Dieses Set macht sicherlich jedem Hundefreund viel Freude.<\/p>\n<p>Es besteht aus 3 P\u00f6lsterchen mit verschiedenen s\u00fc\u00dfen Hundemotiven. Sie sind nicht nur optisch ein Hingucker, sie duften auch wunderbar, da sie mit einer Mischung aus Zirbe und Damaszenerrosenbl\u00fcten gef\u00fcllt sind.<\/p>\n<p>Sie werden in einer h\u00fcbschen Geschenkschachtel mit Schleife geliefert.<\/p>\n<p>Ma\u00dfe der Kissen: ca. 9 cm x 12 cm<\/p>\n","protected":false},"excerpt":{"rendered":"<p>Dieses Set macht sicherlich jedem Hundefreund viel Freude. Es besteht aus 3 P\u00f6lsterchen mit verschiedenen s\u00fc\u00dfen Hundemotiven. Sie sind nicht nur optisch ein Hingucker, sie duften auch wunderbar, da sie mit einer Mischung aus Zirbe und Damaszenerrosenbl\u00fcten gef\u00fcllt sind. Sie werden in einer h\u00fcbschen Geschenkschachtel mit Schleife geliefert. Ma\u00dfe der Kissen: ca. 9 cm x &hellip; <a href=\"https:\/\/www.regionalis.shop\/uschis-naturwerkstatt\/shop\/geschenkset-fuer-hundefreunde-in-tuerkis\/\">Continued<\/a><\/p>\n","protected":false},"featured_media":1197,"template":"","meta":{"_acf_changed":false},"product_brand":[],"product_cat":[173,103],"product_tag":[],"class_list":{"0":"post-1196","1":"product","2":"type-product","3":"status-publish","4":"has-post-thumbnail","6":"product_cat-weihnachten","7":"product_cat-wohnen-deko","9":"first","10":"instock","11":"purchasable","12":"product-type-simple"},"acf":[],"_links":{"self":[{"href":"https:\/\/www.regionalis.shop\/uschis-naturwerkstatt\/wp-json\/wp\/v2\/product\/1196","targetHints":{"allow":["GET"]}}],"collection":[{"href":"https:\/\/www.regionalis.shop\/uschis-naturwerkstatt\/wp-json\/wp\/v2\/product"}],"about":[{"href":"https:\/\/www.regionalis.shop\/uschis-naturwerkstatt\/wp-json\/wp\/v2\/types\/product"}],"wp:featuredmedia":[{"embeddable":true,"href":"https:\/\/www.regionalis.shop\/uschis-naturwerkstatt\/wp-json\/wp\/v2\/media\/1197"}],"wp:attachment":[{"href":"https:\/\/www.regionalis.shop\/uschis-naturwerkstatt\/wp-json\/wp\/v2\/media?parent=1196"}],"wp:term":[{"taxonomy":"product_brand","embeddable":true,"href":"https:\/\/www.regionalis.shop\/uschis-naturwerkstatt\/wp-json\/wp\/v2\/product_brand?post=1196"},{"taxonomy":"product_cat","embeddable":true,"href":"https:\/\/www.regionalis.shop\/uschis-naturwerkstatt\/wp-json\/wp\/v2\/product_cat?post=1196"},{"taxonomy":"product_tag","embeddable":true,"href":"https:\/\/www.regionalis.shop\/uschis-naturwerkstatt\/wp-json\/wp\/v2\/product_tag?post=1196"}],"curies":[{"name":"wp","href":"https:\/\/api.w.org\/{rel}","templated":true}]}}