{"id":1209,"date":"2025-04-17T23:36:23","date_gmt":"2025-04-17T21:36:23","guid":{"rendered":"https:\/\/www.regionalis.shop\/uschis-naturwerkstatt\/product\/duftkissen-zirbe-und-rose-mit-hundemotiv\/"},"modified":"2025-04-17T23:36:23","modified_gmt":"2025-04-17T21:36:23","slug":"duftkissen-zirbe-und-rose-mit-hundemotiv","status":"publish","type":"product","link":"https:\/\/www.regionalis.shop\/uschis-naturwerkstatt\/shop\/duftkissen-zirbe-und-rose-mit-hundemotiv\/","title":{"rendered":"*Duftkissen Zirbe und Rose * mit &#8222;Hundemotiv&#8220;"},"content":{"rendered":"<p>Diese kleine Kissen habe ich in liebevoller Handarbeit gen\u00e4ht und mit  Zirbenflocken und Bl\u00fcten der Damaszenerrose gef\u00fcllt. Sie bereiten nicht nur Hundefreunden Freude.<\/p>\n<p>Zirbenholz wird eine beruhigende Wirkung auf den Organismus und  positive Auswirkungen auf Kreislauf, Wohlbefinden und vegetative Regulation nachgesagt.<\/p>\n<p>Der Duft der Rosen hebt die Stimmung und harmoniert wunderbar mit dem der Zirbe. Aufs Nachtk\u00e4stchen oder zwischen die W\u00e4sche gelegt sorgen diese P\u00f6lsterchen f\u00fcr ein wunderbares Sinneserlebnis.<\/p>\n<p>Stoff: reine Baumwolle, vorne mit Hundemotiv und hinten naturfarben<\/p>\n<p>Ma\u00dfe: ca. 9 cm x 12 cm<\/p>\n","protected":false},"excerpt":{"rendered":"<p>Diese kleine Kissen habe ich in liebevoller Handarbeit gen\u00e4ht und mit Zirbenflocken und Bl\u00fcten der Damaszenerrose gef\u00fcllt. Sie bereiten nicht nur Hundefreunden Freude. Zirbenholz wird eine beruhigende Wirkung auf den Organismus und positive Auswirkungen auf Kreislauf, Wohlbefinden und vegetative Regulation nachgesagt. Der Duft der Rosen hebt die Stimmung und harmoniert wunderbar mit dem der Zirbe. &hellip; <a href=\"https:\/\/www.regionalis.shop\/uschis-naturwerkstatt\/shop\/duftkissen-zirbe-und-rose-mit-hundemotiv\/\">Continued<\/a><\/p>\n","protected":false},"featured_media":1210,"template":"","meta":{"_acf_changed":false},"product_brand":[],"product_cat":[103,104],"product_tag":[],"class_list":{"0":"post-1209","1":"product","2":"type-product","3":"status-publish","4":"has-post-thumbnail","6":"product_cat-wohnen-deko","7":"product_cat-wohntextilien","9":"first","10":"instock","11":"purchasable","12":"product-type-simple"},"acf":[],"_links":{"self":[{"href":"https:\/\/www.regionalis.shop\/uschis-naturwerkstatt\/wp-json\/wp\/v2\/product\/1209","targetHints":{"allow":["GET"]}}],"collection":[{"href":"https:\/\/www.regionalis.shop\/uschis-naturwerkstatt\/wp-json\/wp\/v2\/product"}],"about":[{"href":"https:\/\/www.regionalis.shop\/uschis-naturwerkstatt\/wp-json\/wp\/v2\/types\/product"}],"wp:featuredmedia":[{"embeddable":true,"href":"https:\/\/www.regionalis.shop\/uschis-naturwerkstatt\/wp-json\/wp\/v2\/media\/1210"}],"wp:attachment":[{"href":"https:\/\/www.regionalis.shop\/uschis-naturwerkstatt\/wp-json\/wp\/v2\/media?parent=1209"}],"wp:term":[{"taxonomy":"product_brand","embeddable":true,"href":"https:\/\/www.regionalis.shop\/uschis-naturwerkstatt\/wp-json\/wp\/v2\/product_brand?post=1209"},{"taxonomy":"product_cat","embeddable":true,"href":"https:\/\/www.regionalis.shop\/uschis-naturwerkstatt\/wp-json\/wp\/v2\/product_cat?post=1209"},{"taxonomy":"product_tag","embeddable":true,"href":"https:\/\/www.regionalis.shop\/uschis-naturwerkstatt\/wp-json\/wp\/v2\/product_tag?post=1209"}],"curies":[{"name":"wp","href":"https:\/\/api.w.org\/{rel}","templated":true}]}}