{"id":1217,"date":"2025-04-17T23:16:53","date_gmt":"2025-04-17T21:16:53","guid":{"rendered":"https:\/\/www.regionalis.shop\/uschis-naturwerkstatt\/product\/turnbeutel-wolf\/"},"modified":"2025-04-17T23:16:53","modified_gmt":"2025-04-17T21:16:53","slug":"turnbeutel-wolf","status":"publish","type":"product","link":"https:\/\/www.regionalis.shop\/uschis-naturwerkstatt\/shop\/turnbeutel-wolf\/","title":{"rendered":"Turnbeutel &#8222;Wolf&#8220;"},"content":{"rendered":"<p>Bei diesem sehr hohen Rucksack\/Turnbeutel handelt es sich um ein Unikat. Er wurde von mir mit einem Wolfsmotiv per Hand bedruckt. <\/p>\n<p>Der obere Teil besteht aus hellblauer Baumwolle und der untere aus einem braunen Raulederimitat. <\/p>\n<p>Die exklusive 3-f\u00e4rbige Kordel ist mit \u00d6sen am Turnbeutel befestigt.<\/p>\n<p>Ma\u00dfe: 30 cm x 48,5<\/p>\n","protected":false},"excerpt":{"rendered":"<p>Bei diesem sehr hohen Rucksack\/Turnbeutel handelt es sich um ein Unikat. Er wurde von mir mit einem Wolfsmotiv per Hand bedruckt. Der obere Teil besteht aus hellblauer Baumwolle und der untere aus einem braunen Raulederimitat. Die exklusive 3-f\u00e4rbige Kordel ist mit \u00d6sen am Turnbeutel befestigt. Ma\u00dfe: 30 cm x 48,5<\/p>\n","protected":false},"featured_media":1218,"template":"","meta":{"_acf_changed":false},"product_brand":[],"product_cat":[166,95],"product_tag":[],"class_list":{"0":"post-1217","1":"product","2":"type-product","3":"status-publish","4":"has-post-thumbnail","6":"product_cat-rucksaecke-gymbags","7":"product_cat-taschen","9":"first","10":"instock","11":"purchasable","12":"product-type-simple"},"acf":[],"_links":{"self":[{"href":"https:\/\/www.regionalis.shop\/uschis-naturwerkstatt\/wp-json\/wp\/v2\/product\/1217","targetHints":{"allow":["GET"]}}],"collection":[{"href":"https:\/\/www.regionalis.shop\/uschis-naturwerkstatt\/wp-json\/wp\/v2\/product"}],"about":[{"href":"https:\/\/www.regionalis.shop\/uschis-naturwerkstatt\/wp-json\/wp\/v2\/types\/product"}],"wp:featuredmedia":[{"embeddable":true,"href":"https:\/\/www.regionalis.shop\/uschis-naturwerkstatt\/wp-json\/wp\/v2\/media\/1218"}],"wp:attachment":[{"href":"https:\/\/www.regionalis.shop\/uschis-naturwerkstatt\/wp-json\/wp\/v2\/media?parent=1217"}],"wp:term":[{"taxonomy":"product_brand","embeddable":true,"href":"https:\/\/www.regionalis.shop\/uschis-naturwerkstatt\/wp-json\/wp\/v2\/product_brand?post=1217"},{"taxonomy":"product_cat","embeddable":true,"href":"https:\/\/www.regionalis.shop\/uschis-naturwerkstatt\/wp-json\/wp\/v2\/product_cat?post=1217"},{"taxonomy":"product_tag","embeddable":true,"href":"https:\/\/www.regionalis.shop\/uschis-naturwerkstatt\/wp-json\/wp\/v2\/product_tag?post=1217"}],"curies":[{"name":"wp","href":"https:\/\/api.w.org\/{rel}","templated":true}]}}