{"id":1221,"date":"2025-04-17T23:16:53","date_gmt":"2025-04-17T21:16:53","guid":{"rendered":"https:\/\/www.regionalis.shop\/uschis-naturwerkstatt\/product\/zirbenpolster-abziehbar\/"},"modified":"2025-04-17T23:16:53","modified_gmt":"2025-04-17T21:16:53","slug":"zirbenpolster-abziehbar","status":"publish","type":"product","link":"https:\/\/www.regionalis.shop\/uschis-naturwerkstatt\/shop\/zirbenpolster-abziehbar\/","title":{"rendered":"*Zirbenpolster abziehbar*"},"content":{"rendered":"<p>Dieses Kissen besteht aus 2 Teilen: einem Polster aus wei\u00dfer Baumwolle, der mit Zirbenflocken gef\u00fcllt ist und einem \u00dcberzug.<\/p>\n<p>Der \u00dcberzug ist ebenfalls aus reiner Baumwolle und ist mit einer Baumwollspitze verziert. Er hat ein blau-wei\u00df-rotes Karomuster und einen Hotelverschluss.<\/p>\n<p>Zirbenholz wird eine beruhigende Wirkung auf den Organismus und  positive Auswirkungen auf Kreislauf, Wohlbefinden und vegetative Regulation nachgesagt.<\/p>\n<p>Der Polster kann bei Schlaflosigkeit und innerer Unruhe gute Dienste leisten.<\/p>\n<p>Der Stoff wurde vor der Verarbeitung 1 x gewaschen, um eventuelle Impr\u00e4gnierungen zu entfernen und besteht zu 100% aus Baumwolle.<\/p>\n<p>Ma\u00dfe: 27 cm x 28 cm<\/p>\n","protected":false},"excerpt":{"rendered":"<p>Dieses Kissen besteht aus 2 Teilen: einem Polster aus wei\u00dfer Baumwolle, der mit Zirbenflocken gef\u00fcllt ist und einem \u00dcberzug. Der \u00dcberzug ist ebenfalls aus reiner Baumwolle und ist mit einer Baumwollspitze verziert. Er hat ein blau-wei\u00df-rotes Karomuster und einen Hotelverschluss. Zirbenholz wird eine beruhigende Wirkung auf den Organismus und positive Auswirkungen auf Kreislauf, Wohlbefinden und &hellip; <a href=\"https:\/\/www.regionalis.shop\/uschis-naturwerkstatt\/shop\/zirbenpolster-abziehbar\/\">Continued<\/a><\/p>\n","protected":false},"featured_media":1222,"template":"","meta":{"_acf_changed":false},"product_brand":[],"product_cat":[103,104],"product_tag":[],"class_list":{"0":"post-1221","1":"product","2":"type-product","3":"status-publish","4":"has-post-thumbnail","6":"product_cat-wohnen-deko","7":"product_cat-wohntextilien","9":"first","10":"instock","11":"purchasable","12":"product-type-simple"},"acf":[],"_links":{"self":[{"href":"https:\/\/www.regionalis.shop\/uschis-naturwerkstatt\/wp-json\/wp\/v2\/product\/1221","targetHints":{"allow":["GET"]}}],"collection":[{"href":"https:\/\/www.regionalis.shop\/uschis-naturwerkstatt\/wp-json\/wp\/v2\/product"}],"about":[{"href":"https:\/\/www.regionalis.shop\/uschis-naturwerkstatt\/wp-json\/wp\/v2\/types\/product"}],"wp:featuredmedia":[{"embeddable":true,"href":"https:\/\/www.regionalis.shop\/uschis-naturwerkstatt\/wp-json\/wp\/v2\/media\/1222"}],"wp:attachment":[{"href":"https:\/\/www.regionalis.shop\/uschis-naturwerkstatt\/wp-json\/wp\/v2\/media?parent=1221"}],"wp:term":[{"taxonomy":"product_brand","embeddable":true,"href":"https:\/\/www.regionalis.shop\/uschis-naturwerkstatt\/wp-json\/wp\/v2\/product_brand?post=1221"},{"taxonomy":"product_cat","embeddable":true,"href":"https:\/\/www.regionalis.shop\/uschis-naturwerkstatt\/wp-json\/wp\/v2\/product_cat?post=1221"},{"taxonomy":"product_tag","embeddable":true,"href":"https:\/\/www.regionalis.shop\/uschis-naturwerkstatt\/wp-json\/wp\/v2\/product_tag?post=1221"}],"curies":[{"name":"wp","href":"https:\/\/api.w.org\/{rel}","templated":true}]}}