{"id":1066,"date":"2025-04-18T07:41:00","date_gmt":"2025-04-18T05:41:00","guid":{"rendered":"https:\/\/www.regionalis.shop\/vilea-dna-erinnerungsschmuck\/product\/gebursstein-anhaenger\/"},"modified":"2025-04-18T07:41:00","modified_gmt":"2025-04-18T05:41:00","slug":"gebursstein-anhaenger","status":"publish","type":"product","link":"https:\/\/www.regionalis.shop\/vilea-dna-erinnerungsschmuck\/shop\/gebursstein-anhaenger\/","title":{"rendered":"Gebursstein Anh\u00e4nger"},"content":{"rendered":"<p>Geburtsstein Anh\u00e4nger in der Geburtsfarbe des jeweiligen Monats.<\/p>\n<p>&#8211;Artikelumfang:&#8211; nur der Gebursteinanh\u00e4nger<\/p>\n<p>&#8211;Gr\u00f6\u00dfe:&#8211; Zirkonia Stein 6mm<\/p>\n<p>&#8211;Farbe der Fassung:&#8211; 925 Silber, 925 Rhodium, 925 (24k) Gold Beschichtung,<br \/>\n925 (28k) Rosegold Beschichtung,<\/p>\n<p>\/\/Nach dem Kauf melden wir uns bei Ihnen um die<br \/>\nFarbe der Fassung und weitere Details zu kl\u00e4ren.\/\/<\/p>\n","protected":false},"excerpt":{"rendered":"<p>Geburtsstein Anh\u00e4nger in der Geburtsfarbe des jeweiligen Monats. &#8211;Artikelumfang:&#8211; nur der Gebursteinanh\u00e4nger &#8211;Gr\u00f6\u00dfe:&#8211; Zirkonia Stein 6mm &#8211;Farbe der Fassung:&#8211; 925 Silber, 925 Rhodium, 925 (24k) Gold Beschichtung, 925 (28k) Rosegold Beschichtung, \/\/Nach dem Kauf melden wir uns bei Ihnen um die Farbe der Fassung und weitere Details zu kl\u00e4ren.\/\/<\/p>\n","protected":false},"featured_media":1067,"template":"","meta":{"_acf_changed":false},"product_brand":[],"product_cat":[108,70],"product_tag":[],"class_list":{"0":"post-1066","1":"product","2":"type-product","3":"status-publish","4":"has-post-thumbnail","6":"product_cat-anhaenger","7":"product_cat-schmuck","9":"first","10":"instock","11":"purchasable","12":"product-type-simple"},"acf":[],"_links":{"self":[{"href":"https:\/\/www.regionalis.shop\/vilea-dna-erinnerungsschmuck\/wp-json\/wp\/v2\/product\/1066","targetHints":{"allow":["GET"]}}],"collection":[{"href":"https:\/\/www.regionalis.shop\/vilea-dna-erinnerungsschmuck\/wp-json\/wp\/v2\/product"}],"about":[{"href":"https:\/\/www.regionalis.shop\/vilea-dna-erinnerungsschmuck\/wp-json\/wp\/v2\/types\/product"}],"wp:featuredmedia":[{"embeddable":true,"href":"https:\/\/www.regionalis.shop\/vilea-dna-erinnerungsschmuck\/wp-json\/wp\/v2\/media\/1067"}],"wp:attachment":[{"href":"https:\/\/www.regionalis.shop\/vilea-dna-erinnerungsschmuck\/wp-json\/wp\/v2\/media?parent=1066"}],"wp:term":[{"taxonomy":"product_brand","embeddable":true,"href":"https:\/\/www.regionalis.shop\/vilea-dna-erinnerungsschmuck\/wp-json\/wp\/v2\/product_brand?post=1066"},{"taxonomy":"product_cat","embeddable":true,"href":"https:\/\/www.regionalis.shop\/vilea-dna-erinnerungsschmuck\/wp-json\/wp\/v2\/product_cat?post=1066"},{"taxonomy":"product_tag","embeddable":true,"href":"https:\/\/www.regionalis.shop\/vilea-dna-erinnerungsschmuck\/wp-json\/wp\/v2\/product_tag?post=1066"}],"curies":[{"name":"wp","href":"https:\/\/api.w.org\/{rel}","templated":true}]}}