{"id":1071,"date":"2025-04-18T07:41:00","date_gmt":"2025-04-18T05:41:00","guid":{"rendered":"https:\/\/www.regionalis.shop\/vilea-dna-erinnerungsschmuck\/product\/herzanhaenger-mutter-baby\/"},"modified":"2025-04-18T07:41:00","modified_gmt":"2025-04-18T05:41:00","slug":"herzanhaenger-mutter-baby","status":"publish","type":"product","link":"https:\/\/www.regionalis.shop\/vilea-dna-erinnerungsschmuck\/shop\/herzanhaenger-mutter-baby\/","title":{"rendered":"Herzanh\u00e4nger Mutter &#038; Baby"},"content":{"rendered":"<p>Der Herzanh\u00e4nger Mutter &#038; Baby wird auf Wunsch mit deiner Muttermilch oder DNA individell hergestellt.<br \/>\n&#8211;Artikelumfang:&#8211; nur der Anh\u00e4nger<\/p>\n<p>&#8211;Farbe der Anh\u00e4nger Schlaufe:&#8211; 925 Sterling Silber,<br \/>\n925 (24k) Gold Beschichtung, 925 (18k) Rosegold Beschichtung <\/p>\n<p>&#8211;Gr\u00f6\u00dfe:&#8211; H\u00f6he 27 mm, Breite 21 mm <\/p>\n<p>&#8211;Was kann eingearbeitet werden?&#8211;<br \/>\nMuttermilch<br \/>\nBabyhaare<br \/>\nNabelschnurreste<br \/>\nPlazenta (dehydriert)<br \/>\nBl\u00fcten (z. B. Brautstrau\u00df)<br \/>\nSand<\/p>\n<p>\/\/ Nach dem Kauf melden wir uns bei Ihnen um weitere Details, wie Gestaltung, Farbe, Zusenden der Muttermilch und DNA Materialien zu kl\u00e4ren. \/\/<\/p>\n","protected":false},"excerpt":{"rendered":"<p>Der Herzanh\u00e4nger Mutter &#038; Baby wird auf Wunsch mit deiner Muttermilch oder DNA individell hergestellt. &#8211;Artikelumfang:&#8211; nur der Anh\u00e4nger &#8211;Farbe der Anh\u00e4nger Schlaufe:&#8211; 925 Sterling Silber, 925 (24k) Gold Beschichtung, 925 (18k) Rosegold Beschichtung &#8211;Gr\u00f6\u00dfe:&#8211; H\u00f6he 27 mm, Breite 21 mm &#8211;Was kann eingearbeitet werden?&#8211; Muttermilch Babyhaare Nabelschnurreste Plazenta (dehydriert) Bl\u00fcten (z. B. Brautstrau\u00df) Sand &hellip; <a href=\"https:\/\/www.regionalis.shop\/vilea-dna-erinnerungsschmuck\/shop\/herzanhaenger-mutter-baby\/\">Continued<\/a><\/p>\n","protected":false},"featured_media":1072,"template":"","meta":{"_acf_changed":false},"product_brand":[],"product_cat":[108,70],"product_tag":[],"class_list":{"0":"post-1071","1":"product","2":"type-product","3":"status-publish","4":"has-post-thumbnail","6":"product_cat-anhaenger","7":"product_cat-schmuck","9":"first","10":"instock","11":"purchasable","12":"product-type-simple"},"acf":[],"_links":{"self":[{"href":"https:\/\/www.regionalis.shop\/vilea-dna-erinnerungsschmuck\/wp-json\/wp\/v2\/product\/1071","targetHints":{"allow":["GET"]}}],"collection":[{"href":"https:\/\/www.regionalis.shop\/vilea-dna-erinnerungsschmuck\/wp-json\/wp\/v2\/product"}],"about":[{"href":"https:\/\/www.regionalis.shop\/vilea-dna-erinnerungsschmuck\/wp-json\/wp\/v2\/types\/product"}],"wp:featuredmedia":[{"embeddable":true,"href":"https:\/\/www.regionalis.shop\/vilea-dna-erinnerungsschmuck\/wp-json\/wp\/v2\/media\/1072"}],"wp:attachment":[{"href":"https:\/\/www.regionalis.shop\/vilea-dna-erinnerungsschmuck\/wp-json\/wp\/v2\/media?parent=1071"}],"wp:term":[{"taxonomy":"product_brand","embeddable":true,"href":"https:\/\/www.regionalis.shop\/vilea-dna-erinnerungsschmuck\/wp-json\/wp\/v2\/product_brand?post=1071"},{"taxonomy":"product_cat","embeddable":true,"href":"https:\/\/www.regionalis.shop\/vilea-dna-erinnerungsschmuck\/wp-json\/wp\/v2\/product_cat?post=1071"},{"taxonomy":"product_tag","embeddable":true,"href":"https:\/\/www.regionalis.shop\/vilea-dna-erinnerungsschmuck\/wp-json\/wp\/v2\/product_tag?post=1071"}],"curies":[{"name":"wp","href":"https:\/\/api.w.org\/{rel}","templated":true}]}}