{"id":1075,"date":"2025-04-18T07:41:00","date_gmt":"2025-04-18T05:41:00","guid":{"rendered":"https:\/\/www.regionalis.shop\/vilea-dna-erinnerungsschmuck\/product\/anhaenger-love\/"},"modified":"2025-04-18T07:41:00","modified_gmt":"2025-04-18T05:41:00","slug":"anhaenger-love","status":"publish","type":"product","link":"https:\/\/www.regionalis.shop\/vilea-dna-erinnerungsschmuck\/shop\/anhaenger-love\/","title":{"rendered":"Anh\u00e4nger LOVE"},"content":{"rendered":"<p>Anh\u00e4nger LOVE wird auf Wunsch mit deiner Muttermilch oder DNA individell hergestellt.<br \/>\n&#8211;Artikelumfang:&#8211; nur der Anh\u00e4nger<\/p>\n<p>Der Anh\u00e4nger kann hinten mit Name &#038; Datum graviert werden.<\/p>\n<p>&#8211;Farbe:&#8211; 925 Sterling Silber<\/p>\n<p>&#8211;Gr\u00f6\u00dfe:&#8211; 12mm<\/p>\n<p>&#8211;Was kann eingearbeitet werden?&#8211;<br \/>\nMuttermilch<br \/>\nBabyhaare<br \/>\nNabelschnurreste<br \/>\nPlazenta (dehydriert)<br \/>\nTierhaare (Fell)<br \/>\nAsche<br \/>\nBl\u00fcten (z. B. Brautstrau\u00df)<br \/>\nStoffreste<br \/>\nSand<\/p>\n<p>\/\/ Nach dem Kauf melden wir uns bei Ihnen um weitere Details, wie Gestaltung, Farbe, Zusenden der Muttermilch und DNA Materialien zu kl\u00e4ren. \/\/<\/p>\n","protected":false},"excerpt":{"rendered":"<p>Anh\u00e4nger LOVE wird auf Wunsch mit deiner Muttermilch oder DNA individell hergestellt. &#8211;Artikelumfang:&#8211; nur der Anh\u00e4nger Der Anh\u00e4nger kann hinten mit Name &#038; Datum graviert werden. &#8211;Farbe:&#8211; 925 Sterling Silber &#8211;Gr\u00f6\u00dfe:&#8211; 12mm &#8211;Was kann eingearbeitet werden?&#8211; Muttermilch Babyhaare Nabelschnurreste Plazenta (dehydriert) Tierhaare (Fell) Asche Bl\u00fcten (z. B. Brautstrau\u00df) Stoffreste Sand \/\/ Nach dem Kauf melden &hellip; <a href=\"https:\/\/www.regionalis.shop\/vilea-dna-erinnerungsschmuck\/shop\/anhaenger-love\/\">Continued<\/a><\/p>\n","protected":false},"featured_media":1076,"template":"","meta":{"_acf_changed":false},"product_brand":[],"product_cat":[108,70],"product_tag":[],"class_list":{"0":"post-1075","1":"product","2":"type-product","3":"status-publish","4":"has-post-thumbnail","6":"product_cat-anhaenger","7":"product_cat-schmuck","9":"first","10":"instock","11":"purchasable","12":"product-type-simple"},"acf":[],"_links":{"self":[{"href":"https:\/\/www.regionalis.shop\/vilea-dna-erinnerungsschmuck\/wp-json\/wp\/v2\/product\/1075","targetHints":{"allow":["GET"]}}],"collection":[{"href":"https:\/\/www.regionalis.shop\/vilea-dna-erinnerungsschmuck\/wp-json\/wp\/v2\/product"}],"about":[{"href":"https:\/\/www.regionalis.shop\/vilea-dna-erinnerungsschmuck\/wp-json\/wp\/v2\/types\/product"}],"wp:featuredmedia":[{"embeddable":true,"href":"https:\/\/www.regionalis.shop\/vilea-dna-erinnerungsschmuck\/wp-json\/wp\/v2\/media\/1076"}],"wp:attachment":[{"href":"https:\/\/www.regionalis.shop\/vilea-dna-erinnerungsschmuck\/wp-json\/wp\/v2\/media?parent=1075"}],"wp:term":[{"taxonomy":"product_brand","embeddable":true,"href":"https:\/\/www.regionalis.shop\/vilea-dna-erinnerungsschmuck\/wp-json\/wp\/v2\/product_brand?post=1075"},{"taxonomy":"product_cat","embeddable":true,"href":"https:\/\/www.regionalis.shop\/vilea-dna-erinnerungsschmuck\/wp-json\/wp\/v2\/product_cat?post=1075"},{"taxonomy":"product_tag","embeddable":true,"href":"https:\/\/www.regionalis.shop\/vilea-dna-erinnerungsschmuck\/wp-json\/wp\/v2\/product_tag?post=1075"}],"curies":[{"name":"wp","href":"https:\/\/api.w.org\/{rel}","templated":true}]}}