{"id":1095,"date":"2025-04-18T07:40:16","date_gmt":"2025-04-18T05:40:16","guid":{"rendered":"https:\/\/www.regionalis.shop\/vilea-dna-erinnerungsschmuck\/product\/baby-kinder-namens-armband-kindergarten\/"},"modified":"2025-04-18T07:40:16","modified_gmt":"2025-04-18T05:40:16","slug":"baby-kinder-namens-armband-kindergarten","status":"publish","type":"product","link":"https:\/\/www.regionalis.shop\/vilea-dna-erinnerungsschmuck\/shop\/baby-kinder-namens-armband-kindergarten\/","title":{"rendered":"Baby\/Kinder Namens Armband KINDERGARTEN"},"content":{"rendered":"<p>Diese Armb\u00e4nder enstehen in liebevoller Handarbeit und k\u00f6nnen individuell angefertigt werden.<br \/>\nEgal ob als Geschenk, Geburt, Taufe, Einschulung, Geburtstags Geschenk oder Kindergarten Anfang das ideale Mitbringsel f\u00fcr die Kleinen.<\/p>\n<p>(Auch andere Farben der Perlen sind m\u00f6glich, siehe Nummern).<\/p>\n<p>Inklusiver Geschenke Box und individuell anpassbaren Spruch.<\/p>\n<p>\/\/Nach dem Kauf melden wir uns bei Ihnen und kl\u00e4ren<br \/>\ndie Farbe, Details und L\u00e4nge.\/\/<\/p>\n<p>&#8211;Material:&#8211; 6mm Acrylperlen auf einem elastischen Silikonband.<\/p>\n<p>&#8211;Charm Anh\u00e4nger:&#8211; 925 Sterling Silber (siehe Buchstaben).<\/p>\n<p>&#8211;Richtwerte f\u00fcr Gr\u00f6\u00dfen\/L\u00e4ngen: ca.&#8211;<br \/>\nNeugeborenes: 10 &#8211; 11cm<br \/>\n3 &#8211; 6 Monat: 11 &#8211; 12cm<br \/>\n6 &#8211; 24 Monat: 12 &#8211; 13cm<br \/>\n3 Jahre 13 &#8211; 14cm<br \/>\nSchulkinder ab 14cm<\/p>\n<p>&#8211;Richtige L\u00e4nge f\u00fcr das Armband herausfinden:&#8211;<br \/>\nZum Beispiel ein St\u00fcck Schnur locker um das Handgelenk Ihres Kindes legen und dieses dann messen.<br \/>\nDann wird noch ein Zentimeter dazugerechnet, damit es nicht zu eng anliegt.<\/p>\n<p>Aufgrund der Gr\u00f6\u00dfe kann das Armband von den Perlen her variieren.<\/p>\n<p>&#8211;Sicherheitshinweis:&#8211;<br \/>\nKinderschmuck ist kein Spielzeug und wegen Verschluckungsgefahr nicht f\u00fcr Kinder unter 3 Jahren geeignet. Lassen Sie Ihr Baby oder Kleinkind daher nie unbeaufsichtigt Kinderschmuck tragen.<\/p>\n","protected":false},"excerpt":{"rendered":"<p>Diese Armb\u00e4nder enstehen in liebevoller Handarbeit und k\u00f6nnen individuell angefertigt werden. Egal ob als Geschenk, Geburt, Taufe, Einschulung, Geburtstags Geschenk oder Kindergarten Anfang das ideale Mitbringsel f\u00fcr die Kleinen. (Auch andere Farben der Perlen sind m\u00f6glich, siehe Nummern). Inklusiver Geschenke Box und individuell anpassbaren Spruch. \/\/Nach dem Kauf melden wir uns bei Ihnen und kl\u00e4ren &hellip; <a href=\"https:\/\/www.regionalis.shop\/vilea-dna-erinnerungsschmuck\/shop\/baby-kinder-namens-armband-kindergarten\/\">Continued<\/a><\/p>\n","protected":false},"featured_media":1096,"template":"","meta":{"_acf_changed":false},"product_brand":[],"product_cat":[107,38],"product_tag":[],"class_list":{"0":"post-1095","1":"product","2":"type-product","3":"status-publish","4":"has-post-thumbnail","6":"product_cat-accessoires-baby-kinder","7":"product_cat-baby-kinder","9":"first","10":"instock","11":"purchasable","12":"product-type-simple"},"acf":[],"_links":{"self":[{"href":"https:\/\/www.regionalis.shop\/vilea-dna-erinnerungsschmuck\/wp-json\/wp\/v2\/product\/1095","targetHints":{"allow":["GET"]}}],"collection":[{"href":"https:\/\/www.regionalis.shop\/vilea-dna-erinnerungsschmuck\/wp-json\/wp\/v2\/product"}],"about":[{"href":"https:\/\/www.regionalis.shop\/vilea-dna-erinnerungsschmuck\/wp-json\/wp\/v2\/types\/product"}],"wp:featuredmedia":[{"embeddable":true,"href":"https:\/\/www.regionalis.shop\/vilea-dna-erinnerungsschmuck\/wp-json\/wp\/v2\/media\/1096"}],"wp:attachment":[{"href":"https:\/\/www.regionalis.shop\/vilea-dna-erinnerungsschmuck\/wp-json\/wp\/v2\/media?parent=1095"}],"wp:term":[{"taxonomy":"product_brand","embeddable":true,"href":"https:\/\/www.regionalis.shop\/vilea-dna-erinnerungsschmuck\/wp-json\/wp\/v2\/product_brand?post=1095"},{"taxonomy":"product_cat","embeddable":true,"href":"https:\/\/www.regionalis.shop\/vilea-dna-erinnerungsschmuck\/wp-json\/wp\/v2\/product_cat?post=1095"},{"taxonomy":"product_tag","embeddable":true,"href":"https:\/\/www.regionalis.shop\/vilea-dna-erinnerungsschmuck\/wp-json\/wp\/v2\/product_tag?post=1095"}],"curies":[{"name":"wp","href":"https:\/\/api.w.org\/{rel}","templated":true}]}}