{"id":1129,"date":"2025-04-18T07:39:22","date_gmt":"2025-04-18T05:39:22","guid":{"rendered":"https:\/\/www.regionalis.shop\/vilea-dna-erinnerungsschmuck\/product\/gravurplaettchen-gross\/"},"modified":"2025-04-18T07:39:22","modified_gmt":"2025-04-18T05:39:22","slug":"gravurplaettchen-gross","status":"publish","type":"product","link":"https:\/\/www.regionalis.shop\/vilea-dna-erinnerungsschmuck\/shop\/gravurplaettchen-gross\/","title":{"rendered":"Gravurpl\u00e4ttchen gro\u00df"},"content":{"rendered":"<p>Gravurpl\u00e4ttchen gro\u00df inklusive Gravur (Name &#038; Datum) wird f\u00fcr Sie<br \/>\nindividuell graviert.<br \/>\n&#8211;Artikelumfang:&#8211; nur das Gravurpl\u00e4ttchen<\/p>\n<p>&#8211;Gr\u00f6\u00dfe:&#8211; 12 x 14 mm<\/p>\n<p>&#8211;Farbe:&#8211; 925 Silber, 925 Rhodium, 925 (24k) Gold Beschichtung,<br \/>\n925 (28k) Rosegold Beschichtung,<br \/>\nGold filled, oder Rosegold filled 11mm.<\/p>\n<p>\/\/Nach dem Kauf melden wir uns bei Ihnen um die Farbe<br \/>\nund weitere Details zu kl\u00e4ren.\/\/<\/p>\n","protected":false},"excerpt":{"rendered":"<p>Gravurpl\u00e4ttchen gro\u00df inklusive Gravur (Name &#038; Datum) wird f\u00fcr Sie individuell graviert. &#8211;Artikelumfang:&#8211; nur das Gravurpl\u00e4ttchen &#8211;Gr\u00f6\u00dfe:&#8211; 12 x 14 mm &#8211;Farbe:&#8211; 925 Silber, 925 Rhodium, 925 (24k) Gold Beschichtung, 925 (28k) Rosegold Beschichtung, Gold filled, oder Rosegold filled 11mm. \/\/Nach dem Kauf melden wir uns bei Ihnen um die Farbe und weitere Details zu &hellip; <a href=\"https:\/\/www.regionalis.shop\/vilea-dna-erinnerungsschmuck\/shop\/gravurplaettchen-gross\/\">Continued<\/a><\/p>\n","protected":false},"featured_media":1130,"template":"","meta":{"_acf_changed":false},"product_brand":[],"product_cat":[108,70],"product_tag":[],"class_list":{"0":"post-1129","1":"product","2":"type-product","3":"status-publish","4":"has-post-thumbnail","6":"product_cat-anhaenger","7":"product_cat-schmuck","9":"first","10":"instock","11":"purchasable","12":"product-type-simple"},"acf":[],"_links":{"self":[{"href":"https:\/\/www.regionalis.shop\/vilea-dna-erinnerungsschmuck\/wp-json\/wp\/v2\/product\/1129","targetHints":{"allow":["GET"]}}],"collection":[{"href":"https:\/\/www.regionalis.shop\/vilea-dna-erinnerungsschmuck\/wp-json\/wp\/v2\/product"}],"about":[{"href":"https:\/\/www.regionalis.shop\/vilea-dna-erinnerungsschmuck\/wp-json\/wp\/v2\/types\/product"}],"wp:featuredmedia":[{"embeddable":true,"href":"https:\/\/www.regionalis.shop\/vilea-dna-erinnerungsschmuck\/wp-json\/wp\/v2\/media\/1130"}],"wp:attachment":[{"href":"https:\/\/www.regionalis.shop\/vilea-dna-erinnerungsschmuck\/wp-json\/wp\/v2\/media?parent=1129"}],"wp:term":[{"taxonomy":"product_brand","embeddable":true,"href":"https:\/\/www.regionalis.shop\/vilea-dna-erinnerungsschmuck\/wp-json\/wp\/v2\/product_brand?post=1129"},{"taxonomy":"product_cat","embeddable":true,"href":"https:\/\/www.regionalis.shop\/vilea-dna-erinnerungsschmuck\/wp-json\/wp\/v2\/product_cat?post=1129"},{"taxonomy":"product_tag","embeddable":true,"href":"https:\/\/www.regionalis.shop\/vilea-dna-erinnerungsschmuck\/wp-json\/wp\/v2\/product_tag?post=1129"}],"curies":[{"name":"wp","href":"https:\/\/api.w.org\/{rel}","templated":true}]}}