{"id":3,"date":"2023-10-31T09:02:46","date_gmt":"2023-10-31T09:02:46","guid":{"rendered":"https:\/\/stage.shop-it.at\/?page_id=3"},"modified":"2025-10-23T16:29:26","modified_gmt":"2025-10-23T14:29:26","slug":"datenschutzerklarung","status":"publish","type":"page","link":"https:\/\/www.regionalis.shop\/villa-erbse-bio-imkerei\/datenschutzerklarung\/","title":{"rendered":"Datenschutzerkl\u00e4rung"},"content":{"rendered":"<section>\n            <p>&#8211;Im Garten unseres Zuhauses, der Villa Erbse in Wien Mauer, wurde schon vor mehr als 60 Jahren geimkert. Als im Fr\u00fchjahr 2013 ein m\u00e4chtiger Bienenschwarm in unseren Keller einzog, war f\u00fcr Martin klar: Jetzt werde ich Imker! 2017 entschlossen wir uns gemeinsam aus dem Hobby ein Unternehmen zu machen: Martin wurde vom Barkeeper zum Beekeeper und Verena vom Honigschlecker zur Bienenmanagerin.&#8211;<\/p>\n<p>Neben den klassischen Imkereiprodukten wie Honig, Pollen, Propolis und Kerzen, bieten wir immer wieder neue, spannende Honigkreationen, die Abwechslung ins Honigregal bringen. Unser Cremehonig mit K\u00fcrbiskern &#038; Vanille, macht sich besonders gut auf einer ordentlichen Buttersemmel. Die ungew\u00f6hnliche Kombination Himbeer &#038; Thymian erfreut Klein und Gro\u00df mit ihrer Fruchtigkeit. Mit Orange &#038; Nelke vers\u00fc\u00dfen wir uns sowohl die Weihnachtszeit, als auch den Kaffee. F\u00fcr dunkles Brot eignet sich am Besten die pfeffrige Rose &#038; Pfeffer Mischung und Mohn &#038; Kirsche ist ein wahrer Superfood-Cocktail. So ist f\u00fcr jeden Geschmack, jede Jahreszeit und jede Laune die passende Honigkreation dabei.<\/p>\n<p>Bei unseren Rezepturen lassen wir uns sowohl von regionalen Spezialit\u00e4ten, als auch von exotischen Gew\u00fcrzen inspirieren. Dass wir dabei stets auf h\u00f6chste Bio-Qualit\u00e4t achten, versteht sich von selbst.<\/p>\n\n    <\/section>","protected":false},"excerpt":{"rendered":"","protected":false},"author":1,"featured_media":0,"parent":0,"menu_order":0,"comment_status":"closed","ping_status":"closed","template":"","meta":{"_acf_changed":false,"footnotes":""},"class_list":["post-3","page","type-page","status-publish","hentry"],"acf":[],"_links":{"self":[{"href":"https:\/\/www.regionalis.shop\/villa-erbse-bio-imkerei\/wp-json\/wp\/v2\/pages\/3","targetHints":{"allow":["GET"]}}],"collection":[{"href":"https:\/\/www.regionalis.shop\/villa-erbse-bio-imkerei\/wp-json\/wp\/v2\/pages"}],"about":[{"href":"https:\/\/www.regionalis.shop\/villa-erbse-bio-imkerei\/wp-json\/wp\/v2\/types\/page"}],"author":[{"embeddable":true,"href":"https:\/\/www.regionalis.shop\/villa-erbse-bio-imkerei\/wp-json\/wp\/v2\/users\/1"}],"replies":[{"embeddable":true,"href":"https:\/\/www.regionalis.shop\/villa-erbse-bio-imkerei\/wp-json\/wp\/v2\/comments?post=3"}],"version-history":[{"count":4,"href":"https:\/\/www.regionalis.shop\/villa-erbse-bio-imkerei\/wp-json\/wp\/v2\/pages\/3\/revisions"}],"predecessor-version":[{"id":1047,"href":"https:\/\/www.regionalis.shop\/villa-erbse-bio-imkerei\/wp-json\/wp\/v2\/pages\/3\/revisions\/1047"}],"wp:attachment":[{"href":"https:\/\/www.regionalis.shop\/villa-erbse-bio-imkerei\/wp-json\/wp\/v2\/media?parent=3"}],"curies":[{"name":"wp","href":"https:\/\/api.w.org\/{rel}","templated":true}]}}